{"id":20048,"date":"2024-03-14T14:07:48","date_gmt":"2024-03-14T12:07:48","guid":{"rendered":"http:\/\/labostera.lt\/?post_type=product&#038;p=20048"},"modified":"2024-10-18T15:20:43","modified_gmt":"2024-10-18T12:20:43","slug":"pogimdyminio-siuvimo-treniruoklis-erler-zimmer-postpartum-suturing-trainer","status":"publish","type":"product","link":"https:\/\/labostera.lt\/lv\/priemones-ir-iranga\/mokymo-priemones-ir-iranga\/modeliai-manekenai-muliazai\/pogimdyminio-siuvimo-treniruoklis-erler-zimmer-postpartum-suturing-trainer\/","title":{"rendered":"Erler-Zimmer p\u0113cdzemd\u012bbu \u0161\u016b\u0161anas trena\u017eieris"},"content":{"rendered":"<h2><strong>Erler-Zimmer GmbH &amp; Co. KG p\u0113cdzemd\u012bbu \u0161uvju trena\u017eieris<\/strong>:<\/h2>\n<ul>\n<li>Modelis: R17840C<\/li>\n<li>Ide\u0101ls apm\u0101c\u012bbas r\u012bks kl\u012bnisk\u0101s pieredzes simul\u0113\u0161anai.<\/li>\n<\/ul>\n<h3>P\u0113cdzemd\u012bbu \u0161\u016b\u0161anas trena\u017eiera funkcijas:<\/h3>\n<ul>\n<li>Imit\u0113 p\u0113cdzemd\u012bbu \u0161\u016b\u0161anas proced\u016bras<\/li>\n<li>Var lietot ar modeli R17840<\/li>\n<\/ul>\n<h3>P\u0113cdzemd\u012bbu \u0161\u016b\u0161anas apavi \u2013 <a href=\"http:\/\/labostera.lt\/lv\/product-brand\/erler-zimmer-gmbh-co-kg\/\">Erlera-Zimmera anatomijas grupa<\/a><\/h3>\n<p>Vair\u0101k inform\u0101cijas: <a href=\"https:\/\/erler-zimmer.de\/shop\/en\/10217\" target=\"_blank\" rel=\"noopener nofollow\">ra\u017eot\u0101ja t\u012bmek\u013ca vietn\u0113<\/a> vai nos\u016btiet mums piepras\u012bjumu!<\/p>","protected":false},"excerpt":{"rendered":"<p>Erler-Zimmer p\u0113cdzemd\u012bbu \u0161uvju trena\u017eieris ir ide\u0101ls apm\u0101c\u012bbas r\u012bks kl\u012bnisk\u0101s pieredzes simul\u0113\u0161anai.<\/p>","protected":false},"featured_media":20049,"template":"","meta":[],"product_cat":[75,79],"product_tag":[692,831,832,829,830,577,690,854,833,490],"class_list":{"0":"post-20048","1":"product","2":"type-product","3":"status-publish","4":"has-post-thumbnail","6":"product_brand-erler-zimmer-gmbh-co-kg","7":"product_cat-modeliai-manekenai-muliazai","8":"product_cat-mokymo-priemones-ir-iranga","9":"product_tag-erler-zimmer-gmbh-co-kg","10":"product_tag-medical-models","11":"product_tag-medical-simulators","12":"product_tag-medicininiai-modeliai","13":"product_tag-medicininiai-simuliatoriai","14":"product_tag-modeliai","15":"product_tag-models","16":"product_tag-pogimdyminio-siuvimo-treniruokliai","17":"product_tag-simulatoriai","18":"product_tag-simulators","20":"first","21":"onbackorder","22":"shipping-taxable","23":"purchasable","24":"product-type-simple"},"_links":{"self":[{"href":"https:\/\/labostera.lt\/lv\/wp-json\/wp\/v2\/product\/20048","targetHints":{"allow":["GET"]}}],"collection":[{"href":"https:\/\/labostera.lt\/lv\/wp-json\/wp\/v2\/product"}],"about":[{"href":"https:\/\/labostera.lt\/lv\/wp-json\/wp\/v2\/types\/product"}],"wp:featuredmedia":[{"embeddable":true,"href":"https:\/\/labostera.lt\/lv\/wp-json\/wp\/v2\/media\/20049"}],"wp:attachment":[{"href":"https:\/\/labostera.lt\/lv\/wp-json\/wp\/v2\/media?parent=20048"}],"wp:term":[{"taxonomy":"product_cat","embeddable":true,"href":"https:\/\/labostera.lt\/lv\/wp-json\/wp\/v2\/product_cat?post=20048"},{"taxonomy":"product_tag","embeddable":true,"href":"https:\/\/labostera.lt\/lv\/wp-json\/wp\/v2\/product_tag?post=20048"}],"curies":[{"name":"wp","href":"https:\/\/api.w.org\/{rel}","templated":true}]}}