{"id":20046,"date":"2024-03-14T13:46:45","date_gmt":"2024-03-14T11:46:45","guid":{"rendered":"http:\/\/labostera.lt\/?post_type=product&#038;p=20046"},"modified":"2024-10-18T15:20:44","modified_gmt":"2024-10-18T12:20:44","slug":"artikuliuojantis-naujagimis-leopoldo-manevrams-erler-zimmer-articulating-newborn-for-leopold-maneuvers","status":"publish","type":"product","link":"https:\/\/labostera.lt\/lv\/priemones-ir-iranga\/mokymo-priemones-ir-iranga\/modeliai-manekenai-muliazai\/artikuliuojantis-naujagimis-leopoldo-manevrams-erler-zimmer-articulating-newborn-for-leopold-maneuvers\/","title":{"rendered":"Erler-Zimmer artikul\u0113jo\u0161s jaundzimu\u0161ais Leopolda manevriem"},"content":{"rendered":"<h2><strong>Erler-Zimmer GmbH &amp; Co. KG jaundzimu\u0161\u0101 Leopolda manevru formul\u0113\u0161ana<\/strong>:<\/h2>\n<ul>\n<li>Modelis: R17840B<\/li>\n<li>Apm\u0101c\u012bbas r\u012bks, kas atveido re\u0101las dzemd\u012bbu situ\u0101cijas.<\/li>\n<\/ul>\n<h3>Artikul\u0113jo\u0161a jaundzimu\u0161\u0101 iez\u012bmes:<\/h3>\n<ul>\n<li>Re\u0101l\u0101s dz\u012bves dzemd\u012bbu simul\u0101cijas apm\u0101c\u012bbas r\u012bks<\/li>\n<li>Var lietot ar modeli R17840<\/li>\n<\/ul>\n<h3>Jaundzimu\u0161o artikul\u0113\u0161ana Leopolda manevriem \u2013 <a href=\"http:\/\/labostera.lt\/lv\/product-brand\/erler-zimmer-gmbh-co-kg\/\">Erlera-Zimmera anatomijas grupa<\/a><\/h3>\n<p>Vair\u0101k inform\u0101cijas: <a href=\"https:\/\/erler-zimmer.de\/shop\/en\/10216\" target=\"_blank\" rel=\"noopener nofollow\">ra\u017eot\u0101ja t\u012bmek\u013ca vietn\u0113<\/a> vai nos\u016btiet mums piepras\u012bjumu!<\/p>","protected":false},"excerpt":{"rendered":"<p>Erlera-Zimmera jaundzimu\u0161\u0101 artikul\u0101cijas tehnika Leopolda manevriem ir apm\u0101c\u012bbas r\u012bks, kas atveido re\u0101lu dzemd\u012bbu situ\u0101ciju.<\/p>","protected":false},"featured_media":20047,"template":"","meta":[],"product_cat":[75,79],"product_tag":[853,692,831,832,829,830,577,690,833,490],"class_list":{"0":"post-20046","1":"product","2":"type-product","3":"status-publish","4":"has-post-thumbnail","6":"product_brand-erler-zimmer-gmbh-co-kg","7":"product_cat-modeliai-manekenai-muliazai","8":"product_cat-mokymo-priemones-ir-iranga","9":"product_tag-artikuliuojantys-naujagimiai-leopoldo-manevrams","10":"product_tag-erler-zimmer-gmbh-co-kg","11":"product_tag-medical-models","12":"product_tag-medical-simulators","13":"product_tag-medicininiai-modeliai","14":"product_tag-medicininiai-simuliatoriai","15":"product_tag-modeliai","16":"product_tag-models","17":"product_tag-simulatoriai","18":"product_tag-simulators","20":"first","21":"onbackorder","22":"shipping-taxable","23":"purchasable","24":"product-type-simple"},"_links":{"self":[{"href":"https:\/\/labostera.lt\/lv\/wp-json\/wp\/v2\/product\/20046","targetHints":{"allow":["GET"]}}],"collection":[{"href":"https:\/\/labostera.lt\/lv\/wp-json\/wp\/v2\/product"}],"about":[{"href":"https:\/\/labostera.lt\/lv\/wp-json\/wp\/v2\/types\/product"}],"wp:featuredmedia":[{"embeddable":true,"href":"https:\/\/labostera.lt\/lv\/wp-json\/wp\/v2\/media\/20047"}],"wp:attachment":[{"href":"https:\/\/labostera.lt\/lv\/wp-json\/wp\/v2\/media?parent=20046"}],"wp:term":[{"taxonomy":"product_cat","embeddable":true,"href":"https:\/\/labostera.lt\/lv\/wp-json\/wp\/v2\/product_cat?post=20046"},{"taxonomy":"product_tag","embeddable":true,"href":"https:\/\/labostera.lt\/lv\/wp-json\/wp\/v2\/product_tag?post=20046"}],"curies":[{"name":"wp","href":"https:\/\/api.w.org\/{rel}","templated":true}]}}