{"id":20043,"date":"2024-03-14T13:25:04","date_gmt":"2024-03-14T11:25:04","guid":{"rendered":"http:\/\/labostera.lt\/?post_type=product&#038;p=20043"},"modified":"2024-10-18T15:20:45","modified_gmt":"2024-10-18T12:20:45","slug":"palpacijos-modulis-leopoldo-manevrams-erler-zimmer-palpation-module-for-leopold-maneuvers","status":"publish","type":"product","link":"https:\/\/labostera.lt\/lv\/priemones-ir-iranga\/mokymo-priemones-ir-iranga\/modeliai-manekenai-muliazai\/palpacijos-modulis-leopoldo-manevrams-erler-zimmer-palpation-module-for-leopold-maneuvers\/","title":{"rendered":"Palp\u0101cijas modulis Leopolda manevriem Erlera-Cimmera palp\u0101cijas modulis Leopolda manevriem"},"content":{"rendered":"<h2><strong>\u201eErler-Zimmer GmbH &amp; Co. KG palp\u0101cijas modulis Leopolda manevriem<\/strong>:<\/h2>\n<ul>\n<li>Modelis: R17840A<\/li>\n<li>Apm\u0101c\u012bbas r\u012bks, kas simul\u0113 re\u0101las dzemd\u012bbu situ\u0101cijas.<\/li>\n<\/ul>\n<h3>Palp\u0101cijas modu\u013ca funkcijas:<\/h3>\n<ul>\n<li>Prec\u012bza Leopolda manevru palp\u0101cija<\/li>\n<li>Var lietot ar modeli R17840<\/li>\n<\/ul>\n<h3>Palp\u0101cijas modu\u013ci Leopolda manevriem \u2013 <a href=\"http:\/\/labostera.lt\/lv\/product-brand\/erler-zimmer-gmbh-co-kg\/\">Erlera-Zimmera anatomijas grupa<\/a><\/h3>\n<p>Vair\u0101k inform\u0101cijas: <a href=\"https:\/\/erler-zimmer.de\/shop\/en\/10215\" target=\"_blank\" rel=\"noopener nofollow\">ra\u017eot\u0101ja t\u012bmek\u013ca vietn\u0113<\/a> vai nos\u016btiet mums piepras\u012bjumu!<\/p>","protected":false},"excerpt":{"rendered":"<p>Erlera-Cimmera palp\u0101cijas modulis Leopolda manevriem \u2013 apm\u0101c\u012bbas r\u012bks, kas simul\u0113 re\u0101las dzemd\u012bbu situ\u0101cijas.<\/p>","protected":false},"featured_media":20044,"template":"","meta":[],"product_cat":[75,79],"product_tag":[692,831,832,829,830,577,690,852,833,490],"class_list":{"0":"post-20043","1":"product","2":"type-product","3":"status-publish","4":"has-post-thumbnail","6":"product_brand-erler-zimmer-gmbh-co-kg","7":"product_cat-modeliai-manekenai-muliazai","8":"product_cat-mokymo-priemones-ir-iranga","9":"product_tag-erler-zimmer-gmbh-co-kg","10":"product_tag-medical-models","11":"product_tag-medical-simulators","12":"product_tag-medicininiai-modeliai","13":"product_tag-medicininiai-simuliatoriai","14":"product_tag-modeliai","15":"product_tag-models","16":"product_tag-palpacijos-moduliai-leopoldo-manevrams","17":"product_tag-simulatoriai","18":"product_tag-simulators","20":"first","21":"onbackorder","22":"shipping-taxable","23":"purchasable","24":"product-type-simple"},"_links":{"self":[{"href":"https:\/\/labostera.lt\/lv\/wp-json\/wp\/v2\/product\/20043","targetHints":{"allow":["GET"]}}],"collection":[{"href":"https:\/\/labostera.lt\/lv\/wp-json\/wp\/v2\/product"}],"about":[{"href":"https:\/\/labostera.lt\/lv\/wp-json\/wp\/v2\/types\/product"}],"wp:featuredmedia":[{"embeddable":true,"href":"https:\/\/labostera.lt\/lv\/wp-json\/wp\/v2\/media\/20044"}],"wp:attachment":[{"href":"https:\/\/labostera.lt\/lv\/wp-json\/wp\/v2\/media?parent=20043"}],"wp:term":[{"taxonomy":"product_cat","embeddable":true,"href":"https:\/\/labostera.lt\/lv\/wp-json\/wp\/v2\/product_cat?post=20043"},{"taxonomy":"product_tag","embeddable":true,"href":"https:\/\/labostera.lt\/lv\/wp-json\/wp\/v2\/product_tag?post=20043"}],"curies":[{"name":"wp","href":"https:\/\/api.w.org\/{rel}","templated":true}]}}