{"id":20039,"date":"2024-03-14T11:26:07","date_gmt":"2024-03-14T09:26:07","guid":{"rendered":"http:\/\/labostera.lt\/?post_type=product&#038;p=20039"},"modified":"2024-10-18T15:20:47","modified_gmt":"2024-10-18T12:20:47","slug":"gimdymo-simuliatorius-su-padeties-nustatymo-parinktimi-erler-zimmer-birthing-simulator-with-positioning-option","status":"publish","type":"product","link":"https:\/\/labostera.lt\/lv\/priemones-ir-iranga\/mokymo-priemones-ir-iranga\/modeliai-manekenai-muliazai\/gimdymo-simuliatorius-su-padeties-nustatymo-parinktimi-erler-zimmer-birthing-simulator-with-positioning-option\/","title":{"rendered":"Erlera-Zimmera dzemd\u012bbu simulators ar pozicion\u0113\u0161anas iesp\u0113ju"},"content":{"rendered":"<h2><strong>Erler-Zimmer GmbH &amp; Co. KG dzemd\u012bbu simulators ar pozicion\u0113\u0161anas iesp\u0113ju<\/strong>:<\/h2>\n<ul>\n<li>Modelis: LM114<\/li>\n<li>Dzemd\u012bbu modelis norm\u0101l\u0101m dzemd\u012bb\u0101m, dzemd\u012bb\u0101m uz s\u0101niem un dzemd\u012bb\u0101m uz \u010detr\u0101m k\u0101j\u0101m.<\/li>\n<li>\u013bauj praktiz\u0113t da\u017e\u0101das dzemdniec\u012bbas tehnikas, piem\u0113ram, starpenes aizsardz\u012bbu un jaundzimu\u0161\u0101 un placentas nov\u0113rt\u0113\u0161anu.<\/li>\n<\/ul>\n<h3>Dzemd\u012bbu simulatora ar pozicion\u0113\u0161anas iesp\u0113ju funkcijas:<\/h3>\n<ul>\n<li>Dzemd\u012bbu modelis norm\u0101l\u0101m dzemd\u012bb\u0101m, dzemd\u012bb\u0101m uz s\u0101niem un dzemd\u012bb\u0101m uz \u010detr\u0101m k\u0101j\u0101m.<\/li>\n<li>K\u0101jas (atdal\u0101mas) nodro\u0161ina gandr\u012bz kl\u012bnisku vidi.<\/li>\n<li>Embrija modelis var rad\u012bt dzemdes kakla papla\u0161in\u0101\u0161anos. Tas \u013cauj praktiz\u0113t tehnikas ar vakuuma kr\u016bz\u012bt\u0113m vai pincet\u0113m.<\/li>\n<li>Placentai var izmantot jostas punkciju un jostas punkciju.<\/li>\n<li>Var simul\u0113t viduk\u013ca apt\u012b\u0161anas situ\u0101ciju.<\/li>\n<\/ul>\n<h3>Dzemd\u012bbu simulatori ar pozicion\u0113\u0161anas iesp\u0113ju \u2013 <a href=\"http:\/\/labostera.lt\/lv\/product-brand\/erler-zimmer-gmbh-co-kg\/\">Erlera-Zimmera anatomijas grupa<\/a><\/h3>\n<p>Vair\u0101k inform\u0101cijas: <a href=\"https:\/\/erler-zimmer.de\/shop\/en\/11108\" target=\"_blank\" rel=\"noopener nofollow\">ra\u017eot\u0101ja t\u012bmek\u013ca vietn\u0113<\/a> vai nos\u016btiet mums piepras\u012bjumu!<\/p>","protected":false},"excerpt":{"rendered":"<p>Erler-Zimmer dzemd\u012bbu simulators ar pozicion\u0113\u0161anas iesp\u0113ju \u2013 vingrojumu r\u012bks dzemd\u012bbu laik\u0101.<\/p>","protected":false},"featured_media":20040,"template":"","meta":[],"product_cat":[75,79],"product_tag":[692,850,831,832,829,830,577,690,833,490],"class_list":{"0":"post-20039","1":"product","2":"type-product","3":"status-publish","4":"has-post-thumbnail","6":"product_brand-erler-zimmer-gmbh-co-kg","7":"product_cat-modeliai-manekenai-muliazai","8":"product_cat-mokymo-priemones-ir-iranga","9":"product_tag-erler-zimmer-gmbh-co-kg","10":"product_tag-gimdymo-simuliatoriai-su-padeties-nustatymo-parinktimi","11":"product_tag-medical-models","12":"product_tag-medical-simulators","13":"product_tag-medicininiai-modeliai","14":"product_tag-medicininiai-simuliatoriai","15":"product_tag-modeliai","16":"product_tag-models","17":"product_tag-simulatoriai","18":"product_tag-simulators","20":"first","21":"onbackorder","22":"shipping-taxable","23":"purchasable","24":"product-type-simple"},"_links":{"self":[{"href":"https:\/\/labostera.lt\/lv\/wp-json\/wp\/v2\/product\/20039","targetHints":{"allow":["GET"]}}],"collection":[{"href":"https:\/\/labostera.lt\/lv\/wp-json\/wp\/v2\/product"}],"about":[{"href":"https:\/\/labostera.lt\/lv\/wp-json\/wp\/v2\/types\/product"}],"wp:featuredmedia":[{"embeddable":true,"href":"https:\/\/labostera.lt\/lv\/wp-json\/wp\/v2\/media\/20040"}],"wp:attachment":[{"href":"https:\/\/labostera.lt\/lv\/wp-json\/wp\/v2\/media?parent=20039"}],"wp:term":[{"taxonomy":"product_cat","embeddable":true,"href":"https:\/\/labostera.lt\/lv\/wp-json\/wp\/v2\/product_cat?post=20039"},{"taxonomy":"product_tag","embeddable":true,"href":"https:\/\/labostera.lt\/lv\/wp-json\/wp\/v2\/product_tag?post=20039"}],"curies":[{"name":"wp","href":"https:\/\/api.w.org\/{rel}","templated":true}]}}