{"id":20037,"date":"2024-03-14T10:38:11","date_gmt":"2024-03-14T08:38:11","guid":{"rendered":"http:\/\/labostera.lt\/?post_type=product&#038;p=20037"},"modified":"2024-10-18T15:20:48","modified_gmt":"2024-10-18T12:20:48","slug":"simuliavimo-moduliams-tinkanti-apatine-liemens-dalis-erler-zimmer-matching-lower-torso-for-simulation-modules","status":"publish","type":"product","link":"https:\/\/labostera.lt\/lv\/priemones-ir-iranga\/mokymo-priemones-ir-iranga\/modeliai-manekenai-muliazai\/simuliavimo-moduliams-tinkanti-apatine-liemens-dalis-erler-zimmer-matching-lower-torso-for-simulation-modules\/","title":{"rendered":"Erlera-Zimmera atbilsto\u0161\u0101 apak\u0161\u0113j\u0101 rumpja da\u013ca simul\u0101cijas modu\u013ciem"},"content":{"rendered":"<h2><strong>Apak\u0161\u0113j\u0101 \u0137erme\u0146a da\u013ca ir piem\u0113rota Erler-Zimmer GmbH &amp; Co. KG simul\u0101cijas modu\u013ciem<\/strong>:<\/h2>\n<ul>\n<li>Modelis: LM101F<\/li>\n<li>Sader\u012bga \u0137erme\u0146a apak\u0161da\u013ca simul\u0101cijas modu\u013ciem LM101F un LM635.<\/li>\n<\/ul>\n<h3>Simul\u0101cijas modu\u013ciem piem\u0113rotas \u0137erme\u0146a apak\u0161da\u013cas \u2013 <a href=\"http:\/\/labostera.lt\/lv\/product-brand\/erler-zimmer-gmbh-co-kg\/\">Erlera-Zimmera anatomijas grupa<\/a><\/h3>\n<p>Vair\u0101k inform\u0101cijas: <a href=\"https:\/\/erler-zimmer.de\/shop\/en\/9670\" target=\"_blank\" rel=\"noopener nofollow\">ra\u017eot\u0101ja t\u012bmek\u013ca vietn\u0113<\/a> vai nos\u016btiet mums piepras\u012bjumu!<\/p>","protected":false},"excerpt":{"rendered":"<p>Erlera-Zimmera simul\u0101cijas modulis \u2014 piem\u0113rots rumpja apak\u0161da\u013cai \u2014 sader\u012bgs ar LM101F un LM635 modu\u013ciem.<\/p>","protected":false},"featured_media":20038,"template":"","meta":[],"product_cat":[75,79],"product_tag":[692,831,832,829,830,577,690,833,490,849],"class_list":{"0":"post-20037","1":"product","2":"type-product","3":"status-publish","4":"has-post-thumbnail","6":"product_brand-erler-zimmer-gmbh-co-kg","7":"product_cat-modeliai-manekenai-muliazai","8":"product_cat-mokymo-priemones-ir-iranga","9":"product_tag-erler-zimmer-gmbh-co-kg","10":"product_tag-medical-models","11":"product_tag-medical-simulators","12":"product_tag-medicininiai-modeliai","13":"product_tag-medicininiai-simuliatoriai","14":"product_tag-modeliai","15":"product_tag-models","16":"product_tag-simulatoriai","17":"product_tag-simulators","18":"product_tag-simuliavimo-moduliams-tinkantys-apatines-liemens-dalys","20":"first","21":"onbackorder","22":"shipping-taxable","23":"purchasable","24":"product-type-simple"},"_links":{"self":[{"href":"https:\/\/labostera.lt\/lv\/wp-json\/wp\/v2\/product\/20037","targetHints":{"allow":["GET"]}}],"collection":[{"href":"https:\/\/labostera.lt\/lv\/wp-json\/wp\/v2\/product"}],"about":[{"href":"https:\/\/labostera.lt\/lv\/wp-json\/wp\/v2\/types\/product"}],"wp:featuredmedia":[{"embeddable":true,"href":"https:\/\/labostera.lt\/lv\/wp-json\/wp\/v2\/media\/20038"}],"wp:attachment":[{"href":"https:\/\/labostera.lt\/lv\/wp-json\/wp\/v2\/media?parent=20037"}],"wp:term":[{"taxonomy":"product_cat","embeddable":true,"href":"https:\/\/labostera.lt\/lv\/wp-json\/wp\/v2\/product_cat?post=20037"},{"taxonomy":"product_tag","embeddable":true,"href":"https:\/\/labostera.lt\/lv\/wp-json\/wp\/v2\/product_tag?post=20037"}],"curies":[{"name":"wp","href":"https:\/\/api.w.org\/{rel}","templated":true}]}}