{"id":20035,"date":"2024-03-14T10:05:55","date_gmt":"2024-03-14T08:05:55","guid":{"rendered":"http:\/\/labostera.lt\/?post_type=product&#038;p=20035"},"modified":"2024-10-18T15:20:49","modified_gmt":"2024-10-18T12:20:49","slug":"gimdymo-stadiju-tyrimo-modulis-erler-zimmer-birth-stages-examination-module","status":"publish","type":"product","link":"https:\/\/labostera.lt\/lv\/priemones-ir-iranga\/mokymo-priemones-ir-iranga\/modeliai-manekenai-muliazai\/gimdymo-stadiju-tyrimo-modulis-erler-zimmer-birth-stages-examination-module\/","title":{"rendered":"Erlera-Zimmera dzim\u0161anas stadiju p\u0101rbaudes modulis"},"content":{"rendered":"<h2><strong>Erler-Zimmer GmbH &amp; Co. KG Darba stadiju studiju modulis<\/strong>:<\/h2>\n<ul>\n<li>Modelis: LM101F<\/li>\n<li>Modelis ir paredz\u0113ts LM101B uzlabo\u0161anai. Izmanto, lai noteiktu Bishop rezult\u0101tu. \u0160im modulim ir tr\u012bs da\u017e\u0101das dzemdes kakla stadijas un aug\u013ca galva, kas var atrasties da\u017e\u0101d\u0101s poz\u012bcij\u0101s. Galvaskausa \u0161uves un fontanelles tiek palp\u0113tas. Var izmantot ar\u012b k\u0101 atsevi\u0161\u0137u modeli ar papildus pieejamu \u0137erme\u0146a apak\u0161da\u013cu. Modelis ir izgatavots no jauna, \u013coti elast\u012bga un iztur\u012bga materi\u0101la.<\/li>\n<\/ul>\n<h3>Dzemd\u012bbu stadiju izp\u0113tes modu\u013ca iez\u012bmes:<\/h3>\n<ul>\n<li>Tr\u012bs da\u017e\u0101di dzemdes kakla posmi<\/li>\n<li>Aug\u013ca galva ar sp\u0113ju main\u012bt poz\u012bciju<\/li>\n<li>Galvaskausa \u0161uves un avoti\u0146i tiek palp\u0113ti<\/li>\n<li>Var izmantot k\u0101 atsevi\u0161\u0137u modeli vai ar papildu pieejamu apak\u0161\u0113jo \u0137erme\u0146a da\u013cu<\/li>\n<li>Izgatavots no jauna, elast\u012bga un iztur\u012bga materi\u0101la<\/li>\n<\/ul>\n<h3>Dzim\u0161anas stadiju studiju modu\u013ci \u2013 <a href=\"http:\/\/labostera.lt\/lv\/product-brand\/erler-zimmer-gmbh-co-kg\/\">Erlera-Zimmera anatomijas grupa<\/a><\/h3>\n<p>Vair\u0101k inform\u0101cijas: <a href=\"https:\/\/erler-zimmer.de\/shop\/en\/9635\" target=\"_blank\" rel=\"noopener nofollow\">ra\u017eot\u0101ja t\u012bmek\u013ca vietn\u0113<\/a> vai nos\u016btiet mums piepras\u012bjumu!<\/p>","protected":false},"excerpt":{"rendered":"<p>Erlera-Zimmera dzemd\u012bbu stadiju p\u0101rbaudes modulis \u2013 r\u012bks Bi\u0161opa skalas noteik\u0161anai un oln\u012bcu izmekl\u0113\u0161anai.<\/p>","protected":false},"featured_media":20036,"template":"","meta":[],"product_cat":[75,79],"product_tag":[692,848,831,832,829,830,577,690,833,490],"class_list":{"0":"post-20035","1":"product","2":"type-product","3":"status-publish","4":"has-post-thumbnail","6":"product_brand-erler-zimmer-gmbh-co-kg","7":"product_cat-modeliai-manekenai-muliazai","8":"product_cat-mokymo-priemones-ir-iranga","9":"product_tag-erler-zimmer-gmbh-co-kg","10":"product_tag-gimdymo-stadiju-tyrimo-moduliai","11":"product_tag-medical-models","12":"product_tag-medical-simulators","13":"product_tag-medicininiai-modeliai","14":"product_tag-medicininiai-simuliatoriai","15":"product_tag-modeliai","16":"product_tag-models","17":"product_tag-simulatoriai","18":"product_tag-simulators","20":"first","21":"onbackorder","22":"shipping-taxable","23":"purchasable","24":"product-type-simple"},"_links":{"self":[{"href":"https:\/\/labostera.lt\/lv\/wp-json\/wp\/v2\/product\/20035","targetHints":{"allow":["GET"]}}],"collection":[{"href":"https:\/\/labostera.lt\/lv\/wp-json\/wp\/v2\/product"}],"about":[{"href":"https:\/\/labostera.lt\/lv\/wp-json\/wp\/v2\/types\/product"}],"wp:featuredmedia":[{"embeddable":true,"href":"https:\/\/labostera.lt\/lv\/wp-json\/wp\/v2\/media\/20036"}],"wp:attachment":[{"href":"https:\/\/labostera.lt\/lv\/wp-json\/wp\/v2\/media?parent=20035"}],"wp:term":[{"taxonomy":"product_cat","embeddable":true,"href":"https:\/\/labostera.lt\/lv\/wp-json\/wp\/v2\/product_cat?post=20035"},{"taxonomy":"product_tag","embeddable":true,"href":"https:\/\/labostera.lt\/lv\/wp-json\/wp\/v2\/product_tag?post=20035"}],"curies":[{"name":"wp","href":"https:\/\/api.w.org\/{rel}","templated":true}]}}