{"id":20032,"date":"2024-03-14T09:12:16","date_gmt":"2024-03-14T07:12:16","guid":{"rendered":"http:\/\/labostera.lt\/?post_type=product&#038;p=20032"},"modified":"2024-10-18T15:20:51","modified_gmt":"2024-10-18T12:20:51","slug":"pogimdyminio-epiziotomijos-siuvimo-treniruoklis-erler-zimmer-postpartum-episiotomy-suture-trainer","status":"publish","type":"product","link":"https:\/\/labostera.lt\/lv\/priemones-ir-iranga\/mokymo-priemones-ir-iranga\/modeliai-manekenai-muliazai\/pogimdyminio-epiziotomijos-siuvimo-treniruoklis-erler-zimmer-postpartum-episiotomy-suture-trainer\/","title":{"rendered":"Erler-Zimmer p\u0113cdzemd\u012bbu epiziotomijas \u0161uvju trena\u017eieris"},"content":{"rendered":"<h2><strong>\u201eErler-Zimmer GmbH &amp; Co. KG P\u0113cdzemd\u012bbu epiziotomijas \u0161\u016b\u0161anas trena\u017eieris<\/strong>:<\/h2>\n<ul>\n<li>Modelis: R17860-2<\/li>\n<li>P\u0113cdzemd\u012bbu epiziotomijas \u0161\u016b\u0161anas trena\u017eieri imit\u0113 cilv\u0113ka audus un atbalsta \u012bstu \u0161uvju un instrumentu izmanto\u0161anu.<\/li>\n<\/ul>\n<p>Piederums ir paredz\u0113ts modelim R17860.<\/p>\n<h3>P\u0113cdzemd\u012bbu epiziotomijas \u0161\u016b\u0161anas trena\u017eiera funkcijas:<\/h3>\n<ul>\n<li>Re\u0101listiska, maiga \u0101da<\/li>\n<li>Atbalsta \u012bst\u0101s \u0161uves<\/li>\n<li>Ilgsto\u0161a \u0101das atjauno\u0161ana<\/li>\n<\/ul>\n<h3>P\u0113cdzemd\u012bbu epiziotomijas \u0161\u016b\u0161anas trena\u017eieri \u2013 <a href=\"http:\/\/labostera.lt\/lv\/product-brand\/erler-zimmer-gmbh-co-kg\/\">Erlera-Zimmera anatomijas grupa<\/a><\/h3>\n<p>Vair\u0101k inform\u0101cijas: <a href=\"https:\/\/erler-zimmer.de\/shop\/en\/10224\" target=\"_blank\" rel=\"noopener nofollow\">ra\u017eot\u0101ja t\u012bmek\u013ca vietn\u0113<\/a> vai nos\u016btiet mums piepras\u012bjumu!<\/p>","protected":false},"excerpt":{"rendered":"<p>Erler-Zimmer p\u0113cdzemd\u012bbu epiziotomijas \u0161uvju trena\u017eieris \u2013 re\u0101listisks treni\u0146u r\u012bks ar \u012bstu \u0101du un \u0161uv\u0113m.<\/p>","protected":false},"featured_media":20034,"template":"","meta":[],"product_cat":[75,79],"product_tag":[692,831,832,829,830,577,690,847,833,490],"class_list":{"0":"post-20032","1":"product","2":"type-product","3":"status-publish","4":"has-post-thumbnail","6":"product_brand-erler-zimmer-gmbh-co-kg","7":"product_cat-modeliai-manekenai-muliazai","8":"product_cat-mokymo-priemones-ir-iranga","9":"product_tag-erler-zimmer-gmbh-co-kg","10":"product_tag-medical-models","11":"product_tag-medical-simulators","12":"product_tag-medicininiai-modeliai","13":"product_tag-medicininiai-simuliatoriai","14":"product_tag-modeliai","15":"product_tag-models","16":"product_tag-pogimdyminio-epiziotomijos-siuvimo-treniruokliai","17":"product_tag-simulatoriai","18":"product_tag-simulators","20":"first","21":"onbackorder","22":"shipping-taxable","23":"purchasable","24":"product-type-simple"},"_links":{"self":[{"href":"https:\/\/labostera.lt\/lv\/wp-json\/wp\/v2\/product\/20032","targetHints":{"allow":["GET"]}}],"collection":[{"href":"https:\/\/labostera.lt\/lv\/wp-json\/wp\/v2\/product"}],"about":[{"href":"https:\/\/labostera.lt\/lv\/wp-json\/wp\/v2\/types\/product"}],"wp:featuredmedia":[{"embeddable":true,"href":"https:\/\/labostera.lt\/lv\/wp-json\/wp\/v2\/media\/20034"}],"wp:attachment":[{"href":"https:\/\/labostera.lt\/lv\/wp-json\/wp\/v2\/media?parent=20032"}],"wp:term":[{"taxonomy":"product_cat","embeddable":true,"href":"https:\/\/labostera.lt\/lv\/wp-json\/wp\/v2\/product_cat?post=20032"},{"taxonomy":"product_tag","embeddable":true,"href":"https:\/\/labostera.lt\/lv\/wp-json\/wp\/v2\/product_tag?post=20032"}],"curies":[{"name":"wp","href":"https:\/\/api.w.org\/{rel}","templated":true}]}}