{"id":20030,"date":"2024-03-13T17:12:08","date_gmt":"2024-03-13T15:12:08","guid":{"rendered":"http:\/\/labostera.lt\/?post_type=product&#038;p=20030"},"modified":"2024-10-18T15:20:52","modified_gmt":"2024-10-18T12:20:52","slug":"pogimdyminio-kraujavimo-valdymo-paketas-erler-zimmer-postpartum-hemorrhage-management-package","status":"publish","type":"product","link":"https:\/\/labostera.lt\/lv\/priemones-ir-iranga\/mokymo-priemones-ir-iranga\/modeliai-manekenai-muliazai\/pogimdyminio-kraujavimo-valdymo-paketas-erler-zimmer-postpartum-hemorrhage-management-package\/","title":{"rendered":"Erler-Zimmer p\u0113cdzemd\u012bbu asi\u0146o\u0161anas p\u0101rvald\u012bbas pakete"},"content":{"rendered":"<h2><strong>Erler-Zimmer GmbH &amp; Co. KG P\u0113cdzemd\u012bbu asi\u0146o\u0161anas vad\u012bbas pakete<\/strong>:<\/h2>\n<ul>\n<li>Modelis: R17860-1<\/li>\n<li>P\u0113cdzemd\u012bbu asi\u0146o\u0161anas (PPH) p\u0101rvald\u012bbas pakete \u013cauj apg\u016bt p\u0113cdzemd\u012bbu apr\u016bpes un neatliekam\u0101s pal\u012bdz\u012bbas snieg\u0161anas prasmes.<\/li>\n<\/ul>\n<p>Piederums ir paredz\u0113ts modelim R17860.<\/p>\n<h3>P\u0113cdzemd\u012bbu asi\u0146o\u0161anas p\u0101rvald\u012bbas paketes iez\u012bmes:<\/h3>\n<ul>\n<li>Re\u0101listiska p\u0113cdzemd\u012bbu apr\u016bpe<\/li>\n<li>Dzemdes asi\u0146o\u0161ana, izmantojot trena\u017eiera rumpja zon\u0101 ieb\u016bv\u0113to rezervu\u0101ru<\/li>\n<li>Dzemdes tampon\u0101des vieta<\/li>\n<li>Regul\u0113ts dzemdes tonuss<\/li>\n<li>Ur\u012bnp\u016b\u0161\u013ca kateteriz\u0101cija<\/li>\n<li>Svec\u012b\u0161u lieto\u0161ana<\/li>\n<\/ul>\n<h3>P\u0113cdzemd\u012bbu asi\u0146o\u0161anas p\u0101rvald\u012bbas paketes \u2013 <a href=\"http:\/\/labostera.lt\/lv\/product-brand\/erler-zimmer-gmbh-co-kg\/\">Erlera-Zimmera anatomijas grupa<\/a><\/h3>\n<p>Vair\u0101k inform\u0101cijas: <a href=\"https:\/\/erler-zimmer.de\/shop\/en\/10223\" target=\"_blank\" rel=\"noopener nofollow\">ra\u017eot\u0101ja t\u012bmek\u013ca vietn\u0113<\/a> vai nos\u016btiet mums piepras\u012bjumu!<\/p>","protected":false},"excerpt":{"rendered":"<p>Erlera-Zimmera p\u0113cdzemd\u012bbu asi\u0146o\u0161anas p\u0101rvald\u012bbas pakete ir praktisks instruments p\u0113cdzemd\u012bbu apr\u016bpei un neatliekamai pal\u012bdz\u012bbai. Visaptvero\u0161a apm\u0101c\u012bba.<\/p>","protected":false},"featured_media":20031,"template":"","meta":[],"product_cat":[75,79],"product_tag":[692,831,832,829,830,577,690,846,833,490],"class_list":{"0":"post-20030","1":"product","2":"type-product","3":"status-publish","4":"has-post-thumbnail","6":"product_brand-erler-zimmer-gmbh-co-kg","7":"product_cat-modeliai-manekenai-muliazai","8":"product_cat-mokymo-priemones-ir-iranga","9":"product_tag-erler-zimmer-gmbh-co-kg","10":"product_tag-medical-models","11":"product_tag-medical-simulators","12":"product_tag-medicininiai-modeliai","13":"product_tag-medicininiai-simuliatoriai","14":"product_tag-modeliai","15":"product_tag-models","16":"product_tag-pogimdyminio-kraujavimo-valdymo-paketai","17":"product_tag-simulatoriai","18":"product_tag-simulators","20":"first","21":"onbackorder","22":"shipping-taxable","23":"purchasable","24":"product-type-simple"},"_links":{"self":[{"href":"https:\/\/labostera.lt\/lv\/wp-json\/wp\/v2\/product\/20030","targetHints":{"allow":["GET"]}}],"collection":[{"href":"https:\/\/labostera.lt\/lv\/wp-json\/wp\/v2\/product"}],"about":[{"href":"https:\/\/labostera.lt\/lv\/wp-json\/wp\/v2\/types\/product"}],"wp:featuredmedia":[{"embeddable":true,"href":"https:\/\/labostera.lt\/lv\/wp-json\/wp\/v2\/media\/20031"}],"wp:attachment":[{"href":"https:\/\/labostera.lt\/lv\/wp-json\/wp\/v2\/media?parent=20030"}],"wp:term":[{"taxonomy":"product_cat","embeddable":true,"href":"https:\/\/labostera.lt\/lv\/wp-json\/wp\/v2\/product_cat?post=20030"},{"taxonomy":"product_tag","embeddable":true,"href":"https:\/\/labostera.lt\/lv\/wp-json\/wp\/v2\/product_tag?post=20030"}],"curies":[{"name":"wp","href":"https:\/\/api.w.org\/{rel}","templated":true}]}}