{"id":20028,"date":"2024-03-13T16:17:24","date_gmt":"2024-03-13T14:17:24","guid":{"rendered":"http:\/\/labostera.lt\/?post_type=product&#038;p=20028"},"modified":"2024-10-18T15:20:53","modified_gmt":"2024-10-18T12:20:53","slug":"pazangus-gimdymo-liemens-simuliatorius-erler-zimmer-super-ob-susie-birthing-torso-simulator","status":"publish","type":"product","link":"https:\/\/labostera.lt\/lv\/priemones-ir-iranga\/mokymo-priemones-ir-iranga\/medicininiai-simuliatoriai\/pazangus-gimdymo-liemens-simuliatorius-erler-zimmer-super-ob-susie-birthing-torso-simulator\/","title":{"rendered":"Erlera-Zimera \u201cSuper OB Susie\u201d dzemd\u012bbu rumpja simulators ar padzi\u013cin\u0101tu inform\u0101ciju"},"content":{"rendered":"<h2><strong>Erler-Zimmer GmbH &amp; Co. KG uzlabots dzemd\u012bbu rumpja simulators &quot;Super OB Susie&quot;<\/strong>:<\/h2>\n<ul>\n<li>Modelis: R17860<\/li>\n<li>Super OB Susie dzemd\u012bbu treneris ir paredz\u0113ts, lai iem\u0101c\u012btu dzemd\u012bbu vad\u012bbas prasmes da\u017e\u0101da l\u012bme\u0146a studentiem. Ar anatomisk\u0101m deta\u013c\u0101m rump\u012b un pilnlaika z\u012bdainim studenti var att\u012bst\u012bt kl\u012bnisk\u0101s prasmes, kuras var p\u0101rnest uz scen\u0101rijiem balst\u012btos uzdevumos. Modul\u0101rais dizains \u013cauj att\u012bst\u012bt funkcionalit\u0101ti, lai apmierin\u0101tu main\u012bg\u0101s apm\u0101c\u012bbu vajadz\u012bbas.<\/li>\n<\/ul>\n<h3>Super OB Susie dzemd\u012bbu viduk\u013ca simulatora funkcijas:<\/h3>\n<ul>\n<li>Pieaugu\u0161a izm\u0113ra rumpja apak\u0161da\u013ca no diafragmas l\u012bdz \u010detrgalvu musku\u013ciem<\/li>\n<li>Gluda virsma ar netrauc\u0113jo\u0161\u0101m loc\u012btav\u0101m palielina re\u0101lismu<\/li>\n<li>Anatomisk\u0101s deta\u013cas rump\u012b, tostarp s\u0113\u017eas plaisas un astes kauls<\/li>\n<li>No\u0146emams gr\u016btnieces v\u0113dera p\u0101rsegs<\/li>\n<li>Sader\u012bgas g\u016b\u017eas loc\u012btavas pal\u012bdz veikt Makroberta manevru<\/li>\n<li>No\u0146emams dzemdes kakls un dzemd\u012bbu kan\u0101ls<\/li>\n<li>Dzemdes placentas ar atdal\u0101miem d\u012bg\u013clap\u0101m<\/li>\n<li>Tiek praktiz\u0113ti kateteriz\u0101cijas vingrin\u0101jumi ar br\u012bvu ur\u012bnu<\/li>\n<li>Ur\u012bna rezervu\u0101rs var satur\u0113t l\u012bdz 400 ml<\/li>\n<li>Patent\u0113ta taisn\u0101s zarnas ievieto\u0161anas sist\u0113ma svec\u012b\u0161u ievieto\u0161anai<\/li>\n<li>Dzim\u0161anas mazulis ar taustes zon\u0101m, artikul\u0113t\u0101m ekstremit\u0101t\u0113m un m\u012bkstu \u0101du visa \u0137erme\u0146a garum\u0101<\/li>\n<li>Deguna un mutes dobumi<\/li>\n<li>Sataust\u0101ms avoti\u0146\u0161 un \u0161\u0101vieni<\/li>\n<li>Gluda, lob\u012bga galvas \u0101da<\/li>\n<li>Re\u0101listiski sader\u012bgas kakla un rumpja loc\u012btavas<\/li>\n<li>No\u0146emama nabas cilpa un nabas cilpas papildu griezumiem un skav\u0101m<\/li>\n<\/ul>\n<h3>Dzemd\u012bbu proced\u016bras:<\/h3>\n<ul>\n<li>Veikt cefalisku dzemd\u012bbu<\/li>\n<li>Veiciet Ritgena manevru<\/li>\n<li>Praktiz\u0113jiet dzemd\u012bbas gu\u013cus st\u0101vokl\u012b (piln\u0101, va\u013c\u0101 un ze\u0137\u0113)<\/li>\n<li>Veiciet Pinarda manevru<\/li>\n<li>Simul\u0113t pleca dislok\u0101ciju<\/li>\n<li>Praktiz\u0113jiet neatliekam\u0101s pal\u012bdz\u012bbas pas\u0101kumus, tostarp Makroberta manevru, aug\u0161\u0113j\u0101 spiediena supin\u0101ciju, aizmugur\u0113j\u0101 elko\u0146a kl\u012brensa iztaisno\u0161anu un koka skr\u016bvju ievieto\u0161anu<\/li>\n<li>Veikt placentas un nabassaites vingrin\u0101jumus (placentas atbr\u012bvo\u0161an\u0101s, da\u013c\u0113ja placentas priek\u0161laic\u012bba, kakla saites nosl\u012bd\u0113\u0161anas risks, nabassaites saspie\u0161ana un daudzi citi)<\/li>\n<li>Praktiz\u0113jiet nabas proced\u016bras, piem\u0113ram, slazdo\u0161anu un iegriezumus<\/li>\n<li>Demonstr\u0113jiet iek\u0161\u0113jo rot\u0101ciju, ekstraversiju un \u0101r\u0113jo rot\u0101ciju<\/li>\n<\/ul>\n<h3>Uzlaboti dzemd\u012bbu torsa simulatori &quot;Super OB Susie&quot; - <a href=\"http:\/\/labostera.lt\/lv\/product-brand\/erler-zimmer-gmbh-co-kg\/\">Erlera-Zimmera anatomijas grupa<\/a><\/h3>\n<p>Vair\u0101k inform\u0101cijas: <a href=\"https:\/\/erler-zimmer.de\/shop\/en\/10222\" target=\"_blank\" rel=\"noopener nofollow\">ra\u017eot\u0101ja t\u012bmek\u013ca vietn\u0113<\/a> vai nos\u016btiet mums piepras\u012bjumu!<\/p>","protected":false},"excerpt":{"rendered":"<p>Erler-Zimmer Advanced Birthing Torso Simulator \u2013 Super OB Susie dzemd\u012bbu trena\u017eieris ir paredz\u0113ts, lai iem\u0101c\u012btu dzemd\u012bbu vad\u012bbas prasmes da\u017e\u0101da l\u012bme\u0146a studentiem. Ar anatomisk\u0101m deta\u013c\u0101m rump\u012b un pilnlaika z\u012bdainim studenti var att\u012bst\u012bt kl\u012bnisk\u0101s prasmes, kuras var p\u0101rnest uz scen\u0101rijiem balst\u012btos uzdevumos.<\/p>","protected":false},"featured_media":20029,"template":"","meta":[],"product_cat":[838,75,79],"product_tag":[692,831,832,829,830,577,690,845,833,490],"class_list":{"0":"post-20028","1":"product","2":"type-product","3":"status-publish","4":"has-post-thumbnail","6":"product_brand-erler-zimmer-gmbh-co-kg","7":"product_cat-medicininiai-simuliatoriai","8":"product_cat-modeliai-manekenai-muliazai","9":"product_cat-mokymo-priemones-ir-iranga","10":"product_tag-erler-zimmer-gmbh-co-kg","11":"product_tag-medical-models","12":"product_tag-medical-simulators","13":"product_tag-medicininiai-modeliai","14":"product_tag-medicininiai-simuliatoriai","15":"product_tag-modeliai","16":"product_tag-models","17":"product_tag-pazangus-gimdymo-liemens-simuliatoriai","18":"product_tag-simulatoriai","19":"product_tag-simulators","21":"first","22":"onbackorder","23":"shipping-taxable","24":"purchasable","25":"product-type-simple"},"_links":{"self":[{"href":"https:\/\/labostera.lt\/lv\/wp-json\/wp\/v2\/product\/20028","targetHints":{"allow":["GET"]}}],"collection":[{"href":"https:\/\/labostera.lt\/lv\/wp-json\/wp\/v2\/product"}],"about":[{"href":"https:\/\/labostera.lt\/lv\/wp-json\/wp\/v2\/types\/product"}],"wp:featuredmedia":[{"embeddable":true,"href":"https:\/\/labostera.lt\/lv\/wp-json\/wp\/v2\/media\/20029"}],"wp:attachment":[{"href":"https:\/\/labostera.lt\/lv\/wp-json\/wp\/v2\/media?parent=20028"}],"wp:term":[{"taxonomy":"product_cat","embeddable":true,"href":"https:\/\/labostera.lt\/lv\/wp-json\/wp\/v2\/product_cat?post=20028"},{"taxonomy":"product_tag","embeddable":true,"href":"https:\/\/labostera.lt\/lv\/wp-json\/wp\/v2\/product_tag?post=20028"}],"curies":[{"name":"wp","href":"https:\/\/api.w.org\/{rel}","templated":true}]}}