{"id":20026,"date":"2024-03-13T15:46:16","date_gmt":"2024-03-13T13:46:16","guid":{"rendered":"http:\/\/labostera.lt\/?post_type=product&#038;p=20026"},"modified":"2024-10-18T15:20:54","modified_gmt":"2024-10-18T12:20:54","slug":"pazangus-gimdymo-liemens-simuliatorius-erler-zimmer-advanced-birthing-torso-simulator","status":"publish","type":"product","link":"https:\/\/labostera.lt\/lv\/priemones-ir-iranga\/mokymo-priemones-ir-iranga\/medicininiai-simuliatoriai\/pazangus-gimdymo-liemens-simuliatorius-erler-zimmer-advanced-birthing-torso-simulator\/","title":{"rendered":"Erlera-Zimmera uzlabotais dzemd\u012bbu rumpja simulators"},"content":{"rendered":"<h2><strong>Erler-Zimmer GmbH &amp; Co. KG uzlabots dzemd\u012bbu rumpja simulators<\/strong>:<\/h2>\n<ul>\n<li>Modelis: R17850<\/li>\n<li>\u0160is daudzpus\u012bgais, vieglais dzemd\u012bbu torsa simulators \u013cauj simul\u0113t katru dzemd\u012bbu procesa posmu. Ide\u0101li ir praktiz\u0113t Leopolda manevrus. Ir iesp\u0113jams ar\u012b praktiz\u0113t vagin\u0101las kr\u0113sla dzemd\u012bbas un atbr\u012bvot k\u0101jas, izmantojot Pinarda manevru. Ietver rumpi, augo\u0161u mazuli un jaundzimu\u0161o.<\/li>\n<\/ul>\n<h3>Dzemd\u012bbu torsa simulatora uzlabot\u0101s funkcijas:<\/h3>\n<ul>\n<li>Redzami m\u0101tes un jaundzimu\u0161\u0101 sirdspuksti no 0 l\u012bdz 220 sitieniem min\u016bt\u0113<\/li>\n<li>Jaundzimu\u0161\u0101 raud\u0101\u0161ana, stenoze un nazofaring\u012bts<\/li>\n<li>Ur\u012bnce\u013cu kateteriz\u0101cija ar main\u012bgu ur\u012bna pl\u016bsmu \u2013 var izmantot parastu ur\u012bnp\u016bsli, lai samazin\u0101tu ur\u012bnp\u016b\u0161\u013ca izm\u0113ru.<\/li>\n<li>\u0160\u013circes ievieto\u0161ana un nabas griezums<\/li>\n<li>Placentas prezent\u0101cija \u2013 placentas novieto\u0161ana, lai imit\u0113tu placentas priek\u0161laic\u012bgumu<\/li>\n<li>Aug\u013ca palp\u0101cija caur caursp\u012bd\u012bgo vai v\u0113dera membr\u0101nu<\/li>\n<li>Z\u0101\u013cu rekt\u0101la ievad\u012b\u0161ana<\/li>\n<li>Asins koncentr\u0101ts p\u0113cdzemd\u012bbu asi\u0146o\u0161anas simul\u0113\u0161anai<\/li>\n<li>Dzemdes mas\u0101\u017ea<\/li>\n<li>Vakuuma vai knaib\u013cu dzemd\u012bbas ar vai bez \u0137eizargrieziena<\/li>\n<li>Var pieg\u0101d\u0101t ar galvu vai aug\u0161stilbiem<\/li>\n<\/ul>\n<h3>Uzlaboti dzemd\u012bbu torsa simulatori \u2013 <a href=\"http:\/\/labostera.lt\/lv\/product-brand\/erler-zimmer-gmbh-co-kg\/\">Erlera-Zimmera anatomijas grupa<\/a><\/h3>\n<p>Vair\u0101k inform\u0101cijas: <a href=\"https:\/\/erler-zimmer.de\/shop\/en\/10221\" target=\"_blank\" rel=\"noopener nofollow\">ra\u017eot\u0101ja t\u012bmek\u013ca vietn\u0113<\/a> vai nos\u016btiet mums piepras\u012bjumu!<\/p>","protected":false},"excerpt":{"rendered":"<p>Erler-Zimmer Advanced Birthing Torso Simulator \u2014 \u0161is daudzpus\u012bgais, vieglais dzemd\u012bbu torso simulators \u013cauj simul\u0113t katru dzemd\u012bbu procesa posmu. Ide\u0101li ir praktiz\u0113t Leopolda manevrus.<\/p>","protected":false},"featured_media":20027,"template":"","meta":[],"product_cat":[838,75,79],"product_tag":[692,831,832,829,830,577,690,845,833,490],"class_list":{"0":"post-20026","1":"product","2":"type-product","3":"status-publish","4":"has-post-thumbnail","6":"product_brand-erler-zimmer-gmbh-co-kg","7":"product_cat-medicininiai-simuliatoriai","8":"product_cat-modeliai-manekenai-muliazai","9":"product_cat-mokymo-priemones-ir-iranga","10":"product_tag-erler-zimmer-gmbh-co-kg","11":"product_tag-medical-models","12":"product_tag-medical-simulators","13":"product_tag-medicininiai-modeliai","14":"product_tag-medicininiai-simuliatoriai","15":"product_tag-modeliai","16":"product_tag-models","17":"product_tag-pazangus-gimdymo-liemens-simuliatoriai","18":"product_tag-simulatoriai","19":"product_tag-simulators","21":"first","22":"onbackorder","23":"shipping-taxable","24":"purchasable","25":"product-type-simple"},"_links":{"self":[{"href":"https:\/\/labostera.lt\/lv\/wp-json\/wp\/v2\/product\/20026","targetHints":{"allow":["GET"]}}],"collection":[{"href":"https:\/\/labostera.lt\/lv\/wp-json\/wp\/v2\/product"}],"about":[{"href":"https:\/\/labostera.lt\/lv\/wp-json\/wp\/v2\/types\/product"}],"wp:featuredmedia":[{"embeddable":true,"href":"https:\/\/labostera.lt\/lv\/wp-json\/wp\/v2\/media\/20027"}],"wp:attachment":[{"href":"https:\/\/labostera.lt\/lv\/wp-json\/wp\/v2\/media?parent=20026"}],"wp:term":[{"taxonomy":"product_cat","embeddable":true,"href":"https:\/\/labostera.lt\/lv\/wp-json\/wp\/v2\/product_cat?post=20026"},{"taxonomy":"product_tag","embeddable":true,"href":"https:\/\/labostera.lt\/lv\/wp-json\/wp\/v2\/product_tag?post=20026"}],"curies":[{"name":"wp","href":"https:\/\/api.w.org\/{rel}","templated":true}]}}