{"id":20023,"date":"2024-03-13T15:05:31","date_gmt":"2024-03-13T13:05:31","guid":{"rendered":"http:\/\/labostera.lt\/?post_type=product&#038;p=20023"},"modified":"2024-10-18T15:20:55","modified_gmt":"2024-10-18T12:20:55","slug":"akuserijos-mokymo-simuliatorius-erler-zimmer-obstetric-training-simulator","status":"publish","type":"product","link":"https:\/\/labostera.lt\/lv\/priemones-ir-iranga\/mokymo-priemones-ir-iranga\/medicininiai-simuliatoriai\/akuserijos-mokymo-simuliatorius-erler-zimmer-obstetric-training-simulator\/","title":{"rendered":"Erler-Zimmer dzemdniec\u012bbas apm\u0101c\u012bbas simulators"},"content":{"rendered":"<h2><strong>Erler-Zimmer GmbH &amp; Co. KG dzemdniec\u012bbas apm\u0101c\u012bbas simulators<\/strong>:<\/h2>\n<ul>\n<li>Modelis: R16150<\/li>\n<li>\u0160is dzemdniec\u012bbas simulators sniedz iesp\u0113ju apg\u016bt visu dzemd\u012bbu procesu. Dzemd\u012bbu stadiju modulis ir paredz\u0113ts dzemdes kakla palp\u0101cijai, Dzemd\u012bbu pal\u012bdz\u012bbas modulis \u2013 roku prasmju apguvei dzemd\u012bbu laik\u0101, bet Starpenes p\u0101rvald\u012bbas modulis padara visu komplektu par lielisku izv\u0113li.<\/li>\n<\/ul>\n<h3>Vecm\u0101\u0161u apm\u0101c\u012bbas simulatori \u2013 <a href=\"http:\/\/labostera.lt\/lv\/product-brand\/erler-zimmer-gmbh-co-kg\/\">Erlera-Zimmera anatomijas grupa<\/a><\/h3>\n<p>Vair\u0101k inform\u0101cijas: <a href=\"https:\/\/erler-zimmer.de\/shop\/en\/10874\" target=\"_blank\" rel=\"noopener nofollow\">ra\u017eot\u0101ja t\u012bmek\u013ca vietn\u0113<\/a> vai nos\u016btiet mums piepras\u012bjumu!<\/p>","protected":false},"excerpt":{"rendered":"<p>Erler-Zimmer vecm\u0101\u0161u apm\u0101c\u012bbas simulators \u2013 komplekts, kas paredz\u0113ts visa dzemd\u012bbu procesa apguvei. Modu\u013ci par dzemd\u012bbu posmiem, pal\u012bdz\u012bbu un starpenes \u0161uvju apr\u016bpi<\/p>","protected":false},"featured_media":20025,"template":"","meta":[],"product_cat":[838,75,79],"product_tag":[844,692,831,832,829,830,577,690,833,490],"class_list":{"0":"post-20023","1":"product","2":"type-product","3":"status-publish","4":"has-post-thumbnail","6":"product_brand-erler-zimmer-gmbh-co-kg","7":"product_cat-medicininiai-simuliatoriai","8":"product_cat-modeliai-manekenai-muliazai","9":"product_cat-mokymo-priemones-ir-iranga","10":"product_tag-akuserijos-mokymo-simuliatoriai","11":"product_tag-erler-zimmer-gmbh-co-kg","12":"product_tag-medical-models","13":"product_tag-medical-simulators","14":"product_tag-medicininiai-modeliai","15":"product_tag-medicininiai-simuliatoriai","16":"product_tag-modeliai","17":"product_tag-models","18":"product_tag-simulatoriai","19":"product_tag-simulators","21":"first","22":"onbackorder","23":"shipping-taxable","24":"purchasable","25":"product-type-simple"},"_links":{"self":[{"href":"https:\/\/labostera.lt\/lv\/wp-json\/wp\/v2\/product\/20023","targetHints":{"allow":["GET"]}}],"collection":[{"href":"https:\/\/labostera.lt\/lv\/wp-json\/wp\/v2\/product"}],"about":[{"href":"https:\/\/labostera.lt\/lv\/wp-json\/wp\/v2\/types\/product"}],"wp:featuredmedia":[{"embeddable":true,"href":"https:\/\/labostera.lt\/lv\/wp-json\/wp\/v2\/media\/20025"}],"wp:attachment":[{"href":"https:\/\/labostera.lt\/lv\/wp-json\/wp\/v2\/media?parent=20023"}],"wp:term":[{"taxonomy":"product_cat","embeddable":true,"href":"https:\/\/labostera.lt\/lv\/wp-json\/wp\/v2\/product_cat?post=20023"},{"taxonomy":"product_tag","embeddable":true,"href":"https:\/\/labostera.lt\/lv\/wp-json\/wp\/v2\/product_tag?post=20023"}],"curies":[{"name":"wp","href":"https:\/\/api.w.org\/{rel}","templated":true}]}}