{"id":20015,"date":"2024-03-13T13:33:09","date_gmt":"2024-03-13T11:33:09","guid":{"rendered":"http:\/\/labostera.lt\/?post_type=product&#038;p=20015"},"modified":"2024-10-18T15:20:59","modified_gmt":"2024-10-18T12:20:59","slug":"vaisiaus-stebejimo-ir-gimdymo-pazangos-modelio-rinkinys-erler-zimmer-fetal-monitoring-and-labor-progress-model-set","status":"publish","type":"product","link":"https:\/\/labostera.lt\/lv\/priemones-ir-iranga\/mokymo-priemones-ir-iranga\/modeliai-manekenai-muliazai\/vaisiaus-stebejimo-ir-gimdymo-pazangos-modelio-rinkinys-erler-zimmer-fetal-monitoring-and-labor-progress-model-set\/","title":{"rendered":"Erlera-Zimmera aug\u013ca uzraudz\u012bbas un dzemd\u012bbu progresa mode\u013ca komplekts"},"content":{"rendered":"<h2><strong>Erler-Zimmer GmbH &amp; Co. KG aug\u013ca uzraudz\u012bbas un dzemd\u012bbu progresa mode\u013cu komplekts<\/strong>:<\/h2>\n<ul>\n<li>Modelis: R10925<\/li>\n<li>Nodro\u0161ina re\u0101listisku simul\u0101ciju vagin\u0101laj\u0101m p\u0101rbaud\u0113m, dzemd\u012bbu gaitas nov\u0113rt\u0113\u0161anai, dzemd\u012bbu papla\u0161in\u0101\u0161anai, aug\u013ca avoti\u0146u un \u0161uvju l\u012bniju palp\u0113\u0161anai, k\u0101 ar\u012b aug\u013ca galvas st\u0101vok\u013ca nov\u0113rt\u0113\u0161anai. \u0160aj\u0101 daudzpus\u012bgaj\u0101 mode\u013cu komplekt\u0101 ietilpst aug\u013ca galva, dzemdes apak\u0161\u0113jais segments, aug\u013ca s\u0113\u017eamvieta gu\u013cus st\u0101vokl\u012b dzemd\u012bb\u0101m un \u010detri main\u0101mi dzemdes papla\u0161in\u0101\u0161anas mode\u013ci. Aug\u013ca galvas un dzemdes papla\u0161in\u0101\u0161an\u0101s mode\u013ci ir atjaunin\u0101ti, lai nodro\u0161in\u0101tu re\u0101listisk\u0101ku saj\u016btu un palielin\u0101tu iztur\u012bbu. Komponenti ietilpst iztur\u012bg\u0101 plastmasas korpus\u0101, kas atvieglo vizualiz\u0101ciju un t\u012br\u012b\u0161anu. \u0160aj\u0101 mode\u013cu komplekt\u0101 ietilpst aug\u013ca galva, dzemdes apak\u0161\u0113jais segments, aug\u013ca s\u0113\u017eamvieta gu\u013cus st\u0101vokl\u012b, \u010detri main\u0101mi dzemdes papla\u0161in\u0101\u0161anas mode\u013ci (1, 3, 4 un 8 cm) un iztur\u012bgs plastmasas korpuss.<\/li>\n<\/ul>\n<h3>Aug\u013ca uzraudz\u012bbas un dzemd\u012bbu progresa mode\u013cu komplekti \u2013 <a href=\"http:\/\/labostera.lt\/lv\/product-brand\/erler-zimmer-gmbh-co-kg\/\">Erlera-Zimmera anatomijas grupa<\/a><\/h3>\n<p>Vair\u0101k inform\u0101cijas: <a href=\"https:\/\/erler-zimmer.de\/shop\/en\/9990\" target=\"_blank\" rel=\"noopener nofollow\">ra\u017eot\u0101ja t\u012bmek\u013ca vietn\u0113<\/a> vai nos\u016btiet mums piepras\u012bjumu!<\/p>","protected":false},"excerpt":{"rendered":"<p>Erlera-Zimmera aug\u013ca uzraudz\u012bbas un dzemd\u012bbu progresa mode\u013ca komplekts \u2013 re\u0101listiska simul\u0101cija dzemd\u012bbu progresa nov\u0113rt\u0113\u0161anai un aug\u013ca uzraudz\u012bbai.<\/p>","protected":false},"featured_media":20016,"template":"","meta":[],"product_cat":[75,79],"product_tag":[692,831,832,829,830,577,690,833,490,841],"class_list":{"0":"post-20015","1":"product","2":"type-product","3":"status-publish","4":"has-post-thumbnail","6":"product_brand-erler-zimmer-gmbh-co-kg","7":"product_cat-modeliai-manekenai-muliazai","8":"product_cat-mokymo-priemones-ir-iranga","9":"product_tag-erler-zimmer-gmbh-co-kg","10":"product_tag-medical-models","11":"product_tag-medical-simulators","12":"product_tag-medicininiai-modeliai","13":"product_tag-medicininiai-simuliatoriai","14":"product_tag-modeliai","15":"product_tag-models","16":"product_tag-simulatoriai","17":"product_tag-simulators","18":"product_tag-vaisiaus-stebejimo-ir-gimdymo-pazangos-modelio-rinkiniai","20":"first","21":"onbackorder","22":"shipping-taxable","23":"purchasable","24":"product-type-simple"},"_links":{"self":[{"href":"https:\/\/labostera.lt\/lv\/wp-json\/wp\/v2\/product\/20015","targetHints":{"allow":["GET"]}}],"collection":[{"href":"https:\/\/labostera.lt\/lv\/wp-json\/wp\/v2\/product"}],"about":[{"href":"https:\/\/labostera.lt\/lv\/wp-json\/wp\/v2\/types\/product"}],"wp:featuredmedia":[{"embeddable":true,"href":"https:\/\/labostera.lt\/lv\/wp-json\/wp\/v2\/media\/20016"}],"wp:attachment":[{"href":"https:\/\/labostera.lt\/lv\/wp-json\/wp\/v2\/media?parent=20015"}],"wp:term":[{"taxonomy":"product_cat","embeddable":true,"href":"https:\/\/labostera.lt\/lv\/wp-json\/wp\/v2\/product_cat?post=20015"},{"taxonomy":"product_tag","embeddable":true,"href":"https:\/\/labostera.lt\/lv\/wp-json\/wp\/v2\/product_tag?post=20015"}],"curies":[{"name":"wp","href":"https:\/\/api.w.org\/{rel}","templated":true}]}}