{"id":20011,"date":"2024-03-13T11:46:57","date_gmt":"2024-03-13T09:46:57","guid":{"rendered":"http:\/\/labostera.lt\/?post_type=product&#038;p=20011"},"modified":"2024-10-18T15:21:02","modified_gmt":"2024-10-18T12:21:02","slug":"motinystes-simuliatorius-erler-zimmer-maternity-simulator","status":"publish","type":"product","link":"https:\/\/labostera.lt\/lv\/priemones-ir-iranga\/mokymo-priemones-ir-iranga\/medicininiai-simuliatoriai\/motinystes-simuliatorius-erler-zimmer-maternity-simulator\/","title":{"rendered":"Dzemd\u012bbu simulators Erler-Zimmer dzemd\u012bbu simulators"},"content":{"rendered":"<h2><strong>Erler-Zimmer GmbH &amp; Co. KG gr\u016btnie\u010du simulators<\/strong>:<\/h2>\n<ul>\n<li>Modelis: LM65<\/li>\n<li>\u0160\u012b simul\u0101cijas veste sniedz studentam aizraujo\u0161u pieredzi gr\u016bt\u012bb\u0101s, ar kur\u0101m saskaras gr\u016btniece. Papildu svars (7,2 kg) un izm\u0113ri apgr\u016btina pat vienk\u0101r\u0161as lietas, piem\u0113ram, noliek\u0161anos. \u0160is simulators ir izstr\u0101d\u0101ts, lai pal\u012bdz\u0113tu topo\u0161ajiem vec\u0101kiem, studentiem vai medic\u012bnas speci\u0101listiem izprast gr\u016btnieces situ\u0101ciju.<\/li>\n<\/ul>\n<h3>Dzemd\u012bbu simulatori \u2013 <a href=\"http:\/\/labostera.lt\/lv\/product-brand\/erler-zimmer-gmbh-co-kg\/\">Erlera-Zimmera anatomijas grupa<\/a><\/h3>\n<p>Vair\u0101k inform\u0101cijas: <a href=\"https:\/\/erler-zimmer.de\/shop\/en\/9671\" target=\"_blank\" rel=\"noopener nofollow\">ra\u017eot\u0101ja t\u012bmek\u013ca vietn\u0113<\/a> vai nos\u016btiet mums piepras\u012bjumu!<\/p>","protected":false},"excerpt":{"rendered":"<p>Erler-Zimmer dzemd\u012bbu simulators \u2014 \u0161is simulators sniedz studentei iespaid\u012bgu pieredzi gr\u016btnieces dz\u012bv\u0113.<\/p>","protected":false},"featured_media":20012,"template":"","meta":[],"product_cat":[838,75,79],"product_tag":[692,831,832,829,830,577,690,839,833,490],"class_list":{"0":"post-20011","1":"product","2":"type-product","3":"status-publish","4":"has-post-thumbnail","6":"product_brand-erler-zimmer-gmbh-co-kg","7":"product_cat-medicininiai-simuliatoriai","8":"product_cat-modeliai-manekenai-muliazai","9":"product_cat-mokymo-priemones-ir-iranga","10":"product_tag-erler-zimmer-gmbh-co-kg","11":"product_tag-medical-models","12":"product_tag-medical-simulators","13":"product_tag-medicininiai-modeliai","14":"product_tag-medicininiai-simuliatoriai","15":"product_tag-modeliai","16":"product_tag-models","17":"product_tag-motinystes-simuliatoriai","18":"product_tag-simulatoriai","19":"product_tag-simulators","21":"first","22":"onbackorder","23":"shipping-taxable","24":"purchasable","25":"product-type-simple"},"_links":{"self":[{"href":"https:\/\/labostera.lt\/lv\/wp-json\/wp\/v2\/product\/20011","targetHints":{"allow":["GET"]}}],"collection":[{"href":"https:\/\/labostera.lt\/lv\/wp-json\/wp\/v2\/product"}],"about":[{"href":"https:\/\/labostera.lt\/lv\/wp-json\/wp\/v2\/types\/product"}],"wp:featuredmedia":[{"embeddable":true,"href":"https:\/\/labostera.lt\/lv\/wp-json\/wp\/v2\/media\/20012"}],"wp:attachment":[{"href":"https:\/\/labostera.lt\/lv\/wp-json\/wp\/v2\/media?parent=20011"}],"wp:term":[{"taxonomy":"product_cat","embeddable":true,"href":"https:\/\/labostera.lt\/lv\/wp-json\/wp\/v2\/product_cat?post=20011"},{"taxonomy":"product_tag","embeddable":true,"href":"https:\/\/labostera.lt\/lv\/wp-json\/wp\/v2\/product_tag?post=20011"}],"curies":[{"name":"wp","href":"https:\/\/api.w.org\/{rel}","templated":true}]}}