{"id":20005,"date":"2024-03-12T17:20:13","date_gmt":"2024-03-12T15:20:13","guid":{"rendered":"http:\/\/labostera.lt\/?post_type=product&#038;p=20005"},"modified":"2024-10-18T15:21:04","modified_gmt":"2024-10-18T12:21:04","slug":"isorinis-smegenu-versijos-modelis-erler-zimmer-external-cephalic-version-model","status":"publish","type":"product","link":"https:\/\/labostera.lt\/lv\/priemones-ir-iranga\/mokymo-priemones-ir-iranga\/modeliai-manekenai-muliazai\/isorinis-smegenu-versijos-modelis-erler-zimmer-external-cephalic-version-model\/","title":{"rendered":"Erler-Zimmer \u0101r\u0113j\u0101s galvas formas versijas modelis"},"content":{"rendered":"<h2><strong>Erler-Zimmer GmbH &amp; Co. KG \u0101r\u0113j\u0101s smadze\u0146u versijas modelis<\/strong>:<\/h2>\n<ul>\n<li>Modelis: LM80<\/li>\n<li>\u0160is modelis att\u0113lo sievieti 36. gr\u016btniec\u012bbas ned\u0113\u013c\u0101. \u0160is modelis \u013cauj praktiz\u0113t ECV tehniku. Amniju var piepild\u012bt ar glicer\u012bnu, lai imit\u0113tu aug\u013c\u016bde\u0146us. Da\u017e\u0101dus apst\u0101k\u013cus var simul\u0113t ar pievienot\u0101 glicer\u012bna daudzumu. Modelis ir izgatavots no m\u012bksta, \u0101dai l\u012bdz\u012bga silikona materi\u0101la, lai nodro\u0161in\u0101tu re\u0101listisku saj\u016btu un dzimuma atpaz\u012b\u0161anu. Mazu\u013ca galva, rokas un k\u0101jas ir ciet\u0101kas nek\u0101 citas strukt\u016bras, un mugurkauls ir struktur\u0113ts, kas \u013cauj sajust mazu\u013ca st\u0101vokli no \u0101rpuses.<\/li>\n<\/ul>\n<h3>\u0100r\u0113jo smadze\u0146u versiju mode\u013ci \u2013 <a href=\"http:\/\/labostera.lt\/lv\/product-brand\/erler-zimmer-gmbh-co-kg\/\">Erlera-Zimmera anatomijas grupa<\/a><\/h3>\n<p>Vair\u0101k inform\u0101cijas: <a href=\"https:\/\/erler-zimmer.de\/shop\/en\/9675\" target=\"_blank\" rel=\"noopener nofollow\">ra\u017eot\u0101ja t\u012bmek\u013ca vietn\u0113<\/a> vai nos\u016btiet mums piepras\u012bjumu!<\/p>","protected":false},"excerpt":{"rendered":"<p>Erlera-Zimmera \u0101r\u0113j\u0101s smadze\u0146u versijas modelis \u013cauj praktiz\u0113t ECV tehniku. Ar glicer\u012bnu pild\u012bts amnija \u0161\u0137idrums atdarina aug\u013c\u016bde\u0146us.<\/p>","protected":false},"featured_media":20007,"template":"","meta":[],"product_cat":[75,79],"product_tag":[692,836,831,832,829,830,577,690,833,490],"class_list":{"0":"post-20005","1":"product","2":"type-product","3":"status-publish","4":"has-post-thumbnail","6":"product_brand-erler-zimmer-gmbh-co-kg","7":"product_cat-modeliai-manekenai-muliazai","8":"product_cat-mokymo-priemones-ir-iranga","9":"product_tag-erler-zimmer-gmbh-co-kg","10":"product_tag-isorinis-smegenu-versijos-modeliai","11":"product_tag-medical-models","12":"product_tag-medical-simulators","13":"product_tag-medicininiai-modeliai","14":"product_tag-medicininiai-simuliatoriai","15":"product_tag-modeliai","16":"product_tag-models","17":"product_tag-simulatoriai","18":"product_tag-simulators","20":"first","21":"onbackorder","22":"shipping-taxable","23":"purchasable","24":"product-type-simple"},"_links":{"self":[{"href":"https:\/\/labostera.lt\/lv\/wp-json\/wp\/v2\/product\/20005","targetHints":{"allow":["GET"]}}],"collection":[{"href":"https:\/\/labostera.lt\/lv\/wp-json\/wp\/v2\/product"}],"about":[{"href":"https:\/\/labostera.lt\/lv\/wp-json\/wp\/v2\/types\/product"}],"wp:featuredmedia":[{"embeddable":true,"href":"https:\/\/labostera.lt\/lv\/wp-json\/wp\/v2\/media\/20007"}],"wp:attachment":[{"href":"https:\/\/labostera.lt\/lv\/wp-json\/wp\/v2\/media?parent=20005"}],"wp:term":[{"taxonomy":"product_cat","embeddable":true,"href":"https:\/\/labostera.lt\/lv\/wp-json\/wp\/v2\/product_cat?post=20005"},{"taxonomy":"product_tag","embeddable":true,"href":"https:\/\/labostera.lt\/lv\/wp-json\/wp\/v2\/product_tag?post=20005"}],"curies":[{"name":"wp","href":"https:\/\/api.w.org\/{rel}","templated":true}]}}