{"id":20002,"date":"2024-03-12T16:30:05","date_gmt":"2024-03-12T14:30:05","guid":{"rendered":"http:\/\/labostera.lt\/?post_type=product&#038;p=20002"},"modified":"2024-10-18T15:21:06","modified_gmt":"2024-10-18T12:21:06","slug":"nestumo-tyrimo-modelis-erler-zimmer-pregnancy-examination-model","status":"publish","type":"product","link":"https:\/\/labostera.lt\/lv\/priemones-ir-iranga\/mokymo-priemones-ir-iranga\/modeliai-manekenai-muliazai\/nestumo-tyrimo-modelis-erler-zimmer-pregnancy-examination-model\/","title":{"rendered":"Erlera-Zimmera gr\u016btniec\u012bbas izmekl\u0113\u0161anas modelis"},"content":{"rendered":"<h2><strong>Erler-Zimmer GmbH &amp; Co. KG gr\u016btniec\u012bbas testa modelis<\/strong>:<\/h2>\n<ul>\n<li>Modelis: R10075<\/li>\n<li>\u0160is fantastiskais modelis \u013cauj praktiz\u0113t p\u0101rbaudi, izmantojot 4 Leopolda \u017eestus, \u0101r\u0113jo iegur\u0146a m\u0113r\u012bjumu, aug\u013ca sirdsdarb\u012bbu un kr\u016b\u0161u kop\u0161anu. V\u0113dera siena ir izgatavota no \u012bpa\u0161a sint\u0113tiska materi\u0101la, kas nodro\u0161ina piln\u012bgi dabisku saj\u016btu un \u013coti dabisk\u0101 veid\u0101 atjauno \u0101du un zem\u0101das audus. Piesl\u0113dzot vai izlai\u017eot gaisu, simul\u0113to aug\u013c\u016bde\u0146u daudzumu var piel\u0101got v\u0113lamajiem apst\u0101k\u013ciem. Jebkuras aug\u013ca st\u0101vok\u013ca izmai\u0146as ir iesp\u0113jamas. Simul\u0113tie sirdspuksti var main\u012bties gan p\u0113c \u0101truma, gan intensit\u0101tes. Ar main\u0101mu ielikt\u0146u pal\u012bdz\u012bbu ir iesp\u0113jams simul\u0113t maz\u0101ku vai liel\u0101ku dzemdes kakla kan\u0101lu.<\/li>\n<\/ul>\n<h3>Gr\u016btniec\u012bbas testu mode\u013ci \u2013 <a href=\"http:\/\/labostera.lt\/lv\/product-brand\/erler-zimmer-gmbh-co-kg\/\">Erlera-Zimmera anatomijas grupa<\/a><\/h3>\n<p>Vair\u0101k inform\u0101cijas: <a href=\"https:\/\/erler-zimmer.de\/shop\/en\/9659\" target=\"_blank\" rel=\"noopener nofollow\">ra\u017eot\u0101ja t\u012bmek\u013ca vietn\u0113<\/a> vai nos\u016btiet mums piepras\u012bjumu!<\/p>","protected":false},"excerpt":{"rendered":"<p>Erlera-Zimmera gr\u016btniec\u012bbas izmekl\u0113\u0161anas modelis \u013cauj praktiz\u0113t 4 Leopolda \u017eestus, \u0101r\u0113jo iegur\u0146a m\u0113r\u012bjumus, aug\u013ca sirdsdarb\u012bbu un kr\u016b\u0161u apr\u016bpi.<\/p>","protected":false},"featured_media":20004,"template":"","meta":[],"product_cat":[75,79],"product_tag":[692,831,832,829,830,577,690,835,833,490],"class_list":{"0":"post-20002","1":"product","2":"type-product","3":"status-publish","4":"has-post-thumbnail","6":"product_brand-erler-zimmer-gmbh-co-kg","7":"product_cat-modeliai-manekenai-muliazai","8":"product_cat-mokymo-priemones-ir-iranga","9":"product_tag-erler-zimmer-gmbh-co-kg","10":"product_tag-medical-models","11":"product_tag-medical-simulators","12":"product_tag-medicininiai-modeliai","13":"product_tag-medicininiai-simuliatoriai","14":"product_tag-modeliai","15":"product_tag-models","16":"product_tag-nestumo-tyrimo-modeliai","17":"product_tag-simulatoriai","18":"product_tag-simulators","20":"first","21":"onbackorder","22":"shipping-taxable","23":"purchasable","24":"product-type-simple"},"_links":{"self":[{"href":"https:\/\/labostera.lt\/lv\/wp-json\/wp\/v2\/product\/20002","targetHints":{"allow":["GET"]}}],"collection":[{"href":"https:\/\/labostera.lt\/lv\/wp-json\/wp\/v2\/product"}],"about":[{"href":"https:\/\/labostera.lt\/lv\/wp-json\/wp\/v2\/types\/product"}],"wp:featuredmedia":[{"embeddable":true,"href":"https:\/\/labostera.lt\/lv\/wp-json\/wp\/v2\/media\/20004"}],"wp:attachment":[{"href":"https:\/\/labostera.lt\/lv\/wp-json\/wp\/v2\/media?parent=20002"}],"wp:term":[{"taxonomy":"product_cat","embeddable":true,"href":"https:\/\/labostera.lt\/lv\/wp-json\/wp\/v2\/product_cat?post=20002"},{"taxonomy":"product_tag","embeddable":true,"href":"https:\/\/labostera.lt\/lv\/wp-json\/wp\/v2\/product_tag?post=20002"}],"curies":[{"name":"wp","href":"https:\/\/api.w.org\/{rel}","templated":true}]}}