{"id":20000,"date":"2024-03-12T15:39:30","date_gmt":"2024-03-12T13:39:30","guid":{"rendered":"http:\/\/labostera.lt\/?post_type=product&#038;p=20000"},"modified":"2024-10-18T15:21:07","modified_gmt":"2024-10-18T12:21:07","slug":"pilvo-palpacijos-modelio-rinkinys-erler-zimmer-abdominal-palpation-model-set","status":"publish","type":"product","link":"https:\/\/labostera.lt\/lv\/priemones-ir-iranga\/mokymo-priemones-ir-iranga\/modeliai-manekenai-muliazai\/pilvo-palpacijos-modelio-rinkinys-erler-zimmer-abdominal-palpation-model-set\/","title":{"rendered":"Erler-Zimmer v\u0113dera palp\u0101cijas mode\u013cu komplekts"},"content":{"rendered":"<h2><strong>Erler-Zimmer GmbH &amp; Co. KG V\u0113dera palp\u0101cijas mode\u013cu komplekts<\/strong>:<\/h2>\n<ul>\n<li>Modelis: R10075<\/li>\n<li>\u0160is mode\u013cu komplekts ir unik\u0101ls 3D m\u0101c\u012bbu l\u012bdzeklis, kas ir lieliski piem\u0113rots Leopolda manevru veik\u0161anai un v\u0113dera palp\u0101cijas demonstr\u0113\u0161anai, lai noteiktu aug\u013ca poz\u012bciju, prezent\u0101ciju un poz\u012bciju. V\u0113dera palp\u0101cijas model\u012b ir iek\u013cauts auglis ar kust\u012bg\u0101m rok\u0101m un k\u0101j\u0101m, stingriem s\u0113\u017eamvietas musku\u013ciem un galvu ar sataust\u0101miem priek\u0161\u0113jiem un aizmugur\u0113jiem avoti\u0146iem. Aug\u013ca \u0137ermenis noliecas, lai par\u0101d\u012btu visas prezent\u0101cijas un poz\u012bcijas. Auglis un komplekt\u0101 iek\u013caut\u0101 vinila b\u013coda ir ievietoti mode\u013ca v\u0113dera da\u013c\u0101. V\u0113ders, m\u012bksts audums, kas piestiprin\u0101ts ar Velcro siksn\u0101m pie pamatnes, pal\u012bdz vizualiz\u0113t un main\u012bt aug\u013ca poz\u012bcijas. Iek\u013cauts ir \u017eelejas spilventi\u0146\u0161, kas nodro\u0161ina papildu amortiz\u0101ciju auglim re\u0101listisk\u0101kai saj\u016btai, kust\u012bgas \u017eelejas paci\u0146as aug\u013c\u016bde\u0146u imit\u0101cijai un praktiskas rokasgr\u0101mata ar detaliz\u0113tiem ieteikumiem par mode\u013ca lieto\u0161anu. Komplekt\u0101 ietilpst ar\u012b papildu p\u0101rvietojami g\u0113la iepakojumi aug\u013c\u016bde\u0146u imit\u0113\u0161anai un p\u0101rn\u0113s\u0101\u0161anas soma.<\/li>\n<\/ul>\n<h3>V\u0113dera palp\u0101cijas mode\u013cu komplekti \u2013 <a href=\"http:\/\/labostera.lt\/lv\/product-brand\/erler-zimmer-gmbh-co-kg\/\">Erlera-Zimmera anatomijas grupa<\/a><\/h3>\n<p>Vair\u0101k inform\u0101cijas: <a href=\"https:\/\/erler-zimmer.de\/shop\/en\/9850\" target=\"_blank\" rel=\"noopener nofollow\">ra\u017eot\u0101ja t\u012bmek\u013ca vietn\u0113<\/a> vai nos\u016btiet mums piepras\u012bjumu!<\/p>","protected":false},"excerpt":{"rendered":"<p>Erlera-Zimmera v\u0113dera palp\u0101cijas mode\u013ca komplekts \u2013 ide\u0101li piem\u0113rots Leopolda manevru veik\u0161anai un aug\u013ca st\u0101vok\u013ca noteik\u0161anai.<\/p>","protected":false},"featured_media":20001,"template":"","meta":[],"product_cat":[75,79],"product_tag":[692,831,832,829,830,577,690,834,833,490],"class_list":{"0":"post-20000","1":"product","2":"type-product","3":"status-publish","4":"has-post-thumbnail","6":"product_brand-erler-zimmer-gmbh-co-kg","7":"product_cat-modeliai-manekenai-muliazai","8":"product_cat-mokymo-priemones-ir-iranga","9":"product_tag-erler-zimmer-gmbh-co-kg","10":"product_tag-medical-models","11":"product_tag-medical-simulators","12":"product_tag-medicininiai-modeliai","13":"product_tag-medicininiai-simuliatoriai","14":"product_tag-modeliai","15":"product_tag-models","16":"product_tag-pilvo-palpacijos-modelio-rinkinai","17":"product_tag-simulatoriai","18":"product_tag-simulators","20":"first","21":"onbackorder","22":"shipping-taxable","23":"purchasable","24":"product-type-simple"},"_links":{"self":[{"href":"https:\/\/labostera.lt\/lv\/wp-json\/wp\/v2\/product\/20000","targetHints":{"allow":["GET"]}}],"collection":[{"href":"https:\/\/labostera.lt\/lv\/wp-json\/wp\/v2\/product"}],"about":[{"href":"https:\/\/labostera.lt\/lv\/wp-json\/wp\/v2\/types\/product"}],"wp:featuredmedia":[{"embeddable":true,"href":"https:\/\/labostera.lt\/lv\/wp-json\/wp\/v2\/media\/20001"}],"wp:attachment":[{"href":"https:\/\/labostera.lt\/lv\/wp-json\/wp\/v2\/media?parent=20000"}],"wp:term":[{"taxonomy":"product_cat","embeddable":true,"href":"https:\/\/labostera.lt\/lv\/wp-json\/wp\/v2\/product_cat?post=20000"},{"taxonomy":"product_tag","embeddable":true,"href":"https:\/\/labostera.lt\/lv\/wp-json\/wp\/v2\/product_tag?post=20000"}],"curies":[{"name":"wp","href":"https:\/\/api.w.org\/{rel}","templated":true}]}}