{"id":19997,"date":"2024-03-12T15:06:14","date_gmt":"2024-03-12T13:06:14","guid":{"rendered":"http:\/\/labostera.lt\/?post_type=product&#038;p=19997"},"modified":"2024-10-18T15:21:08","modified_gmt":"2024-10-18T12:21:08","slug":"prabangus-gimdymo-modelio-rinkinys-erler-zimmer-deluxe-childbirth-model-set","status":"publish","type":"product","link":"https:\/\/labostera.lt\/lv\/priemones-ir-iranga\/mokymo-priemones-ir-iranga\/modeliai-manekenai-muliazai\/prabangus-gimdymo-modelio-rinkinys-erler-zimmer-deluxe-childbirth-model-set\/","title":{"rendered":"Erler-Zimmer Deluxe dzemd\u012bbu mode\u013cu komplekts"},"content":{"rendered":"<h2><strong>\u201eErler-Zimmer GmbH &amp; Co. KG luksusa dzemd\u012bbu mode\u013cu komplekts<\/strong>:<\/h2>\n<ul>\n<li>Modelis: R10074<\/li>\n<li>Ar \u0161o b\u016btisko komplektu j\u016bs varat viegli nodemonstr\u0113t dzemd\u012bbu procesu. 48 cm garais aug\u013ca modelis att\u0113lo vidusm\u0113ra pilna laika b\u0113rnu. \u0136ermenis noliecas, lai par\u0101d\u012btu visas prezent\u0101cijas un poz\u012bcijas, un galvai ir sataust\u0101mi priek\u0161\u0113jie un aizmugur\u0113jie avoti\u0146i. Starpenes audu modelis (13 x 16,5 cm) ir ide\u0101li piem\u0113rots starpenes papla\u0161in\u0101\u0161an\u0101s, iesp\u0113jam\u0101s epiziotomijas un aug\u013ca galvas izejas demonstr\u0113\u0161anai. Audi ir dro\u0161i piestiprin\u0101ti pie m\u016bsu elast\u012bg\u0101 iegur\u0146a mode\u013ca ar elast\u012bg\u0101m lent\u0113m un piegu\u013c aug\u013ca mode\u013ca galvai. Elast\u012bgo iegur\u0146a modeli var manipul\u0113t, lai par\u0101d\u012btu, k\u0101 iegurnis kustas, lai piel\u0101gotos dzemd\u012bb\u0101m. Placentas\/vainagpl\u0113ves\/amnija\/horiona modelis \u013cauj par\u0101d\u012bt aug\u013ca modeli simul\u0113t\u0101 aug\u013c\u016bde\u0146ra\u017ea maisi\u0146\u0101. Aizdare skaidri par\u0101da v\u0113nas un art\u0113rijas, un \u0113rt\u0101 nabassaites aizdare dro\u0161i aizveras. Amnija un horiona membr\u0101nas ir prec\u012bzas div\u0101s kr\u0101s\u0101s. Placentas izm\u0113ri ir 18 x 20 cm.<\/li>\n<\/ul>\n<h3>Luksusa dzim\u0161anas mode\u013cu komplekti \u2013 <a href=\"http:\/\/labostera.lt\/lv\/product-brand\/erler-zimmer-gmbh-co-kg\/\">Erlera-Zimmera anatomijas grupa<\/a><\/h3>\n<p>Vair\u0101k inform\u0101cijas: <a href=\"https:\/\/erler-zimmer.de\/shop\/en\/9849\" target=\"_blank\" rel=\"noopener nofollow\">ra\u017eot\u0101ja t\u012bmek\u013ca vietn\u0113<\/a> vai nos\u016btiet mums piepras\u012bjumu!<\/p>","protected":false},"excerpt":{"rendered":"<p>Erler-Zimmer \u2013 grezns dzemd\u012bbu mode\u013cu komplekts. Ide\u0101li piem\u0113rots dzemd\u012bbu procesa demonstr\u0113\u0161anai.<\/p>","protected":false},"featured_media":19999,"template":"","meta":[],"product_cat":[75,79],"product_tag":[692,726,831,832,829,830,577,690,833,490],"class_list":{"0":"post-19997","1":"product","2":"type-product","3":"status-publish","4":"has-post-thumbnail","6":"product_brand-erler-zimmer-gmbh-co-kg","7":"product_cat-modeliai-manekenai-muliazai","8":"product_cat-mokymo-priemones-ir-iranga","9":"product_tag-erler-zimmer-gmbh-co-kg","10":"product_tag-gimdymo-modeliai","11":"product_tag-medical-models","12":"product_tag-medical-simulators","13":"product_tag-medicininiai-modeliai","14":"product_tag-medicininiai-simuliatoriai","15":"product_tag-modeliai","16":"product_tag-models","17":"product_tag-simulatoriai","18":"product_tag-simulators","20":"first","21":"onbackorder","22":"shipping-taxable","23":"purchasable","24":"product-type-simple"},"_links":{"self":[{"href":"https:\/\/labostera.lt\/lv\/wp-json\/wp\/v2\/product\/19997","targetHints":{"allow":["GET"]}}],"collection":[{"href":"https:\/\/labostera.lt\/lv\/wp-json\/wp\/v2\/product"}],"about":[{"href":"https:\/\/labostera.lt\/lv\/wp-json\/wp\/v2\/types\/product"}],"wp:featuredmedia":[{"embeddable":true,"href":"https:\/\/labostera.lt\/lv\/wp-json\/wp\/v2\/media\/19999"}],"wp:attachment":[{"href":"https:\/\/labostera.lt\/lv\/wp-json\/wp\/v2\/media?parent=19997"}],"wp:term":[{"taxonomy":"product_cat","embeddable":true,"href":"https:\/\/labostera.lt\/lv\/wp-json\/wp\/v2\/product_cat?post=19997"},{"taxonomy":"product_tag","embeddable":true,"href":"https:\/\/labostera.lt\/lv\/wp-json\/wp\/v2\/product_tag?post=19997"}],"curies":[{"name":"wp","href":"https:\/\/api.w.org\/{rel}","templated":true}]}}