{"id":19994,"date":"2024-03-12T14:15:51","date_gmt":"2024-03-12T12:15:51","guid":{"rendered":"http:\/\/labostera.lt\/?post_type=product&#038;p=19994"},"modified":"2024-10-18T15:21:09","modified_gmt":"2024-10-18T12:21:09","slug":"pulingo-kelio-sanario-artrito-3d-modelis-erler-zimmer-suppurative-arthritis-of-the-knee-3d-printed-model","status":"publish","type":"product","link":"https:\/\/labostera.lt\/lv\/priemones-ir-iranga\/mokymo-priemones-ir-iranga\/modeliai-manekenai-muliazai\/pulingo-kelio-sanario-artrito-3d-modelis-erler-zimmer-suppurative-arthritis-of-the-knee-3d-printed-model\/","title":{"rendered":"Erlera-Zimmera ce\u013ca loc\u012btavas strutain\u0101 artr\u012bta 3D druk\u0101tais modelis"},"content":{"rendered":"<h2><strong>Erler-Zimmer GmbH &amp; Co. KG 3D ce\u013ca loc\u012btavas artr\u012bta modelis 3D modelis<\/strong>:<\/h2>\n<ul>\n<li>Modelis: MP2119<\/li>\n<li>Kl\u012bnisk\u0101 v\u0113sture:<br \/>\n82 gadus vecajam v\u012brietim b\u0113rn\u012bb\u0101 bija tuberkuloze. P\u0113d\u0113j\u0101s 10 dienas pirms ievieto\u0161anas slimn\u012bc\u0101 vi\u0146\u0161 cieta no s\u0101p\u012bgas, piet\u016bku\u0161as ce\u013ca loc\u012btavas. Izmekl\u0113\u0161an\u0101 tika konstat\u0113ts iekaisums ce\u013ca loc\u012btav\u0101, s\u0101pes kust\u012bb\u0101, kas nedaudz uzlaboj\u0101s p\u0113c antibiotiku terapijas un atp\u016btas. Rentgena izmekl\u0113\u0161an\u0101 tika konstat\u0113ta ce\u013ca loc\u012btavas destrukt\u012bva boj\u0101eja, un 3 dienas p\u0113c oper\u0101cijas tika veikta aug\u0161stilba vidusda\u013cas amput\u0101cija. P\u0113coper\u0101cijas atvese\u013co\u0161an\u0101s bija apmierino\u0161a.<\/li>\n<li>Patolo\u0123ija:<br \/>\nParaug\u0101 redzamas aug\u0161stilba kaula un stilba kaula loc\u012btavu virsmas. Loc\u012btavu virsmas ir \u013coti nodilu\u0161as. Tie ir br\u016bn\u0101 kr\u0101s\u0101, \u013coti neregul\u0101ri un satur peldo\u0161as l\u012bm\u0113jo\u0161as un dzeltenas nekrotiskas vielas pl\u0101ksnes. Nav norm\u0101la loc\u012btavu skrim\u0161\u013ca. Aug\u0161stilba kaula kondili satur vair\u0101kus neregul\u0101rus, da\u017e\u0101da izm\u0113ra kaulainus izaugumus (l\u012bdz 1 cm diametr\u0101). No loc\u012btavas tika kultiv\u0113ts Staphylococcus aureus. \u0160is ir strutaina artr\u012bta piem\u0113rs loc\u012btav\u0101, kuru iepriek\u0161 sk\u0101rusi tuberkuloze.<\/li>\n<li>Papildinform\u0101cija:<br \/>\nStrutaino artr\u012btu parasti izraisa bakteri\u0101la infekcija loc\u012btav\u0101. Diagnozi veic, analiz\u0113jot sinovi\u0101lo \u0161\u0137idrumu, ieskaitot mikroskopisko izmekl\u0113\u0161anu un kultiv\u0113\u0161anu. Strutainu loc\u012btavas artr\u012btu sauc ar\u012b par pirartr\u012btu, bakteri\u0101lu vai septisku artr\u012btu. Pacientiem ar ak\u016btu vai hronisku monoartr\u012btu, kuriem ir patolo\u0123iska kr\u016b\u0161kurvja rentgenogr\u0101fija, eozinofilija vai tuberkulozes anamn\u0113ze, j\u0101apsver tuberkuloza septiska artr\u012bta iesp\u0113jam\u012bba.<\/li>\n<\/ul>\n<h3>Strutaina ce\u013ca loc\u012btavas artr\u012bta 3D mode\u013ci \u2013 <a href=\"http:\/\/labostera.lt\/lv\/product-brand\/erler-zimmer-gmbh-co-kg\/\">Erlera-Zimmera anatomijas grupa<\/a><\/h3>\n<p>Vair\u0101k inform\u0101cijas: <a href=\"https:\/\/erler-zimmer.de\/shop\/en\/11446\" target=\"_blank\" rel=\"noopener nofollow\">ra\u017eot\u0101ja t\u012bmek\u013ca vietn\u0113<\/a> vai nos\u016btiet mums piepras\u012bjumu!<\/p>","protected":false},"excerpt":{"rendered":"<p>Erlera-Zimmera strutain\u0101 ce\u013ca loc\u012btavas artr\u012bta 3D modelis \u2013 lielisks m\u0101c\u012bbu l\u012bdzeklis.<\/p>","protected":false},"featured_media":19995,"template":"","meta":[],"product_cat":[75,79],"product_tag":[729,728,692,577,690,828],"class_list":{"0":"post-19994","1":"product","2":"type-product","3":"status-publish","4":"has-post-thumbnail","6":"product_brand-erler-zimmer-gmbh-co-kg","7":"product_cat-modeliai-manekenai-muliazai","8":"product_cat-mokymo-priemones-ir-iranga","9":"product_tag-3d-printed-models","10":"product_tag-3d-spausdinti-modeliai","11":"product_tag-erler-zimmer-gmbh-co-kg","12":"product_tag-modeliai","13":"product_tag-models","14":"product_tag-pulingo-kelio-sanario-artrito-modeliai","16":"first","17":"onbackorder","18":"shipping-taxable","19":"purchasable","20":"product-type-simple"},"_links":{"self":[{"href":"https:\/\/labostera.lt\/lv\/wp-json\/wp\/v2\/product\/19994","targetHints":{"allow":["GET"]}}],"collection":[{"href":"https:\/\/labostera.lt\/lv\/wp-json\/wp\/v2\/product"}],"about":[{"href":"https:\/\/labostera.lt\/lv\/wp-json\/wp\/v2\/types\/product"}],"wp:featuredmedia":[{"embeddable":true,"href":"https:\/\/labostera.lt\/lv\/wp-json\/wp\/v2\/media\/19995"}],"wp:attachment":[{"href":"https:\/\/labostera.lt\/lv\/wp-json\/wp\/v2\/media?parent=19994"}],"wp:term":[{"taxonomy":"product_cat","embeddable":true,"href":"https:\/\/labostera.lt\/lv\/wp-json\/wp\/v2\/product_cat?post=19994"},{"taxonomy":"product_tag","embeddable":true,"href":"https:\/\/labostera.lt\/lv\/wp-json\/wp\/v2\/product_tag?post=19994"}],"curies":[{"name":"wp","href":"https:\/\/api.w.org\/{rel}","templated":true}]}}