{"id":19991,"date":"2024-03-12T13:32:52","date_gmt":"2024-03-12T11:32:52","guid":{"rendered":"http:\/\/labostera.lt\/?post_type=product&#038;p=19991"},"modified":"2024-10-18T15:21:10","modified_gmt":"2024-10-18T12:21:10","slug":"osteochondrozes-3d-modelis-erler-zimmer-osteochondroma-3d-printed-model","status":"publish","type":"product","link":"https:\/\/labostera.lt\/lv\/priemones-ir-iranga\/mokymo-priemones-ir-iranga\/modeliai-manekenai-muliazai\/osteochondrozes-3d-modelis-erler-zimmer-osteochondroma-3d-printed-model\/","title":{"rendered":"Osteohondrozes 3D modelis Erlera-Zimmera osteohondromas 3D druk\u0101tais modelis"},"content":{"rendered":"<h2><strong>Erler-Zimmer GmbH &amp; Co. KG osteohondrozes 3D modelis<\/strong>:<\/h2>\n<ul>\n<li>Modelis: MP2118<\/li>\n<li>Kl\u012bnisk\u0101 v\u0113sture:<br \/>\n61 gadu vecs v\u012brietis ar prostatas v\u0113zi apmekl\u0113 pirmsoper\u0101cijas izmekl\u0113jumu pirms prostatas iz\u0146em\u0161anas. Pirmk\u0101rt, vi\u0146\u0161 j\u016btas labi, bez liel\u0101m s\u016bdz\u012bb\u0101m. Simptomu p\u0101rskat\u012b\u0161anas laik\u0101 tiek atz\u012bm\u0113ts, ka vi\u0146am ir past\u0101v\u012bgas s\u0101pes labaj\u0101 k\u0101j\u0101, ko vi\u0146a \u0123imenes \u0101rsts ir nosaucis par osteoartr\u012btu. Lai izsl\u0113gtu prostatas karcinomas kaulu metast\u0101zes, tiek veikta ce\u013ca loc\u012btavas rentgenogr\u0101fija, kur\u0101 redzama kaula izauguma projekcija no lab\u0101s aug\u0161stilba dist\u0101l\u0101s da\u013cas iek\u0161\u0113j\u0101s puses. Vi\u0146am tiek iz\u0146emta prostata, bet v\u0113l\u0101k vi\u0146\u0161 mirst no p\u0113coper\u0101cijas plau\u0161u embolijas.<\/li>\n<li>Patolo\u0123ija:<br \/>\nParaugs ir pacienta lab\u0101 aug\u0161stilba kaula apak\u0161da\u013ca, kur\u0101 iegriezta kron\u0113ta pl\u0101ksne, lai par\u0101d\u012btu \u0101r\u0113j\u0101s virsmas. 7 cm att\u0101lum\u0101 no lab\u0101 aug\u0161stilba kaula iek\u0161\u0113j\u0101s da\u013cas ir 2 cm gar\u0161 stumbra formas kaulains izvirz\u012bjums. Projekcija sast\u0101v no norm\u0101la kaula ar pl\u0101nu hial\u012bna skrim\u0161\u013ca v\u0101ci\u0146u gal\u0101. \u0160is ir osteohondromas piem\u0113rs.<\/li>\n<li>Papildinform\u0101cija:<br \/>\nOsteohondroma (vai eksostoze) ir labdab\u012bgs skrim\u0161\u013ca audz\u0113js. Tie veido skrim\u0161\u013cainu kaula izvirz\u012bjumu no kaula \u0101r\u0113j\u0101s virsmas, no kuras tie rodas. \u0160ie ir visizplat\u012bt\u0101kie labdab\u012bgie kaulu audz\u0113ji.<\/li>\n<\/ul>\n<h3>Osteohondrozes 3D mode\u013ci \u2013 <a href=\"http:\/\/labostera.lt\/lv\/product-brand\/erler-zimmer-gmbh-co-kg\/\">Erlera-Zimmera anatomijas grupa<\/a><\/h3>\n<p>Vair\u0101k inform\u0101cijas: <a href=\"https:\/\/erler-zimmer.de\/shop\/en\/11445\" target=\"_blank\" rel=\"noopener nofollow\">ra\u017eot\u0101ja t\u012bmek\u013ca vietn\u0113<\/a> vai nos\u016btiet mums piepras\u012bjumu!<\/p>","protected":false},"excerpt":{"rendered":"<p>Erlera-Zimmera osteohondrozes 3D modelis \u2013 m\u0101c\u012bbu un p\u0113tniec\u012bbas r\u012bks.<\/p>","protected":false},"featured_media":19992,"template":"","meta":[],"product_cat":[75,79],"product_tag":[729,728,692,577,690,827],"class_list":{"0":"post-19991","1":"product","2":"type-product","3":"status-publish","4":"has-post-thumbnail","6":"product_brand-erler-zimmer-gmbh-co-kg","7":"product_cat-modeliai-manekenai-muliazai","8":"product_cat-mokymo-priemones-ir-iranga","9":"product_tag-3d-printed-models","10":"product_tag-3d-spausdinti-modeliai","11":"product_tag-erler-zimmer-gmbh-co-kg","12":"product_tag-modeliai","13":"product_tag-models","14":"product_tag-osteochondrozes-modeliai","16":"first","17":"onbackorder","18":"shipping-taxable","19":"purchasable","20":"product-type-simple"},"_links":{"self":[{"href":"https:\/\/labostera.lt\/lv\/wp-json\/wp\/v2\/product\/19991","targetHints":{"allow":["GET"]}}],"collection":[{"href":"https:\/\/labostera.lt\/lv\/wp-json\/wp\/v2\/product"}],"about":[{"href":"https:\/\/labostera.lt\/lv\/wp-json\/wp\/v2\/types\/product"}],"wp:featuredmedia":[{"embeddable":true,"href":"https:\/\/labostera.lt\/lv\/wp-json\/wp\/v2\/media\/19992"}],"wp:attachment":[{"href":"https:\/\/labostera.lt\/lv\/wp-json\/wp\/v2\/media?parent=19991"}],"wp:term":[{"taxonomy":"product_cat","embeddable":true,"href":"https:\/\/labostera.lt\/lv\/wp-json\/wp\/v2\/product_cat?post=19991"},{"taxonomy":"product_tag","embeddable":true,"href":"https:\/\/labostera.lt\/lv\/wp-json\/wp\/v2\/product_tag?post=19991"}],"curies":[{"name":"wp","href":"https:\/\/api.w.org\/{rel}","templated":true}]}}