{"id":19988,"date":"2024-03-12T11:40:47","date_gmt":"2024-03-12T09:40:47","guid":{"rendered":"http:\/\/labostera.lt\/?post_type=product&#038;p=19988"},"modified":"2024-10-18T15:21:11","modified_gmt":"2024-10-18T12:21:11","slug":"metastazavusios-piktybines-melanomos-3d-modelis-erler-zimmer-metastatic-malignant-melanoma-3d-printed-model","status":"publish","type":"product","link":"https:\/\/labostera.lt\/lv\/priemones-ir-iranga\/mokymo-priemones-ir-iranga\/modeliai-manekenai-muliazai\/metastazavusios-piktybines-melanomos-3d-modelis-erler-zimmer-metastatic-malignant-melanoma-3d-printed-model\/","title":{"rendered":"Erlera-Zimmera metast\u0101tiskas \u013caundab\u012bgas melanomas 3D druk\u0101tais modelis"},"content":{"rendered":"<h2><strong>Erler-Zimmer GmbH &amp; Co. KG metast\u0101tiskas \u013caundab\u012bgas melanomas 3D modelis<\/strong>:<\/h2>\n<ul>\n<li>Modelis: MP2117<\/li>\n<li>Kl\u012bnisk\u0101 v\u0113sture:<br \/>\n65 gadus vecs v\u012brietis s\u016bdz\u0113j\u0101s par s\u0101p\u0113m kreisaj\u0101 aug\u0161stilb\u0101. Vi\u0146am ir diagnostic\u0113ta \u0101das melanoma uz kreis\u0101s k\u0101jas, kas \u0101rst\u0113ta ar \u0137irur\u0123isku izgrie\u0161anu un staru terapiju. Izmekl\u0113\u0161an\u0101 vi\u0146am bija kaheksija ar liel\u0101m, palielin\u0101t\u0101m akn\u0101m un izdalo\u0161u deguna blakusdobumu kreisaj\u0101 aug\u0161stilb\u0101, ko ieskauj melni mezgli\u0146i. Vi\u0146\u0161 tika hospitaliz\u0113ts un nomira no slimn\u012bc\u0101 ieg\u016btas pneimonijas.<\/li>\n<li>Patolo\u0123ija:<br \/>\nParaugs ir pacienta proksim\u0101lais labais aug\u0161stilba kauls, kas p\u0101rgriezts gar\u0101k, lai par\u0101d\u012btu griezuma virsmu. Kan\u0101ls ir piepild\u012bts ar audz\u0113ja audiem, kuru kr\u0101sa main\u0101s no gai\u0161i br\u016bnas l\u012bdz melnai. Spongiozais kauls tika piln\u012bb\u0101 izn\u012bcin\u0101ts ar liel\u0101kiem nogulumiem, kas izskat\u0101s tum\u0161i un kuru maksim\u0101lais diametrs ir l\u012bdz 3 cm. Citviet gai\u0161i br\u016bns audz\u0113js dif\u016bzi infiltr\u0113jas kaulu smadzen\u0113s. Kortik\u0101lais kauls tika saudz\u0113ts, lai gan v\u0101rpstas un kakla savienojum\u0101 medi\u0101lais kortik\u0101lais kauls ir main\u012bjis kr\u0101su un sabiez\u0113jis. T\u0101s ir metast\u0101tiskas vietas no \u0101das melanomas.<\/li>\n<li>Papildinform\u0101cija:<br \/>\nMelanoma ir \u013caundab\u012bgs \u0101das v\u0113zis, kas saist\u012bts ar UV staru iedarb\u012bbu no saules vai sol\u0101rija. Citi melanomas att\u012bst\u012bbas riska faktori ir gai\u0161a \u0101das kr\u0101sa, liels melanoc\u012btu nevi skaits, smagi saules apdegumi b\u0113rn\u012bb\u0101 un im\u016bnsupresija. Tas veido aptuveni 51% no visiem \u0101das v\u0113\u017ea gad\u012bjumiem, bet tam ir visaugst\u0101kais mirst\u012bbas l\u012bmenis no visiem \u0101das v\u0113\u017ea veidiem.<\/li>\n<\/ul>\n<h3>Metast\u0101tiskas \u013caundab\u012bgas melanomas 3D mode\u013ci \u2013 <a href=\"http:\/\/labostera.lt\/lv\/product-brand\/erler-zimmer-gmbh-co-kg\/\">Erlera-Zimmera anatomijas grupa<\/a><\/h3>\n<p>Vair\u0101k inform\u0101cijas: <a href=\"https:\/\/erler-zimmer.de\/shop\/en\/11444\" target=\"_blank\" rel=\"noopener nofollow\">ra\u017eot\u0101ja t\u012bmek\u013ca vietn\u0113<\/a> vai nos\u016btiet mums piepras\u012bjumu!<\/p>","protected":false},"excerpt":{"rendered":"<p>Erlera-Zimmera metast\u0101tiskas \u013caundab\u012bgas melanomas 3D modelis \u2013 m\u0101c\u012bbu un p\u0113tniec\u012bbas r\u012bks.<\/p>","protected":false},"featured_media":19989,"template":"","meta":[],"product_cat":[75,79],"product_tag":[729,728,692,826,577,690],"class_list":{"0":"post-19988","1":"product","2":"type-product","3":"status-publish","4":"has-post-thumbnail","6":"product_brand-erler-zimmer-gmbh-co-kg","7":"product_cat-modeliai-manekenai-muliazai","8":"product_cat-mokymo-priemones-ir-iranga","9":"product_tag-3d-printed-models","10":"product_tag-3d-spausdinti-modeliai","11":"product_tag-erler-zimmer-gmbh-co-kg","12":"product_tag-metastazavusios-piktybines-melanomos-modeliai","13":"product_tag-modeliai","14":"product_tag-models","16":"first","17":"onbackorder","18":"shipping-taxable","19":"purchasable","20":"product-type-simple"},"_links":{"self":[{"href":"https:\/\/labostera.lt\/lv\/wp-json\/wp\/v2\/product\/19988","targetHints":{"allow":["GET"]}}],"collection":[{"href":"https:\/\/labostera.lt\/lv\/wp-json\/wp\/v2\/product"}],"about":[{"href":"https:\/\/labostera.lt\/lv\/wp-json\/wp\/v2\/types\/product"}],"wp:featuredmedia":[{"embeddable":true,"href":"https:\/\/labostera.lt\/lv\/wp-json\/wp\/v2\/media\/19989"}],"wp:attachment":[{"href":"https:\/\/labostera.lt\/lv\/wp-json\/wp\/v2\/media?parent=19988"}],"wp:term":[{"taxonomy":"product_cat","embeddable":true,"href":"https:\/\/labostera.lt\/lv\/wp-json\/wp\/v2\/product_cat?post=19988"},{"taxonomy":"product_tag","embeddable":true,"href":"https:\/\/labostera.lt\/lv\/wp-json\/wp\/v2\/product_tag?post=19988"}],"curies":[{"name":"wp","href":"https:\/\/api.w.org\/{rel}","templated":true}]}}