{"id":19983,"date":"2024-03-12T10:56:14","date_gmt":"2024-03-12T08:56:14","guid":{"rendered":"http:\/\/labostera.lt\/?post_type=product&#038;p=19983"},"modified":"2024-10-18T15:21:12","modified_gmt":"2024-10-18T12:21:12","slug":"chondrosarkomos-3d-modelis-erler-zimmer-chondrosarcoma-3d-printed-model","status":"publish","type":"product","link":"https:\/\/labostera.lt\/lv\/priemones-ir-iranga\/mokymo-priemones-ir-iranga\/modeliai-manekenai-muliazai\/chondrosarkomos-3d-modelis-erler-zimmer-chondrosarcoma-3d-printed-model\/","title":{"rendered":"Hondrosarkomas 3D modelis Erlera-Zimmera hondrosarkomas 3D druk\u0101tais modelis"},"content":{"rendered":"<h2><strong>Hondrosarkomas 3D modelis no Erler-Zimmer GmbH &amp; Co. KG<\/strong>:<\/h2>\n<ul>\n<li>Modelis: MP2116<\/li>\n<li>Kl\u012bnisk\u0101 v\u0113sture:<br \/>\n57 gadus vecs v\u012brietis v\u0113rs\u0101s pie \u0101rsta ar atk\u0101rtot\u0101m s\u0101p\u0113m labaj\u0101 aug\u0161stilba kaul\u0101. Izmekl\u0113\u0161anas laik\u0101 labaj\u0101 aug\u0161stilba kaul\u0101 netika konstat\u0113tas nek\u0101das novirzes. Aug\u0161stilba kaula rentgenogramm\u0101 bija redzama kaula resorbcija, kas saist\u012bta ar palielin\u0101\u0161anos un perioste\u0101lu reakciju proksim\u0101li labaj\u0101 aug\u0161stilba kaul\u0101. Ekstremit\u0101\u0161u datortomogr\u0101fij\u0101 tika atkl\u0101ta masa proksim\u0101li labajam aug\u0161stilba kaulam. No audz\u0113ja tika pa\u0146emts paraugs. V\u0113l\u0101k vi\u0146am tika veikta lab\u0101 aug\u0161stilba kaula atjauno\u0161anas oper\u0101cija ar implanta nomai\u0146u.<\/li>\n<li>Patolo\u0123ija:<br \/>\nParaug\u0101 ietilpst lab\u0101 aug\u0161stilba kaula galva, kakls un \u0137erme\u0146a aug\u0161\u0113j\u0101 tre\u0161da\u013ca, kas p\u0101rgriezti gareniski, lai par\u0101d\u012btu griezuma virsmu. Materi\u0101la kan\u0101l\u0101 v\u0101rpstas aug\u0161da\u013c\u0101 ir ov\u0101ls audz\u0113js ar maksim\u0101lo diametru 6,5 cm. Audz\u0113js nav ieskauts, un tam ir hemor\u0101\u0123iska, gai\u0161a hial\u012bna un cistiska virsma. Histolo\u0123iski t\u0101 ir zemas pak\u0101pes hondrosarkoma.<\/li>\n<li>Papildinform\u0101cija:<br \/>\nHondrosarkomas ir \u013caundab\u012bgi kaulu audz\u0113ji, kas ra\u017eo skrim\u0161\u013cus. Tas ir tre\u0161ais izplat\u012bt\u0101kais prim\u0101rais kaulu \u013caundab\u012bgais audz\u0113js p\u0113c mielomas un osteosarkomas. Parastie audz\u0113ji ir visizplat\u012bt\u0101kais hondrosarkomas apak\u0161tips, kas veido 90% gad\u012bjumus. Ret\u0101k diagnostic\u0113tie apak\u0161tipi ietver skaidru \u0161\u016bnu, diferenc\u0113tas un mezenhim\u0101las hondrosarkomas.<\/li>\n<\/ul>\n<h3>Hondrosarkomas 3D mode\u013ci \u2013 <a href=\"http:\/\/labostera.lt\/lv\/product-brand\/erler-zimmer-gmbh-co-kg\/\">Erlera-Zimmera anatomijas grupa<\/a><\/h3>\n<p>Vair\u0101k inform\u0101cijas: <a href=\"https:\/\/erler-zimmer.de\/shop\/en\/11443\" target=\"_blank\" rel=\"noopener nofollow\">ra\u017eot\u0101ja t\u012bmek\u013ca vietn\u0113<\/a> vai nos\u016btiet mums piepras\u012bjumu!<\/p>","protected":false},"excerpt":{"rendered":"<p>Erlera-Zimmera hondrosarkomas 3D modelis \u2014 m\u0101c\u012bbu un p\u0113tniec\u012bbas r\u012bks.<\/p>","protected":false},"featured_media":19986,"template":"","meta":[],"product_cat":[75,79],"product_tag":[729,728,825,692,577,690],"class_list":{"0":"post-19983","1":"product","2":"type-product","3":"status-publish","4":"has-post-thumbnail","6":"product_brand-erler-zimmer-gmbh-co-kg","7":"product_cat-modeliai-manekenai-muliazai","8":"product_cat-mokymo-priemones-ir-iranga","9":"product_tag-3d-printed-models","10":"product_tag-3d-spausdinti-modeliai","11":"product_tag-chondrosarkomos-modeliai","12":"product_tag-erler-zimmer-gmbh-co-kg","13":"product_tag-modeliai","14":"product_tag-models","16":"first","17":"onbackorder","18":"shipping-taxable","19":"purchasable","20":"product-type-simple"},"_links":{"self":[{"href":"https:\/\/labostera.lt\/lv\/wp-json\/wp\/v2\/product\/19983","targetHints":{"allow":["GET"]}}],"collection":[{"href":"https:\/\/labostera.lt\/lv\/wp-json\/wp\/v2\/product"}],"about":[{"href":"https:\/\/labostera.lt\/lv\/wp-json\/wp\/v2\/types\/product"}],"wp:featuredmedia":[{"embeddable":true,"href":"https:\/\/labostera.lt\/lv\/wp-json\/wp\/v2\/media\/19986"}],"wp:attachment":[{"href":"https:\/\/labostera.lt\/lv\/wp-json\/wp\/v2\/media?parent=19983"}],"wp:term":[{"taxonomy":"product_cat","embeddable":true,"href":"https:\/\/labostera.lt\/lv\/wp-json\/wp\/v2\/product_cat?post=19983"},{"taxonomy":"product_tag","embeddable":true,"href":"https:\/\/labostera.lt\/lv\/wp-json\/wp\/v2\/product_tag?post=19983"}],"curies":[{"name":"wp","href":"https:\/\/api.w.org\/{rel}","templated":true}]}}