{"id":19980,"date":"2024-03-12T09:49:12","date_gmt":"2024-03-12T07:49:12","guid":{"rendered":"http:\/\/labostera.lt\/?post_type=product&#038;p=19980"},"modified":"2024-10-18T15:21:13","modified_gmt":"2024-10-18T12:21:13","slug":"slaunikaulio-osteosarkomos-3d-modelis-erler-zimmer-osteosarcoma-of-femur-3d-printed-model","status":"publish","type":"product","link":"https:\/\/labostera.lt\/lv\/priemones-ir-iranga\/mokymo-priemones-ir-iranga\/modeliai-manekenai-muliazai\/slaunikaulio-osteosarkomos-3d-modelis-erler-zimmer-osteosarcoma-of-femur-3d-printed-model\/","title":{"rendered":"Erlera-Zimmera aug\u0161stilba kaula osteosarkomas 3D druk\u0101tais modelis"},"content":{"rendered":"<h2><strong>\u201eErler-Zimmer GmbH &amp; Co. KG aug\u0161stilba kaula osteosarkomas 3D modelis<\/strong>:<\/h2>\n<ul>\n<li>Modelis: MP2115<\/li>\n<li>Kl\u012bnisk\u0101 v\u0113sture:<br \/>\n16 gadus vecs z\u0113ns v\u0113rs\u0101s pie \u0101rsta ar 3 m\u0113ne\u0161us ilgu anamn\u0113zi par arvien pieaugo\u0161u piet\u016bkumu un s\u0101p\u0113m labaj\u0101 ce\u013cgal\u0101. Izmekl\u0113\u0161an\u0101 virs lab\u0101 ce\u013ca bija j\u016btams s\u0101p\u012bgs piet\u016bkums. Asins anal\u012bzes uzr\u0101d\u012bja paaugstin\u0101tu s\u0101rmain\u0101s fosfat\u0101zes l\u012bmeni. Ce\u013ca rentgenogramm\u0101 bija redzamas periost\u0101la reakt\u012bvas izmai\u0146as dist\u0101laj\u0101 aug\u0161stilba kaul\u0101, kas liecin\u0101ja par kaula \u013caundab\u012bgu audz\u0113ju. Pirms \u0137\u012bmijterapijas pacientam tika veikta lab\u0101 aug\u0161stilba kaula rezekcija. Vi\u0146\u0161 piln\u012bb\u0101 atvese\u013coj\u0101s.<\/li>\n<li>Patolo\u0123ija:<br \/>\n\u0160is paraugs ir pacientam izgriezta dist\u0101l\u0101 aug\u0161stilba kaula da\u013ca. Griezuma virsm\u0101 redzams liels, b\u0101ls, infiltr\u0113ts audz\u0113js, 10 cm liels, kas stiepjas cauri periosteum proksim\u0101li loc\u012btavas virsmai. \u0160\u012b ir aug\u0161stilba kaula osteosarkoma.<\/li>\n<li>Papildinform\u0101cija:<br \/>\nOsteosarkomas ir \u013caundab\u012bgi kaulu audz\u0113ji, kam rakstur\u012bga osteo\u012bd\u0101s matrices vai neabsorb\u0113ta kaula veido\u0161an\u0101s. Tie ir visizplat\u012bt\u0101kais prim\u0101rais kaulu \u013caundab\u012bgais audz\u0113js. Liel\u0101k\u0101 da\u013ca gad\u012bjumu rodas aug\u0161stilba kaula dist\u0101laj\u0101 da\u013c\u0101, un visbie\u017e\u0101k skart\u0101s zonas ir cirk\u0161\u0146a un pleca loc\u012btavas. V\u012brie\u0161i tiek skarti bie\u017e\u0101k nek\u0101 sievietes. T\u0101s rodas divf\u0101zisk\u0101 vecuma sadal\u012bjum\u0101, liel\u0101k\u0101 da\u013ca gad\u012bjumu rodas b\u0113rn\u012bb\u0101 un pusaud\u017ea gados pirms 20 gadu vecuma, bet otrais maksimums ir vec\u0101k\u0101 vecum\u0101, virs 60 gadiem.<\/li>\n<\/ul>\n<h3>Aug\u0161stilba kaula osteosarkomas 3D mode\u013ci \u2013 <a href=\"http:\/\/labostera.lt\/lv\/product-brand\/erler-zimmer-gmbh-co-kg\/\">Erlera-Zimmera anatomijas grupa<\/a><\/h3>\n<p>Vair\u0101k inform\u0101cijas: <a href=\"https:\/\/erler-zimmer.de\/shop\/en\/11441\" target=\"_blank\" rel=\"noopener nofollow\">ra\u017eot\u0101ja t\u012bmek\u013ca vietn\u0113<\/a> vai nos\u016btiet mums piepras\u012bjumu!<\/p>","protected":false},"excerpt":{"rendered":"<p>Erlera-Zimmera aug\u0161stilba kaula osteosarkomas 3D modelis \u2013 p\u0113tniec\u012bbas un m\u0101c\u012bbu l\u012bdzeklis.<\/p>","protected":false},"featured_media":19981,"template":"","meta":[],"product_cat":[75,79],"product_tag":[729,728,692,577,690,824],"class_list":{"0":"post-19980","1":"product","2":"type-product","3":"status-publish","4":"has-post-thumbnail","6":"product_brand-erler-zimmer-gmbh-co-kg","7":"product_cat-modeliai-manekenai-muliazai","8":"product_cat-mokymo-priemones-ir-iranga","9":"product_tag-3d-printed-models","10":"product_tag-3d-spausdinti-modeliai","11":"product_tag-erler-zimmer-gmbh-co-kg","12":"product_tag-modeliai","13":"product_tag-models","14":"product_tag-slaunikaulio-osteosarkomos-modeliai","16":"first","17":"onbackorder","18":"shipping-taxable","19":"purchasable","20":"product-type-simple"},"_links":{"self":[{"href":"https:\/\/labostera.lt\/lv\/wp-json\/wp\/v2\/product\/19980","targetHints":{"allow":["GET"]}}],"collection":[{"href":"https:\/\/labostera.lt\/lv\/wp-json\/wp\/v2\/product"}],"about":[{"href":"https:\/\/labostera.lt\/lv\/wp-json\/wp\/v2\/types\/product"}],"wp:featuredmedia":[{"embeddable":true,"href":"https:\/\/labostera.lt\/lv\/wp-json\/wp\/v2\/media\/19981"}],"wp:attachment":[{"href":"https:\/\/labostera.lt\/lv\/wp-json\/wp\/v2\/media?parent=19980"}],"wp:term":[{"taxonomy":"product_cat","embeddable":true,"href":"https:\/\/labostera.lt\/lv\/wp-json\/wp\/v2\/product_cat?post=19980"},{"taxonomy":"product_tag","embeddable":true,"href":"https:\/\/labostera.lt\/lv\/wp-json\/wp\/v2\/product_tag?post=19980"}],"curies":[{"name":"wp","href":"https:\/\/api.w.org\/{rel}","templated":true}]}}