{"id":19977,"date":"2024-03-12T09:08:41","date_gmt":"2024-03-12T07:08:41","guid":{"rendered":"http:\/\/labostera.lt\/?post_type=product&#038;p=19977"},"modified":"2024-10-18T15:21:14","modified_gmt":"2024-10-18T12:21:14","slug":"peties-chondrosarkomos-3d-modelis-erler-zimmer-chondrosarcoma-of-scapula-3d-printed-model","status":"publish","type":"product","link":"https:\/\/labostera.lt\/lv\/priemones-ir-iranga\/mokymo-priemones-ir-iranga\/modeliai-manekenai-muliazai\/peties-chondrosarkomos-3d-modelis-erler-zimmer-chondrosarcoma-of-scapula-3d-printed-model\/","title":{"rendered":"Pleca hondrosarkomas 3D modelis Erlera-Zimmera l\u0101psti\u0146as hondrosarkomas 3D druk\u0101tais modelis"},"content":{"rendered":"<h2><strong>Erler-Zimmer GmbH &amp; Co. KG plecu hondrosarkomas 3D modelis<\/strong>:<\/h2>\n<ul>\n<li>Modelis: MP2114<\/li>\n<li>Kl\u012bnisk\u0101 v\u0113sture:<br \/>\n60 gadus veca sieviete v\u0113rs\u0101s pie \u0101rsta ar 12 m\u0113ne\u0161us ilg\u0101m s\u0101p\u0113m un pieaugo\u0161u piet\u016bkumu lab\u0101 pleca rajon\u0101. Izmekl\u0113\u0161anas laik\u0101 virs lab\u0101 pleca tika sajusts mezgli\u0146\u0161, kas s\u0101p. Pleca loc\u012btav\u0101 bija ierobe\u017eota abdukcija un \u0101r\u0113j\u0101 rot\u0101cija. Nav palp\u0113jamu limfmezglu. Pleca rentgen\u0101 tika konstat\u0113ta masa, kas skar aug\u0161\u0113jo l\u0101psti\u0146u virs glenohumer\u0101l\u0101s loc\u012btavas. Mezglam tika veikta biopsija, un l\u0101psti\u0146a tika piln\u012bb\u0101 iz\u0146emta.<\/li>\n<li>Patolo\u0123ija:<br \/>\n\u0160is paraugs ir pacienta izgriezt\u0101 lab\u0101 l\u0101psti\u0146a. Neregul\u0101rs lobul\u0101rs audz\u0113js ar maksim\u0101lo diametru 11 cm, kas rodas no l\u0101psti\u0146as bedr\u012btes un izplat\u0101s, iesaistot akromionu un korakoid\u0101lo izaugumu. Audz\u0113js ir daudzkr\u0101sains ar gai\u0161i dzeltenbr\u016bnu nokr\u0101su ar plankumainu virsmas asi\u0146o\u0161anu. Ir da\u017ei pielipu\u0161i musku\u013cu un \u0161\u0137iedru audi. Masa infiltr\u0113j\u0101s un aizst\u0101ja norm\u0101lu kaulu. Histolo\u0123iski audz\u0113js sast\u0101v no pleomorf\u0101m apa\u013c\u0101m un v\u0101rpstveida \u0161\u016bn\u0101m ar lielu mitotisko fig\u016bru skaitu un skrim\u0161\u013cu veidojumiem. \u0160\u012b ir pleca hondrosarkoma.<\/li>\n<li>Papildinform\u0101cija:<br \/>\nHondrosarkomas ir \u013caundab\u012bgi kaulu audz\u0113ji, kas ra\u017eo skrim\u0161\u013cus. Tas ir tre\u0161ais izplat\u012bt\u0101kais prim\u0101r\u0101 kaulu \u013caundab\u012bg\u0101 audz\u0113ja veids p\u0113c mielomas un osteosarkomas. Parastie audz\u0113ji ir visizplat\u012bt\u0101kais hondrosarkomas apak\u0161tips, kas veido 90% gad\u012bjumus. Ret\u0101k diagnostic\u0113tie apak\u0161tipi ietver skaidru \u0161\u016bnu, diferenc\u0113tas un mezenhim\u0101las hondrosarkomas.<\/li>\n<\/ul>\n<h3>Pleca hondrosarkomas 3D mode\u013ci \u2013 <a href=\"http:\/\/labostera.lt\/lv\/product-brand\/erler-zimmer-gmbh-co-kg\/\">Erlera-Zimmera anatomijas grupa<\/a><\/h3>\n<p>Vair\u0101k inform\u0101cijas: <a href=\"https:\/\/erler-zimmer.de\/shop\/en\/11441\" target=\"_blank\" rel=\"noopener nofollow\">ra\u017eot\u0101ja t\u012bmek\u013ca vietn\u0113<\/a> vai nos\u016btiet mums piepras\u012bjumu!<\/p>","protected":false},"excerpt":{"rendered":"<p>Erlera-Zimmera pleca hondrosarkomas 3D modelis \u2013 p\u0113tniec\u012bbas un m\u0101c\u012bbu l\u012bdzeklis.<\/p>","protected":false},"featured_media":19978,"template":"","meta":[],"product_cat":[75,79],"product_tag":[729,728,692,577,690,823],"class_list":{"0":"post-19977","1":"product","2":"type-product","3":"status-publish","4":"has-post-thumbnail","6":"product_brand-erler-zimmer-gmbh-co-kg","7":"product_cat-modeliai-manekenai-muliazai","8":"product_cat-mokymo-priemones-ir-iranga","9":"product_tag-3d-printed-models","10":"product_tag-3d-spausdinti-modeliai","11":"product_tag-erler-zimmer-gmbh-co-kg","12":"product_tag-modeliai","13":"product_tag-models","14":"product_tag-peties-chondrosarkomos-modeliai","16":"first","17":"onbackorder","18":"shipping-taxable","19":"purchasable","20":"product-type-simple"},"_links":{"self":[{"href":"https:\/\/labostera.lt\/lv\/wp-json\/wp\/v2\/product\/19977","targetHints":{"allow":["GET"]}}],"collection":[{"href":"https:\/\/labostera.lt\/lv\/wp-json\/wp\/v2\/product"}],"about":[{"href":"https:\/\/labostera.lt\/lv\/wp-json\/wp\/v2\/types\/product"}],"wp:featuredmedia":[{"embeddable":true,"href":"https:\/\/labostera.lt\/lv\/wp-json\/wp\/v2\/media\/19978"}],"wp:attachment":[{"href":"https:\/\/labostera.lt\/lv\/wp-json\/wp\/v2\/media?parent=19977"}],"wp:term":[{"taxonomy":"product_cat","embeddable":true,"href":"https:\/\/labostera.lt\/lv\/wp-json\/wp\/v2\/product_cat?post=19977"},{"taxonomy":"product_tag","embeddable":true,"href":"https:\/\/labostera.lt\/lv\/wp-json\/wp\/v2\/product_tag?post=19977"}],"curies":[{"name":"wp","href":"https:\/\/api.w.org\/{rel}","templated":true}]}}