{"id":19974,"date":"2024-03-08T16:00:56","date_gmt":"2024-03-08T14:00:56","guid":{"rendered":"http:\/\/labostera.lt\/?post_type=product&#038;p=19974"},"modified":"2024-10-18T15:21:15","modified_gmt":"2024-10-18T12:21:15","slug":"tretinis-sifilio-3d-modelis-erler-zimmer-tertiary-syphilis-3d-printed-model","status":"publish","type":"product","link":"https:\/\/labostera.lt\/lv\/priemones-ir-iranga\/mokymo-priemones-ir-iranga\/modeliai-manekenai-muliazai\/tretinis-sifilio-3d-modelis-erler-zimmer-tertiary-syphilis-3d-printed-model\/","title":{"rendered":"Terci\u0101r\u0101 sifilisa 3D druk\u0101tais modelis Erlera-Zimmera terci\u0101r\u0101 sifilisa 3D druk\u0101tais modelis"},"content":{"rendered":"<h2><strong>Erler-Zimmer GmbH &amp; Co. KG terci\u0101r\u0101 sifilisa 3D modelis<\/strong>:<\/h2>\n<ul>\n<li>Modelis: MP2113<\/li>\n<li>Kl\u012bnisk\u0101 v\u0113sture:<br \/>\n66 gadus vecs v\u012brietis v\u0113r\u0161as pie \u0101rsta ar s\u0101p\u0113m epigastrij\u0101 v\u0113dera lejasda\u013c\u0101. Vi\u0146\u0161 ir kurls un nevar run\u0101t. Izmekl\u0113\u0161an\u0101 atkl\u0101j\u0101s s\u0101p\u012bgs epigastrijs un vair\u0101ki s\u0101p\u012bgi mezgli\u0146i uz pieres un galvas \u0101das. Asins anal\u012bzes uzr\u0101da zemu hemoglob\u012bna l\u012bmeni, aknu darb\u012bbas trauc\u0113jumus un pozit\u012bvu anti-trepon\u0113mu antivielu testu. P\u0113c uz\u0146em\u0161anas slimn\u012bc\u0101 vi\u0146am, neskatoties uz iejauk\u0161anos, bija smaga ku\u0146\u0123a-zarnu trakta asi\u0146o\u0161ana un n\u0101ve.<\/li>\n<li>Patolo\u0123ija:<br \/>\n\u0160is paraugs ir da\u013ca no pacienta galvass\u0101p\u0113m. \u0100r\u0113j\u0101 virsm\u0101 pa kreisi no vidusl\u012bnijas parasagit\u0101laj\u0101 re\u0123ion\u0101 ir vair\u0101ki defin\u0113ti nekrotiski mezgli\u0146i. Mezgliem ir br\u016bngana nokr\u0101sa un maksim\u0101lais diametrs l\u012bdz 3-4 cm. Mezgli\u0146i erod\u0113 galvaskausa \u0101r\u0113jo da\u013cu, un pret\u0113jais periostejs ir sabiez\u0113jis ar fibrinozu iekaisumu. \u0160ie mezgli ir hroniska sifilisa mezgli vai vaigu \u0161\u0137eltnes mezgli, kas rakstur\u012bgi labv\u0113l\u012bg\u0101m terci\u0101r\u0101 sifilisa stadij\u0101m.<\/li>\n<li>Papildinform\u0101cija:<br \/>\nSifiliss ir hroniska infekcijas slim\u012bba, ko izraisa spirohetu bakt\u0113rija Treponema pallidum. Visbie\u017e\u0101k t\u0101 ir seksu\u0101li transmis\u012bva infekcija, bet to var ieg\u016bt dzemd\u012bbu laik\u0101, transplacent\u0101ri p\u0101rnesot bakt\u0113rijas. Augst\u0101ks infic\u0113\u0161an\u0101s risks ir cilv\u0113kiem seksu\u0101li akt\u012bv\u0101 vecum\u0101, intravenozo narkotiku lietot\u0101jiem, HIV infic\u0113tiem pacientiem un homoseksu\u0101liem v\u012brie\u0161iem. Sifilisa infekcijas r\u0101d\u012bt\u0101ji iev\u0113rojami samazin\u0101j\u0101s l\u012bdz ar penicil\u012bna ievie\u0161anu 1943. gad\u0101, kas joproj\u0101m ir galven\u0101 \u0101rst\u0113\u0161anas metode. Tom\u0113r kop\u0161 2000. gada s\u0101kotn\u0113jais infic\u0113\u0161an\u0101s l\u012bmenis pieaug.<\/li>\n<\/ul>\n<h3>Terci\u0101r\u0101 sifilisa 3D mode\u013ci \u2013 <a href=\"http:\/\/labostera.lt\/lv\/product-brand\/erler-zimmer-gmbh-co-kg\/\">Erlera-Zimmera anatomijas grupa<\/a><\/h3>\n<p>Vair\u0101k inform\u0101cijas: <a href=\"https:\/\/erler-zimmer.de\/shop\/en\/11440\" target=\"_blank\" rel=\"noopener nofollow\">ra\u017eot\u0101ja t\u012bmek\u013ca vietn\u0113<\/a> vai nos\u016btiet mums piepras\u012bjumu!<\/p>","protected":false},"excerpt":{"rendered":"<p>Erlera-Zimmera terci\u0101r\u0101 sifilisa 3D modelis \u2013 p\u0113tniec\u012bbas un m\u0101c\u012bbu l\u012bdzeklis.<\/p>","protected":false},"featured_media":19975,"template":"","meta":[],"product_cat":[75,79],"product_tag":[729,728,692,577,690,822],"class_list":{"0":"post-19974","1":"product","2":"type-product","3":"status-publish","4":"has-post-thumbnail","6":"product_brand-erler-zimmer-gmbh-co-kg","7":"product_cat-modeliai-manekenai-muliazai","8":"product_cat-mokymo-priemones-ir-iranga","9":"product_tag-3d-printed-models","10":"product_tag-3d-spausdinti-modeliai","11":"product_tag-erler-zimmer-gmbh-co-kg","12":"product_tag-modeliai","13":"product_tag-models","14":"product_tag-tretinis-sifilio-modeliai","16":"first","17":"onbackorder","18":"shipping-taxable","19":"purchasable","20":"product-type-simple"},"_links":{"self":[{"href":"https:\/\/labostera.lt\/lv\/wp-json\/wp\/v2\/product\/19974","targetHints":{"allow":["GET"]}}],"collection":[{"href":"https:\/\/labostera.lt\/lv\/wp-json\/wp\/v2\/product"}],"about":[{"href":"https:\/\/labostera.lt\/lv\/wp-json\/wp\/v2\/types\/product"}],"wp:featuredmedia":[{"embeddable":true,"href":"https:\/\/labostera.lt\/lv\/wp-json\/wp\/v2\/media\/19975"}],"wp:attachment":[{"href":"https:\/\/labostera.lt\/lv\/wp-json\/wp\/v2\/media?parent=19974"}],"wp:term":[{"taxonomy":"product_cat","embeddable":true,"href":"https:\/\/labostera.lt\/lv\/wp-json\/wp\/v2\/product_cat?post=19974"},{"taxonomy":"product_tag","embeddable":true,"href":"https:\/\/labostera.lt\/lv\/wp-json\/wp\/v2\/product_tag?post=19974"}],"curies":[{"name":"wp","href":"https:\/\/api.w.org\/{rel}","templated":true}]}}