{"id":19971,"date":"2024-03-08T15:19:48","date_gmt":"2024-03-08T13:19:48","guid":{"rendered":"http:\/\/labostera.lt\/?post_type=product&#038;p=19971"},"modified":"2024-10-18T15:21:16","modified_gmt":"2024-10-18T12:21:16","slug":"slaunikaulio-ir-klubo-sanario-chondrosarkomos-3d-modelis-erler-zimmer-chondrosarcoma-of-femur-and-ilium-3d-printed-model","status":"publish","type":"product","link":"https:\/\/labostera.lt\/lv\/priemones-ir-iranga\/mokymo-priemones-ir-iranga\/modeliai-manekenai-muliazai\/slaunikaulio-ir-klubo-sanario-chondrosarkomos-3d-modelis-erler-zimmer-chondrosarcoma-of-femur-and-ilium-3d-printed-model\/","title":{"rendered":"Aug\u0161stilba kaula un zarnkaula hondrosarkomas 3D druk\u0101tais modelis Erlera-Zimmera aug\u0161stilba kaula un zarnkaula hondrosarkomas 3D druk\u0101tais modelis"},"content":{"rendered":"<h2><strong>Erler-Zimmer GmbH &amp; Co. KG aug\u0161stilba kaula un g\u016b\u017eas loc\u012btavas hondrosarkomas 3D modelis<\/strong>:<\/h2>\n<ul>\n<li>Modelis: MP2112<\/li>\n<li>Kl\u012bnisk\u0101 v\u0113sture:<br \/>\nPusaudzis v\u0113r\u0161as pie \u0101rsta ar s\u0101p\u0113m s\u0113\u017eamviet\u0101 p\u0113c j\u0101\u0161anas. Izmekl\u0113\u0161an\u0101 atkl\u0101j\u0101s liela, dzi\u013ca smagana. P\u0113c biopsijas un att\u0113ldiagnostikas tika noteikta hondrosarkomas diagnoze un veikta lab\u0101s k\u0101jas radik\u0101la \u0137irur\u0123iska iz\u0146em\u0161ana.<\/li>\n<li>Patolo\u0123ija:<br \/>\nParaugs sast\u0101v no aug\u0161stilba kaula aug\u0161da\u013cas un t\u0101s loc\u012btavas ar iegur\u0146a kaulu. Aug\u0161stilba kaula kakli\u0146\u0101 un galv\u0101, kas aizst\u0101j liel\u0101ko da\u013cu ileuma, atrodas lobul\u0101rs gai\u0161i pel\u0113ks audz\u0113js ar dobumiem, nekrozes un asi\u0146o\u0161anas zon\u0101m. Audz\u0113js izplat\u0101s \u0101rpus kaula apk\u0101rt\u0113jos m\u012bkstajos audos un izskat\u0101s kapsulas form\u0101. Infiltr\u0101cijas, nekrozes un asi\u0146o\u0161anas kl\u0101tb\u016btne ir makroskopiskas \u013caundab\u012bgo audz\u0113ju paz\u012bmes.<\/li>\n<li>Papildinform\u0101cija:<br \/>\nHondrosarkoma ir prim\u0101rs \u013caundab\u012bgs kaulu audz\u0113js ar kaulu diferenci\u0101ciju. \u0160\u012b ir reta v\u0113\u017ea forma, kas veido aptuveni 201% kaulu audz\u0113ju. Vien\u012bg\u0101 pieejam\u0101 \u0101rst\u0113\u0161anas metode ir \u0137irur\u0123iska izgrie\u0161ana, jo pa\u0161reiz\u0113j\u0101s adjuvantas terapijas ir neefekt\u012bvas. Iegur\u0146a atra\u0161an\u0101s vieta rada specifiskas tehniskas gr\u016bt\u012bbas gan eksc\u012bzijas, gan rekonstrukcijas veik\u0161an\u0101.<\/li>\n<\/ul>\n<h3>Aug\u0161stilba kaula un g\u016b\u017eas loc\u012btavas hondrosarkomas 3D mode\u013ci \u2013 <a href=\"http:\/\/labostera.lt\/lv\/product-brand\/erler-zimmer-gmbh-co-kg\/\">Erlera-Zimmera anatomijas grupa<\/a><\/h3>\n<p>Vair\u0101k inform\u0101cijas: <a href=\"https:\/\/erler-zimmer.de\/shop\/en\/11439\" target=\"_blank\" rel=\"noopener nofollow\">ra\u017eot\u0101ja t\u012bmek\u013ca vietn\u0113<\/a> vai nos\u016btiet mums piepras\u012bjumu!<\/p>","protected":false},"excerpt":{"rendered":"<p>Erlera-Zimmera aug\u0161stilba kaula un g\u016b\u017eas hondrosarkomas 3D modelis \u2013 p\u0113tniec\u012bbas un m\u0101c\u012bbu l\u012bdzeklis.<\/p>","protected":false},"featured_media":19972,"template":"","meta":[],"product_cat":[75,79],"product_tag":[729,728,692,577,690,821],"class_list":{"0":"post-19971","1":"product","2":"type-product","3":"status-publish","4":"has-post-thumbnail","6":"product_brand-erler-zimmer-gmbh-co-kg","7":"product_cat-modeliai-manekenai-muliazai","8":"product_cat-mokymo-priemones-ir-iranga","9":"product_tag-3d-printed-models","10":"product_tag-3d-spausdinti-modeliai","11":"product_tag-erler-zimmer-gmbh-co-kg","12":"product_tag-modeliai","13":"product_tag-models","14":"product_tag-slaunikaulio-ir-klubo-sanario-chondrosarkomos-modeliai","16":"first","17":"onbackorder","18":"shipping-taxable","19":"purchasable","20":"product-type-simple"},"_links":{"self":[{"href":"https:\/\/labostera.lt\/lv\/wp-json\/wp\/v2\/product\/19971","targetHints":{"allow":["GET"]}}],"collection":[{"href":"https:\/\/labostera.lt\/lv\/wp-json\/wp\/v2\/product"}],"about":[{"href":"https:\/\/labostera.lt\/lv\/wp-json\/wp\/v2\/types\/product"}],"wp:featuredmedia":[{"embeddable":true,"href":"https:\/\/labostera.lt\/lv\/wp-json\/wp\/v2\/media\/19972"}],"wp:attachment":[{"href":"https:\/\/labostera.lt\/lv\/wp-json\/wp\/v2\/media?parent=19971"}],"wp:term":[{"taxonomy":"product_cat","embeddable":true,"href":"https:\/\/labostera.lt\/lv\/wp-json\/wp\/v2\/product_cat?post=19971"},{"taxonomy":"product_tag","embeddable":true,"href":"https:\/\/labostera.lt\/lv\/wp-json\/wp\/v2\/product_tag?post=19971"}],"curies":[{"name":"wp","href":"https:\/\/api.w.org\/{rel}","templated":true}]}}