{"id":19968,"date":"2024-03-08T14:40:25","date_gmt":"2024-03-08T12:40:25","guid":{"rendered":"http:\/\/labostera.lt\/?post_type=product&#038;p=19968"},"modified":"2024-10-18T15:21:16","modified_gmt":"2024-10-18T12:21:16","slug":"tuberkuliozes-3d-modelis-erler-zimmer-tuberculosis-3d-printed-model","status":"publish","type":"product","link":"https:\/\/labostera.lt\/lv\/priemones-ir-iranga\/mokymo-priemones-ir-iranga\/modeliai-manekenai-muliazai\/tuberkuliozes-3d-modelis-erler-zimmer-tuberculosis-3d-printed-model\/","title":{"rendered":"Tuberkulozes 3D modelis Erlera-Zimmera tuberkulozes 3D druk\u0101tais modelis"},"content":{"rendered":"<h2><strong>Erler-Zimmer GmbH &amp; Co. KG Tuberkulozes 3D modelis<\/strong>:<\/h2>\n<ul>\n<li>Modelis: MP2111<\/li>\n<li>Kl\u012bnisk\u0101 v\u0113sture:<br \/>\n37 gadus veca sieviete v\u0113rs\u0101s pie \u0101rsta ar pieaugo\u0161\u0101m muguras s\u0101p\u0113m. Vi\u0146ai ir bijusi neleg\u0101la cilv\u0113ka im\u016bndefic\u012bta v\u012brusa (HIV) infekcija un plau\u0161u tuberkuloze. Anamn\u0113z\u0113 atz\u012bm\u0113ts past\u0101v\u012bgs drudzis, drebu\u013ci un svara zudums. Izmekl\u0113\u0161anas laik\u0101 tika nov\u0113rots kaheksijas pacients ar s\u0101p\u012bgiem vair\u0101kiem kr\u016b\u0161u skrieme\u013ciem. Asins anal\u012bzes uzr\u0101d\u012bja paaugstin\u0101tu kalcija l\u012bmeni asin\u012bs un eritroc\u012btu sediment\u0101cijas \u0101trumu. Kr\u016b\u0161u skrieme\u013cu rentgenuz\u0146\u0113mum\u0101 redzamas litiskas zonas. Uz\u0146em\u0161anas slimn\u012bc\u0101 br\u012bd\u012b vi\u0146a cieta no urosepses un nomira.<\/li>\n<li>Patolo\u0123ija:<br \/>\nParaugs ir pacienta kr\u016b\u0161u skrieme\u013ca da\u013ca, kas ir p\u0101rgriezta gareniski un piestiprin\u0101ta, lai atsegtu 7 kr\u016b\u0161u skrieme\u013cus. Visiem skrieme\u013ciem ir osteol\u012btiskas zonas, kuru diametrs ir no 1 l\u012bdz 12 mm, kas satur kazeozas de\u0123enerat\u012bvu materi\u0101lu (liel\u0101koties tagad zudis) un ko ieskauj pl\u0101ns, bl\u012bvs kauls. Tuberkulozes iekaisuma process izplat\u012bj\u0101s uz vienu no starpmenisk\u0101lajiem diskiem un atrad\u0101s ar\u012b zem vaiga pret\u012b priek\u0161\u0113jai gareniskajai c\u012bpslai. \u0160is ir tuberkulozas mikobakt\u0113riju osteomiel\u012bta ar paravertebr\u0101lu izplat\u012bbu piem\u0113rs, kas paz\u012bstams ar\u012b k\u0101 Pota slim\u012bba.<\/li>\n<li>Papildinform\u0101cija:<br \/>\nTuberkuloze (TB) ir hroniska plau\u0161u un sist\u0113miska infekcijas slim\u012bba, ko izraisa mikobakt\u0113rijas tuberkuloze. P\u0101rne\u0161ana visbie\u017e\u0101k notiek, ieelpojot M. tuberculosis aerosoliz\u0113tus pilienus. Tuberkulozes att\u012bst\u012bbas riska faktori ir dz\u012bvo\u0161ana jaunatt\u012bst\u012bbas valst\u012bs, kur slim\u012bba var b\u016bt end\u0113miska, im\u016bnsupresija (piem\u0113ram, HIV, stero\u012bdu lieto\u0161ana, anti-TNF lieto\u0161ana un diab\u0113ts), hroniskas plau\u0161u slim\u012bbas (piem\u0113ram, silikoze), alkoholisms un visp\u0101r\u0113js uztura st\u0101voklis.<\/li>\n<\/ul>\n<h3>Tuberkulozes 3D mode\u013ci \u2013 <a href=\"http:\/\/labostera.lt\/lv\/product-brand\/erler-zimmer-gmbh-co-kg\/\">Erlera-Zimmera anatomijas grupa<\/a><\/h3>\n<p>Vair\u0101k inform\u0101cijas: <a href=\"https:\/\/erler-zimmer.de\/shop\/en\/11438\" target=\"_blank\" rel=\"noopener nofollow\">ra\u017eot\u0101ja t\u012bmek\u013ca vietn\u0113<\/a> vai nos\u016btiet mums piepras\u012bjumu!<\/p>","protected":false},"excerpt":{"rendered":"<p>Erlera-Zimmera tuberkulozes 3D modelis \u2013 p\u0113t\u012bjumi un izgl\u012bto\u0161ana par tuberkulozi.<\/p>","protected":false},"featured_media":19969,"template":"","meta":[],"product_cat":[75,79],"product_tag":[729,728,692,577,690,820],"class_list":{"0":"post-19968","1":"product","2":"type-product","3":"status-publish","4":"has-post-thumbnail","6":"product_brand-erler-zimmer-gmbh-co-kg","7":"product_cat-modeliai-manekenai-muliazai","8":"product_cat-mokymo-priemones-ir-iranga","9":"product_tag-3d-printed-models","10":"product_tag-3d-spausdinti-modeliai","11":"product_tag-erler-zimmer-gmbh-co-kg","12":"product_tag-modeliai","13":"product_tag-models","14":"product_tag-tuberkuliozes-modeliai","16":"first","17":"onbackorder","18":"shipping-taxable","19":"purchasable","20":"product-type-simple"},"_links":{"self":[{"href":"https:\/\/labostera.lt\/lv\/wp-json\/wp\/v2\/product\/19968","targetHints":{"allow":["GET"]}}],"collection":[{"href":"https:\/\/labostera.lt\/lv\/wp-json\/wp\/v2\/product"}],"about":[{"href":"https:\/\/labostera.lt\/lv\/wp-json\/wp\/v2\/types\/product"}],"wp:featuredmedia":[{"embeddable":true,"href":"https:\/\/labostera.lt\/lv\/wp-json\/wp\/v2\/media\/19969"}],"wp:attachment":[{"href":"https:\/\/labostera.lt\/lv\/wp-json\/wp\/v2\/media?parent=19968"}],"wp:term":[{"taxonomy":"product_cat","embeddable":true,"href":"https:\/\/labostera.lt\/lv\/wp-json\/wp\/v2\/product_cat?post=19968"},{"taxonomy":"product_tag","embeddable":true,"href":"https:\/\/labostera.lt\/lv\/wp-json\/wp\/v2\/product_tag?post=19968"}],"curies":[{"name":"wp","href":"https:\/\/api.w.org\/{rel}","templated":true}]}}