{"id":19962,"date":"2024-03-08T13:13:42","date_gmt":"2024-03-08T11:13:42","guid":{"rendered":"http:\/\/labostera.lt\/?post_type=product&#038;p=19962"},"modified":"2024-10-18T15:21:18","modified_gmt":"2024-10-18T12:21:18","slug":"hidroceles-3d-modelis-erler-zimmer-hydrocoele-3d-printed-model","status":"publish","type":"product","link":"https:\/\/labostera.lt\/lv\/priemones-ir-iranga\/mokymo-priemones-ir-iranga\/modeliai-manekenai-muliazai\/hidroceles-3d-modelis-erler-zimmer-hydrocoele-3d-printed-model\/","title":{"rendered":"Hydrocoele 3D modelis Erler-Zimmer Hydrocoele 3D druk\u0101ts modelis"},"content":{"rendered":"<h2><strong>Erler-Zimmer GmbH &amp; Co. KG hidroelementa 3D modelis<\/strong>:<\/h2>\n<ul>\n<li>Modelis: MP2109<\/li>\n<li>Kl\u012bnisk\u0101 v\u0113sture:<br \/>\n40 gadus vecs v\u012brietis v\u0113rs\u0101s pie \u0101rsta ar elpas tr\u016bkumu un apak\u0161\u0113jo ekstremit\u0101\u0161u piet\u016bkumu. Vi\u0146\u0161 sm\u0113\u0137\u0113, vi\u0146am ir diab\u0113ts un miokarda infarkta anamn\u0113ze. Izmekl\u0113\u0161an\u0101 tika konstat\u0113ts divpus\u0113js pleiras izsv\u012bdums, perif\u0113ra bedru t\u016bska un piet\u016bku\u0161i s\u0113klinieki. Gaismas transillumin\u0101cija piet\u016bkuma laik\u0101 p\u0101rraid\u012bja sarkanu gaismu. Rentgena uz\u0146\u0113mumos ir redzamas sirds mazsp\u0113jas radiolo\u0123isk\u0101s paz\u012bmes. S\u0101kotn\u0113ji vi\u0146\u0161 tika \u0101rst\u0113ts no sirds mazsp\u0113jas, bet v\u0113l\u0101k nomira \u0161\u012bs uz\u0146em\u0161anas laik\u0101.<\/li>\n<li>Patolo\u0123ija:<br \/>\nParaugs ir s\u0113klinieks un t\u0101 apvalki, kas p\u0101rgriezti \u0161\u0137\u0113rsvirzien\u0101, lai atsegtu griezuma virsmu. Dobums, ko ierobe\u017eo tunica vaginalis iek\u0161\u0113jais un \u0101r\u0113jais sl\u0101nis, ir papla\u0161in\u0101jies \u0161\u0137idruma uzkr\u0101\u0161an\u0101s d\u0113\u013c. \u0160is ir hidroceles piem\u0113rs, kas rodas \u0123eneraliz\u0113tas t\u016bskas rezult\u0101t\u0101 sirds mazsp\u0113jas d\u0113\u013c.<\/li>\n<li>Papildinform\u0101cija:<br \/>\nHidroc\u0113le ir seroza \u0161\u0137idruma uzkr\u0101\u0161an\u0101s starp s\u0113klinieku apvalka pariet\u0101lo un viscer\u0101lo sl\u0101\u0146iem. Hidroceli var raksturot k\u0101 sazin\u0101\u0161anos ar v\u0113dera dobumu vai nesazin\u0101\u0161anos ar v\u0113dera dobumu.<\/li>\n<\/ul>\n<h3>Hidroc\u0113les 3D mode\u013ci \u2013 <a href=\"http:\/\/labostera.lt\/lv\/product-brand\/erler-zimmer-gmbh-co-kg\/\">Erlera-Zimmera anatomijas grupa<\/a><\/h3>\n<p>Vair\u0101k inform\u0101cijas: <a href=\"https:\/\/erler-zimmer.de\/shop\/en\/11436\" target=\"_blank\" rel=\"noopener nofollow\">ra\u017eot\u0101ja t\u012bmek\u013ca vietn\u0113<\/a> vai nos\u016btiet mums piepras\u012bjumu!<\/p>","protected":false},"excerpt":{"rendered":"<p>Erlera-Zimmera hidroc\u0113les 3D modelis \u2013 p\u0113t\u012bjumi un izgl\u012bt\u012bba par s\u0113klinieku maisi\u0146u piet\u016bkumu.<\/p>","protected":false},"featured_media":19963,"template":"","meta":[],"product_cat":[75,79],"product_tag":[729,728,692,818,577,690],"class_list":{"0":"post-19962","1":"product","2":"type-product","3":"status-publish","4":"has-post-thumbnail","6":"product_brand-erler-zimmer-gmbh-co-kg","7":"product_cat-modeliai-manekenai-muliazai","8":"product_cat-mokymo-priemones-ir-iranga","9":"product_tag-3d-printed-models","10":"product_tag-3d-spausdinti-modeliai","11":"product_tag-erler-zimmer-gmbh-co-kg","12":"product_tag-hidroceles-modeliai","13":"product_tag-modeliai","14":"product_tag-models","16":"first","17":"onbackorder","18":"shipping-taxable","19":"purchasable","20":"product-type-simple"},"_links":{"self":[{"href":"https:\/\/labostera.lt\/lv\/wp-json\/wp\/v2\/product\/19962","targetHints":{"allow":["GET"]}}],"collection":[{"href":"https:\/\/labostera.lt\/lv\/wp-json\/wp\/v2\/product"}],"about":[{"href":"https:\/\/labostera.lt\/lv\/wp-json\/wp\/v2\/types\/product"}],"wp:featuredmedia":[{"embeddable":true,"href":"https:\/\/labostera.lt\/lv\/wp-json\/wp\/v2\/media\/19963"}],"wp:attachment":[{"href":"https:\/\/labostera.lt\/lv\/wp-json\/wp\/v2\/media?parent=19962"}],"wp:term":[{"taxonomy":"product_cat","embeddable":true,"href":"https:\/\/labostera.lt\/lv\/wp-json\/wp\/v2\/product_cat?post=19962"},{"taxonomy":"product_tag","embeddable":true,"href":"https:\/\/labostera.lt\/lv\/wp-json\/wp\/v2\/product_tag?post=19962"}],"curies":[{"name":"wp","href":"https:\/\/api.w.org\/{rel}","templated":true}]}}