{"id":19959,"date":"2024-03-08T11:29:15","date_gmt":"2024-03-08T09:29:15","guid":{"rendered":"http:\/\/labostera.lt\/?post_type=product&#038;p=19959"},"modified":"2024-10-18T15:21:19","modified_gmt":"2024-10-18T12:21:19","slug":"prostatos-mazgines-hiperplazijos-3d-modelis-erler-zimmer-nodular-hyperplasia-of-the-prostate-3d-printed-model","status":"publish","type":"product","link":"https:\/\/labostera.lt\/lv\/priemones-ir-iranga\/mokymo-priemones-ir-iranga\/modeliai-manekenai-muliazai\/prostatos-mazgines-hiperplazijos-3d-modelis-erler-zimmer-nodular-hyperplasia-of-the-prostate-3d-printed-model\/","title":{"rendered":"Erlera-Zimmera prostatas mezglain\u0101s hiperpl\u0101zijas 3D druk\u0101tais modelis"},"content":{"rendered":"<h2><strong>Erler-Zimmer GmbH &amp; Co. KG prostatas mezglain\u0101s hiperpl\u0101zijas 3D modelis<\/strong>:<\/h2>\n<ul>\n<li>Modelis: MP2108<\/li>\n<li>Kl\u012bnisk\u0101 v\u0113sture:<br \/>\n63 gadus vecs v\u012brietis v\u0113rs\u0101s neatliekam\u0101s pal\u012bdz\u012bbas noda\u013c\u0101 ar ak\u016bt\u0101m s\u0101p\u0113m v\u0113der\u0101. Vi\u0146\u0161 nebija var\u0113jis urin\u0113t piecas dienas. Turpm\u0101k\u0101 izmekl\u0113\u0161ana atkl\u0101ja, ka vi\u0146am jau 2 gadus ir bijusi bie\u017ea urin\u0113\u0161ana, dubulta urin\u0113\u0161ana, urin\u0113\u0161anas aizkav\u0113\u0161an\u0101s, nikt\u016brija un v\u0101ja ur\u012bna str\u016bkla. V\u0113dera dobuma izmekl\u0113\u0161ana atkl\u0101ja iekaisu\u0161u un palielin\u0101tu ur\u012bnp\u016bsli, un digit\u0101l\u0101 taisn\u0101s zarnas izmekl\u0113\u0161ana atkl\u0101ja palielin\u0101tu prostatas dziedzeri. Gultasvietas ur\u012bnp\u016b\u0161\u013ca sken\u0113\u0161ana par\u0101d\u012bja, ka ur\u012bnp\u016bsl\u012b ir vair\u0101k nek\u0101 1 litrs \u0161\u0137idruma. Asins anal\u012bzes uzr\u0101d\u012bja smagu ak\u016btu nieru mazsp\u0113ju. Vi\u0146am tika diagnostic\u0113ta ak\u016bta nieru mazsp\u0113ja ak\u016btas ur\u012bna aiztures d\u0113\u013c. Ir biju\u0161i daudzi m\u0113\u0123in\u0101jumi kateteriz\u0113t pacientu caur ur\u012bnizvadkan\u0101lu un taisno zarnu. Vi\u0146am tika veikta oper\u0101cija, lai iz\u0146emtu visu prostatu, un vi\u0146\u0161 piln\u012bb\u0101 atvese\u013coj\u0101s.<\/li>\n<li>Patolo\u0123ija:<br \/>\nParaugs ir palielin\u0101ta prostatas dziedzera \u0161\u0137\u0113rsgriezums, lai atsegtu \u0101r\u0113jo un prepar\u0113to virsmu. Griezuma virsm\u0101 ir daudz mezgli\u0146u, kuru diametrs sv\u0101rst\u0101s no 2 l\u012bdz 10 mm. \u0160is ir labdab\u012bgas prostatas hiperpl\u0101zijas (LPH) piem\u0113rs.<\/li>\n<li>Piez\u012bme:<br \/>\nLabdab\u012bga prostatas hiperpl\u0101zija (LPH) jeb prostatas mezglain\u0101 hiperpl\u0101zija ir izplat\u012bta slim\u012bba gados vec\u0101kiem v\u012brie\u0161iem. Labdab\u012bgu prostatas hiperpl\u0101ziju (LBH) izraisa prostatas stromas un dziedzeru epit\u0113lija \u0161\u016bnu mezglaina hiperpl\u0101zija, galvenok\u0101rt prostatas periuretr\u0101laj\u0101 da\u013c\u0101. Hiperpl\u0101zija ir novecojo\u0161u \u0161\u016bnu uzkr\u0101\u0161an\u0101s rezult\u0101ts, ko izraisa trauc\u0113ta \u0161\u016bnu n\u0101ve un \u0161\u016bnu prolifer\u0101cija, ko stimul\u0113 androg\u0113ni, \u012bpa\u0161i dihidrotestosterons. Vid\u0113j\u0101s daivas nesam\u0113r\u012bga palielin\u0101\u0161an\u0101s ir rakstur\u012bga mezglainas prostatas hiperpl\u0101zijas paz\u012bme. Izvirz\u012bta vid\u0113j\u0101 daiva var aizv\u0113rt ur\u012bnp\u016b\u0161\u013ca iek\u0161\u0113jo atveri ur\u012bna kontrakcijas laik\u0101.<\/li>\n<\/ul>\n<h3>Labdab\u012bgas prostatas hiperpl\u0101zijas 3D mode\u013ci \u2013 <a href=\"http:\/\/labostera.lt\/lv\/product-brand\/erler-zimmer-gmbh-co-kg\/\">Erlera-Zimmera anatomijas grupa<\/a><\/h3>\n<p>Vair\u0101k inform\u0101cijas: <a href=\"https:\/\/erler-zimmer.de\/shop\/en\/11435\" target=\"_blank\" rel=\"noopener nofollow\">ra\u017eot\u0101ja t\u012bmek\u013ca vietn\u0113<\/a> vai nos\u016btiet mums piepras\u012bjumu!<\/p>","protected":false},"excerpt":{"rendered":"<p>Erlera-Zimmera prostatas mezglain\u0101s hiperpl\u0101zijas 3D modelis \u2013 p\u0113tniec\u012bbai un izgl\u012bto\u0161anai par prostatas slim\u012bb\u0101m.<\/p>","protected":false},"featured_media":19961,"template":"","meta":[],"product_cat":[75,79],"product_tag":[729,728,692,577,690,817],"class_list":{"0":"post-19959","1":"product","2":"type-product","3":"status-publish","4":"has-post-thumbnail","6":"product_brand-erler-zimmer-gmbh-co-kg","7":"product_cat-modeliai-manekenai-muliazai","8":"product_cat-mokymo-priemones-ir-iranga","9":"product_tag-3d-printed-models","10":"product_tag-3d-spausdinti-modeliai","11":"product_tag-erler-zimmer-gmbh-co-kg","12":"product_tag-modeliai","13":"product_tag-models","14":"product_tag-prostatos-mazgines-hiperplazijos-modeliai","16":"first","17":"onbackorder","18":"shipping-taxable","19":"purchasable","20":"product-type-simple"},"_links":{"self":[{"href":"https:\/\/labostera.lt\/lv\/wp-json\/wp\/v2\/product\/19959","targetHints":{"allow":["GET"]}}],"collection":[{"href":"https:\/\/labostera.lt\/lv\/wp-json\/wp\/v2\/product"}],"about":[{"href":"https:\/\/labostera.lt\/lv\/wp-json\/wp\/v2\/types\/product"}],"wp:featuredmedia":[{"embeddable":true,"href":"https:\/\/labostera.lt\/lv\/wp-json\/wp\/v2\/media\/19961"}],"wp:attachment":[{"href":"https:\/\/labostera.lt\/lv\/wp-json\/wp\/v2\/media?parent=19959"}],"wp:term":[{"taxonomy":"product_cat","embeddable":true,"href":"https:\/\/labostera.lt\/lv\/wp-json\/wp\/v2\/product_cat?post=19959"},{"taxonomy":"product_tag","embeddable":true,"href":"https:\/\/labostera.lt\/lv\/wp-json\/wp\/v2\/product_tag?post=19959"}],"curies":[{"name":"wp","href":"https:\/\/api.w.org\/{rel}","templated":true}]}}