{"id":19956,"date":"2024-03-08T10:51:48","date_gmt":"2024-03-08T08:51:48","guid":{"rendered":"http:\/\/labostera.lt\/?post_type=product&#038;p=19956"},"modified":"2024-10-18T15:21:20","modified_gmt":"2024-10-18T12:21:20","slug":"gimdos-lejomiomos-3d-modelis-erler-zimmer-uterine-leiomyoma-3d-printed-model","status":"publish","type":"product","link":"https:\/\/labostera.lt\/lv\/priemones-ir-iranga\/mokymo-priemones-ir-iranga\/modeliai-manekenai-muliazai\/gimdos-lejomiomos-3d-modelis-erler-zimmer-uterine-leiomyoma-3d-printed-model\/","title":{"rendered":"Dzemdes leiomiomas 3D modelis Erler-Zimmer dzemdes leiomiomas 3D druk\u0101tais modelis"},"content":{"rendered":"<h2><strong>Erler-Zimmer GmbH &amp; Co. KG dzemdes miomu 3D modelis<\/strong>:<\/h2>\n<ul>\n<li>Modelis: MP2107<\/li>\n<li>Kl\u012bnisk\u0101 v\u0113sture: 30 gadus veca sieviete v\u0113rs\u0101s pie \u0101rsta ar neaugl\u012bbas simptomiem. Vi\u0146a zi\u0146oja ar\u012b par periodisku diskomfortu v\u0113der\u0101, menor\u0101\u0123iju un s\u0101p\u012bg\u0101m menstru\u0101cij\u0101m. Izmekl\u0113\u0161an\u0101 bija sataust\u0101ma iegur\u0146a masa. Visas vi\u0146as asins anal\u012bzes bija normas robe\u017e\u0101s. Iegur\u0146a ultrasonogr\u0101fija uzr\u0101d\u012bja hipoehog\u0113nu masu dzemdes miometrij\u0101. Vi\u0146ai tika veikta histoskopiska miomektomija, bet diem\u017e\u0113l komplik\u0101ciju d\u0113\u013c oper\u0101cija bija j\u0101p\u0101rveido par neatliekamu histerektomiju. P\u0113coper\u0101cijas period\u0101 vi\u0146a piln\u012bb\u0101 atvese\u013coj\u0101s.<\/li>\n<li>Patolo\u0123ija: Paraugs ietver dzemdes kaklu, \u0137ermeni un dibenu. Dzemde, kurai ir norm\u0101ls izm\u0113rs, tiek p\u0101rgriezta sagit\u0101laj\u0101 plakn\u0113. Liela ov\u0101las formas masa, aptuveni 4 cm x 2 cm, izvirz\u012bta dzemdes dobum\u0101 un tie\u0161i iek\u013c\u016bst dzemdes kakla atver\u0113. Tas rodas no dzemdes aizmugures. Dzemdes kakls ir skaidri redzams.<\/li>\n<li>Papildinform\u0101cija: Dzemdes leiomiomas, ko sauc ar\u012b par fibro\u012bdiem, ir visbie\u017e\u0101k sastopamie iegur\u0146a audz\u0113ji sieviet\u0113m. T\u0101s ir gandr\u012bz 251% sievie\u0161u reprodukt\u012bv\u0101 vecum\u0101. Tie ir labdab\u012bgi audz\u0113ji, kas rodas no dzemdes mioz\u012bna un fibroblastiem. Visbie\u017e\u0101k tie ietekm\u0113 dzemdes \u0137ermeni. Reiz\u0113m tie var ietekm\u0113t dzemdes apak\u0161\u0113jo da\u013cu vai dzemdes kaklu. Leiomiomas var b\u016bt vienas vai vair\u0101kas, un t\u0101s var izaugt \u013coti lielas. Past\u0101v reti sastopami varianti, kas var izplat\u012bties un izplat\u012bties dist\u0101li, bet joproj\u0101m tiek uzskat\u012bti par labdab\u012bgiem: piem\u0113ram, labdab\u012bga metast\u0101tiska leiomioma, kas parasti izplat\u0101s uz g\u013cot\u0101du; vai izplat\u012bta peritone\u0101l\u0101 leiomiomatoze, kas rodas v\u0113derpl\u0113v\u0113, kas p\u0101rkl\u0101j dzemdi.<\/li>\n<\/ul>\n<h3>Dzemdes leiomiomu 3D mode\u013ci \u2013 <a href=\"http:\/\/labostera.lt\/lv\/product-brand\/erler-zimmer-gmbh-co-kg\/\">Erlera-Zimmera anatomijas grupa<\/a><\/h3>\n<p>Vair\u0101k inform\u0101cijas: <a href=\"https:\/\/erler-zimmer.de\/shop\/en\/11434\" target=\"_blank\" rel=\"noopener nofollow\">ra\u017eot\u0101ja t\u012bmek\u013ca vietn\u0113<\/a> vai nos\u016btiet mums piepras\u012bjumu!<\/p>","protected":false},"excerpt":{"rendered":"<p>Erlera-Zimmera dzemdes miomas 3D modelis \u2014 p\u0113tniec\u012bbai un izgl\u012bt\u012bbai par dzemdes miom\u0101m.<\/p>","protected":false},"featured_media":19957,"template":"","meta":[],"product_cat":[75,79],"product_tag":[729,728,692,816,577,690],"class_list":{"0":"post-19956","1":"product","2":"type-product","3":"status-publish","4":"has-post-thumbnail","6":"product_brand-erler-zimmer-gmbh-co-kg","7":"product_cat-modeliai-manekenai-muliazai","8":"product_cat-mokymo-priemones-ir-iranga","9":"product_tag-3d-printed-models","10":"product_tag-3d-spausdinti-modeliai","11":"product_tag-erler-zimmer-gmbh-co-kg","12":"product_tag-gimdos-lejomiomos-modeliai","13":"product_tag-modeliai","14":"product_tag-models","16":"first","17":"onbackorder","18":"shipping-taxable","19":"purchasable","20":"product-type-simple"},"_links":{"self":[{"href":"https:\/\/labostera.lt\/lv\/wp-json\/wp\/v2\/product\/19956","targetHints":{"allow":["GET"]}}],"collection":[{"href":"https:\/\/labostera.lt\/lv\/wp-json\/wp\/v2\/product"}],"about":[{"href":"https:\/\/labostera.lt\/lv\/wp-json\/wp\/v2\/types\/product"}],"wp:featuredmedia":[{"embeddable":true,"href":"https:\/\/labostera.lt\/lv\/wp-json\/wp\/v2\/media\/19957"}],"wp:attachment":[{"href":"https:\/\/labostera.lt\/lv\/wp-json\/wp\/v2\/media?parent=19956"}],"wp:term":[{"taxonomy":"product_cat","embeddable":true,"href":"https:\/\/labostera.lt\/lv\/wp-json\/wp\/v2\/product_cat?post=19956"},{"taxonomy":"product_tag","embeddable":true,"href":"https:\/\/labostera.lt\/lv\/wp-json\/wp\/v2\/product_tag?post=19956"}],"curies":[{"name":"wp","href":"https:\/\/api.w.org\/{rel}","templated":true}]}}