{"id":19953,"date":"2024-03-08T10:11:37","date_gmt":"2024-03-08T08:11:37","guid":{"rendered":"http:\/\/labostera.lt\/?post_type=product&#038;p=19953"},"modified":"2024-10-18T15:21:21","modified_gmt":"2024-10-18T12:21:21","slug":"endometriumo-karcinomos-3d-modelis-erler-zimmer-endometrial-carcinoma-3d-printed-model","status":"publish","type":"product","link":"https:\/\/labostera.lt\/lv\/priemones-ir-iranga\/mokymo-priemones-ir-iranga\/modeliai-manekenai-muliazai\/endometriumo-karcinomos-3d-modelis-erler-zimmer-endometrial-carcinoma-3d-printed-model\/","title":{"rendered":"Endometrija karcinomas 3D modelis Erlera-Zimmera endometrija karcinomas 3D druk\u0101tais modelis"},"content":{"rendered":"<h2><strong>Erler-Zimmer GmbH &amp; Co. KG endometrija karcinomas 3D modelis<\/strong>:<\/h2>\n<ul>\n<li>Modelis: MP2106<\/li>\n<li>Kl\u012bnisk\u0101 v\u0113sture:<br \/>\n63 gadus veca sieviete v\u0113rs\u0101s pie \u0101rsta ar 2 m\u0113ne\u0161us ilg\u0101m viegl\u0101m s\u0101p\u0113m v\u0113dera lejasda\u013c\u0101 un 1 ned\u0113\u013cu ilgu\u0161u sp\u0113c\u012bgu un past\u0101v\u012bgu asi\u0146o\u0161anu no maksts. Menopauze s\u0101k\u0101s pirms 13 gadiem. P\u0113c endometrija karcinomas apstiprin\u0101\u0161anas ar biopsiju visbie\u017e\u0101k tiek veikta radik\u0101la v\u0113dera dobuma histerektomija un divpus\u0113ja salpingooforektomija.<\/li>\n<li>Patolo\u0123ija:<br \/>\nParaugs sast\u0101v no dzemdes, olvadu un oln\u012bc\u0101m. Endometrija dobums un endocervik\u0101lais kan\u0101ls ir atv\u0113rti priek\u0161\u0113j\u0101 pus\u0113. Endometrija siena ir rupji patolo\u0123iska, \u012bpa\u0161i labaj\u0101 pus\u0113, un br\u016bnais polipo\u012bdais audz\u0113js ir iebrucis miometrij\u0101 un dzemdes kakl\u0101. Histolo\u0123iski t\u0101 bija labi diferenc\u0113ta endometrija adenokarcinoma. Kreis\u0101 oln\u012bca, kas ir p\u0101rgriezta horizont\u0101li, ir piet\u016bkusi un satur vair\u0101kas lielas folikul\u0101ras cistas\/dobumus.<\/li>\n<li>Papildinform\u0101cija:<br \/>\nEndometrija karcinoma ir visizplat\u012bt\u0101kais ginekolo\u0123iskais \u013caundab\u012bgais audz\u0113js att\u012bst\u012btaj\u0101s valst\u012bs un otrais izplat\u012bt\u0101kais jaunatt\u012bst\u012bbas valst\u012bs p\u0113c dzemdes kakla v\u0113\u017ea. Ir divi galvenie endometrija karcinomas veidi. Endometrio\u012bd\u0101 karcinoma veido gandr\u012bz 80% no endometrija karcinomas gad\u012bjumiem. Tie parasti notiek agri un t\u0101p\u0113c tiem ir labv\u0113l\u012bg\u0101ks izn\u0101kums. \u0160ie audz\u0113ji var rasties netipiskas endometrija hiperpl\u0101zijas rezult\u0101t\u0101. Endometrio\u012bdos audz\u0113jos bie\u017ei nov\u0113ro \u0123en\u0113tiskas anom\u0101lijas, piem\u0113ram, mut\u0101cijas PTEN, PIK3Ca un ARID1A g\u0113nos. Seroz\u0101 karcinoma ir ret\u0101k sastopams endometrija karcinomas veids. \u0160ie audz\u0113ji ir saist\u012bti ar mut\u0101cij\u0101m TP53 g\u0113n\u0101 un tiem ir slikt\u0101ka prognoze. Endometrio\u012bdie audz\u0113ji parasti skar sievietes vecum\u0101 no 55 l\u012bdz 65 gadiem. Endometrio\u012bd\u0101s endometrija karcinomas riska faktori ir aptauko\u0161an\u0101s, glikozes tolerances trauc\u0113jumi, neaugl\u012bba un nekori\u0123\u0113ta estrog\u0113nu terapija (piem\u0113ram, agr\u012bna menstru\u0101cija, v\u0113la menopauze vai eksog\u0113ni avoti). Serozas neoplazmas skar vec\u0101kas sievietes, kas vec\u0101kas par 65 gadiem, ja citi riska faktori ir zem\u0101ks \u0137erme\u0146a masas indekss un atrofiska dzemde. Sieviet\u0113m ar iedzimtu kolorekt\u0101l\u0101 v\u0113\u017ea sindromu gr\u016btniec\u012bbas laik\u0101 (Lin\u010da sindroms) ir iev\u0113rojami liel\u0101ks endometrija v\u0113\u017ea att\u012bst\u012bbas risks.<\/li>\n<\/ul>\n<h3>Endometrija karcinomas 3D mode\u013ci \u2013 <a href=\"http:\/\/labostera.lt\/lv\/product-brand\/erler-zimmer-gmbh-co-kg\/\">Erlera-Zimmera anatomijas grupa<\/a><\/h3>\n<p>Vair\u0101k inform\u0101cijas: <a href=\"https:\/\/erler-zimmer.de\/shop\/en\/11433\" target=\"_blank\" rel=\"noopener nofollow\">ra\u017eot\u0101ja t\u012bmek\u013ca vietn\u0113<\/a> vai nos\u016btiet mums piepras\u012bjumu!<\/p>","protected":false},"excerpt":{"rendered":"<p>Erlera-Zimmera endometrija karcinomas 3D modelis \u2014 p\u0113tniec\u012bbai un izgl\u012bto\u0161anai par endometrija v\u0113zi.<\/p>","protected":false},"featured_media":19954,"template":"","meta":[],"product_cat":[75,79],"product_tag":[729,728,815,692,577,690],"class_list":{"0":"post-19953","1":"product","2":"type-product","3":"status-publish","4":"has-post-thumbnail","6":"product_brand-erler-zimmer-gmbh-co-kg","7":"product_cat-modeliai-manekenai-muliazai","8":"product_cat-mokymo-priemones-ir-iranga","9":"product_tag-3d-printed-models","10":"product_tag-3d-spausdinti-modeliai","11":"product_tag-endometriumo-karcinomos-modeliai","12":"product_tag-erler-zimmer-gmbh-co-kg","13":"product_tag-modeliai","14":"product_tag-models","16":"first","17":"onbackorder","18":"shipping-taxable","19":"purchasable","20":"product-type-simple"},"_links":{"self":[{"href":"https:\/\/labostera.lt\/lv\/wp-json\/wp\/v2\/product\/19953","targetHints":{"allow":["GET"]}}],"collection":[{"href":"https:\/\/labostera.lt\/lv\/wp-json\/wp\/v2\/product"}],"about":[{"href":"https:\/\/labostera.lt\/lv\/wp-json\/wp\/v2\/types\/product"}],"wp:featuredmedia":[{"embeddable":true,"href":"https:\/\/labostera.lt\/lv\/wp-json\/wp\/v2\/media\/19954"}],"wp:attachment":[{"href":"https:\/\/labostera.lt\/lv\/wp-json\/wp\/v2\/media?parent=19953"}],"wp:term":[{"taxonomy":"product_cat","embeddable":true,"href":"https:\/\/labostera.lt\/lv\/wp-json\/wp\/v2\/product_cat?post=19953"},{"taxonomy":"product_tag","embeddable":true,"href":"https:\/\/labostera.lt\/lv\/wp-json\/wp\/v2\/product_tag?post=19953"}],"curies":[{"name":"wp","href":"https:\/\/api.w.org\/{rel}","templated":true}]}}