{"id":19950,"date":"2024-03-08T09:43:28","date_gmt":"2024-03-08T07:43:28","guid":{"rendered":"http:\/\/labostera.lt\/?post_type=product&#038;p=19950"},"modified":"2024-10-18T15:21:22","modified_gmt":"2024-10-18T12:21:22","slug":"kruties-karcinomos-3d-modelis-erler-zimmer-carcinoma-of-breast-3d-printed-model","status":"publish","type":"product","link":"https:\/\/labostera.lt\/lv\/priemones-ir-iranga\/mokymo-priemones-ir-iranga\/modeliai-manekenai-muliazai\/kruties-karcinomos-3d-modelis-erler-zimmer-carcinoma-of-breast-3d-printed-model\/","title":{"rendered":"Kr\u016bts karcinomas 3D modelis Erlera-Zimmera kr\u016bts karcinomas 3D druk\u0101tais modelis"},"content":{"rendered":"<h2><strong>Erler-Zimmer GmbH &amp; Co. KG kr\u016bts karcinomas 3D modelis<\/strong>:<\/h2>\n<ul>\n<li>Modelis: MP2105<\/li>\n<li>Kl\u012bnisk\u0101 v\u0113sture:<br \/>\n76 gadus veca sieviete p\u0113k\u0161\u0146a sama\u0146as zuduma d\u0113\u013c nog\u0101d\u0101ta neatliekam\u0101s pal\u012bdz\u012bbas noda\u013c\u0101. Vi\u0146ai bija kreis\u0101s puses smadze\u0146u asinsvadu insulta paz\u012bmes. Vi\u0146a tika intub\u0113ta un \u0101rst\u0113ta no insulta. Uz\u0146em\u0161anas laik\u0101 intens\u012bv\u0101s terapijas noda\u013c\u0101 vi\u0146a konstat\u0113ja fiks\u0113tu veidojumu kreisaj\u0101 kr\u016b\u0161kurv\u012b ar palp\u0113jamu limfadenop\u0101tiju kreisaj\u0101 padus\u0113. Vi\u0146a nomira no elpce\u013cu pneimonijas.<\/li>\n<li>Patolo\u0123ija:<br \/>\nParaugs tiek uzmont\u0113ts pacienta kreisaj\u0101 kr\u016b\u0161kurv\u012b t\u0101, lai griezuma virsma b\u016btu redzama. Taj\u0101 pa\u0161\u0101 pamatn\u0113 un pie \u0101das piestiprin\u0101ta liela ov\u0101las formas audz\u0113ja masa, kuras maksim\u0101lais diametrs ir 11 cm. Audz\u0113js ir piestiprin\u0101ts pie pamat\u0101 eso\u0161ajiem musku\u013ciem. Audz\u0113js nav iekapsul\u0113ts un tam ir main\u012bga griezuma virsma ar nekrozes, asi\u0146o\u0161anas un cistu veido\u0161an\u0101s apgabaliem. \u0160\u012b ir kr\u016bts adenokarcinoma, kas ir sk\u0101rusi re\u0123ion\u0101los limfmezglus.<\/li>\n<li>Papildinform\u0101cija:<br \/>\nKr\u016bts karcinoma ir otra visbie\u017e\u0101k diagnostic\u0113t\u0101 v\u0113\u017ea forma sieviet\u0113m vis\u0101 pasaul\u0113. Tas ir reti sastopams sieviet\u0113m l\u012bdz 30 gadu vecumam, bet saslimst\u012bba iev\u0113rojami palielin\u0101s p\u0113c 30 gadu vecuma, sasniedzot maksimumu vecum\u0101 no 70 l\u012bdz 80 gadiem. Saslimst\u012bbas l\u012bmenis samazin\u0101s kop\u0161 kr\u016bts v\u0113\u017ea skr\u012bninga programmu ievie\u0161anas, kas pied\u0101v\u0101 mamogr\u0101fiju sieviet\u0113m ar risku, k\u0101 ar\u012b sabiedr\u012bbas inform\u0113t\u012bbu un izgl\u012bto\u0161anu par kr\u016b\u0161u pa\u0161p\u0101rbaudi. Tom\u0113r kr\u016bts v\u0113zis joproj\u0101m ir viens no galvenajiem ar v\u0113zi saist\u012bto n\u0101ves gad\u012bjumu c\u0113lo\u0146iem sieviet\u0113m.<\/li>\n<\/ul>\n<h3>Kr\u016bts karcinomas 3D mode\u013ci \u2013 <a href=\"http:\/\/labostera.lt\/lv\/product-brand\/erler-zimmer-gmbh-co-kg\/\">Erlera-Zimmera anatomijas grupa<\/a><\/h3>\n<p>Vair\u0101k inform\u0101cijas: <a href=\"https:\/\/erler-zimmer.de\/shop\/en\/11432\" target=\"_blank\" rel=\"noopener nofollow\">ra\u017eot\u0101ja t\u012bmek\u013ca vietn\u0113<\/a> vai nos\u016btiet mums piepras\u012bjumu!<\/p>","protected":false},"excerpt":{"rendered":"<p>Erlera-Zimmera kr\u016bts karcinomas 3D modelis \u2014 p\u0113tniekiem un kr\u016bts v\u0113\u017ea izgl\u012bt\u012bbai.<\/p>","protected":false},"featured_media":19951,"template":"","meta":[],"product_cat":[75,79],"product_tag":[729,728,692,814,577,690],"class_list":{"0":"post-19950","1":"product","2":"type-product","3":"status-publish","4":"has-post-thumbnail","6":"product_brand-erler-zimmer-gmbh-co-kg","7":"product_cat-modeliai-manekenai-muliazai","8":"product_cat-mokymo-priemones-ir-iranga","9":"product_tag-3d-printed-models","10":"product_tag-3d-spausdinti-modeliai","11":"product_tag-erler-zimmer-gmbh-co-kg","12":"product_tag-kruties-karcinomos-modeliai","13":"product_tag-modeliai","14":"product_tag-models","16":"first","17":"onbackorder","18":"shipping-taxable","19":"purchasable","20":"product-type-simple"},"_links":{"self":[{"href":"https:\/\/labostera.lt\/lv\/wp-json\/wp\/v2\/product\/19950","targetHints":{"allow":["GET"]}}],"collection":[{"href":"https:\/\/labostera.lt\/lv\/wp-json\/wp\/v2\/product"}],"about":[{"href":"https:\/\/labostera.lt\/lv\/wp-json\/wp\/v2\/types\/product"}],"wp:featuredmedia":[{"embeddable":true,"href":"https:\/\/labostera.lt\/lv\/wp-json\/wp\/v2\/media\/19951"}],"wp:attachment":[{"href":"https:\/\/labostera.lt\/lv\/wp-json\/wp\/v2\/media?parent=19950"}],"wp:term":[{"taxonomy":"product_cat","embeddable":true,"href":"https:\/\/labostera.lt\/lv\/wp-json\/wp\/v2\/product_cat?post=19950"},{"taxonomy":"product_tag","embeddable":true,"href":"https:\/\/labostera.lt\/lv\/wp-json\/wp\/v2\/product_tag?post=19950"}],"curies":[{"name":"wp","href":"https:\/\/api.w.org\/{rel}","templated":true}]}}