{"id":19947,"date":"2024-03-08T09:02:53","date_gmt":"2024-03-08T07:02:53","guid":{"rendered":"http:\/\/labostera.lt\/?post_type=product&#038;p=19947"},"modified":"2024-10-18T15:21:23","modified_gmt":"2024-10-18T12:21:23","slug":"gimdos-3d-modelis-erler-zimmer-uterus-bicornuate-unicollis-3d-printed-model","status":"publish","type":"product","link":"https:\/\/labostera.lt\/lv\/priemones-ir-iranga\/mokymo-priemones-ir-iranga\/modeliai-manekenai-muliazai\/gimdos-3d-modelis-erler-zimmer-uterus-bicornuate-unicollis-3d-printed-model\/","title":{"rendered":"Dzemdes 3D modelis Erlera-Zimmera divragain\u0101s vienragain\u0101s dzemdes 3D druk\u0101tais modelis"},"content":{"rendered":"<h2><strong>\u201eErler-Zimmer GmbH &amp; Co. KG dzemdes 3D modelis<\/strong>:<\/h2>\n<ul>\n<li>Modelis: MP2104<\/li>\n<li>Kl\u012bnisk\u0101 v\u0113sture:<br \/>\n36 gadus vecai sievietei bija smaga p\u0113cdzemd\u012bbu asi\u0146o\u0161ana ar ceturto b\u0113rnu, kur\u0161 tika dzemd\u0113ts vagin\u0101li. Visi vi\u0146as iepriek\u0161\u0113jie 3 b\u0113rni tika dzemd\u0113ti vagin\u0101li, un nebija spont\u0101no abortu. Vi\u0146a s\u016bdz\u0113j\u0101s par periodisk\u0101m m\u0113ren\u0101m s\u0101p\u0113m v\u0113der\u0101. Ginekologi nesp\u0113ja aptur\u0113t asi\u0146o\u0161anu un veica neatliekamu radik\u0101lu histerektomiju un salpingektomiju. Gan paciente, gan b\u0113rns piln\u012bb\u0101 atvese\u013coj\u0101s.<\/li>\n<li>Patolo\u0123ija:<br \/>\n\u0160is dzemdes un olvadu, oln\u012bcu paraugs ir divragaina dzemde, kas sagriezta horizont\u0101li un novietota t\u0101, lai griezuma vieta un \u0101r\u0113j\u0101s virsmas b\u016btu redzamas. Abi dzemdes \u0137erme\u0146i ir vien\u0101da lieluma un tiem ir kop\u012bga dzemdes kakla da\u013ca. Dzemdes kakl\u0101 ir vair\u0101kas mazas cistas.<\/li>\n<li>Papildinform\u0101cija:<br \/>\nDivragu dzemde ir iedzimta dzemdes deform\u0101cija, kuras gad\u012bjum\u0101 dzemdes dibens ir ieliekts vair\u0101k nek\u0101 1 cm. Maksts un dzemdes kakls parasti ir norm\u0101li. Parasti ir viens dzemdes kakls. Parasti ir divi diezgan at\u0161\u0137ir\u012bgi endometrija dobumi. Divragu dzemde att\u012bst\u0101s embrion\u0101l\u0101s att\u012bst\u012bbas laik\u0101, kad Millera vadi sapl\u016bst da\u013c\u0113ji, nevis piln\u012bb\u0101.<\/li>\n<\/ul>\n<h3>Dzemdes 3D mode\u013ci \u2013 <a href=\"http:\/\/labostera.lt\/lv\/product-brand\/erler-zimmer-gmbh-co-kg\/\">Erlera-Zimmera anatomijas grupa<\/a><\/h3>\n<p>Vair\u0101k inform\u0101cijas: <a href=\"https:\/\/erler-zimmer.de\/shop\/en\/11431\" target=\"_blank\" rel=\"noopener nofollow\">ra\u017eot\u0101ja t\u012bmek\u013ca vietn\u0113<\/a> vai nos\u016btiet mums piepras\u012bjumu!<\/p>","protected":false},"excerpt":{"rendered":"<p>Erlera-Zimmera dzemdes 3D modelis. \u0160is 3D modelis att\u0113lo divragain\u0101s dzemdes anatomiju. Ide\u0101li piem\u0113rots p\u0113tniec\u012bbai un m\u0101c\u012b\u0161anai.<\/p>","protected":false},"featured_media":19949,"template":"","meta":[],"product_cat":[75,79],"product_tag":[729,728,692,813,577,690],"class_list":{"0":"post-19947","1":"product","2":"type-product","3":"status-publish","4":"has-post-thumbnail","6":"product_brand-erler-zimmer-gmbh-co-kg","7":"product_cat-modeliai-manekenai-muliazai","8":"product_cat-mokymo-priemones-ir-iranga","9":"product_tag-3d-printed-models","10":"product_tag-3d-spausdinti-modeliai","11":"product_tag-erler-zimmer-gmbh-co-kg","12":"product_tag-gimdos-modeliai","13":"product_tag-modeliai","14":"product_tag-models","16":"first","17":"onbackorder","18":"shipping-taxable","19":"purchasable","20":"product-type-simple"},"_links":{"self":[{"href":"https:\/\/labostera.lt\/lv\/wp-json\/wp\/v2\/product\/19947","targetHints":{"allow":["GET"]}}],"collection":[{"href":"https:\/\/labostera.lt\/lv\/wp-json\/wp\/v2\/product"}],"about":[{"href":"https:\/\/labostera.lt\/lv\/wp-json\/wp\/v2\/types\/product"}],"wp:featuredmedia":[{"embeddable":true,"href":"https:\/\/labostera.lt\/lv\/wp-json\/wp\/v2\/media\/19949"}],"wp:attachment":[{"href":"https:\/\/labostera.lt\/lv\/wp-json\/wp\/v2\/media?parent=19947"}],"wp:term":[{"taxonomy":"product_cat","embeddable":true,"href":"https:\/\/labostera.lt\/lv\/wp-json\/wp\/v2\/product_cat?post=19947"},{"taxonomy":"product_tag","embeddable":true,"href":"https:\/\/labostera.lt\/lv\/wp-json\/wp\/v2\/product_tag?post=19947"}],"curies":[{"name":"wp","href":"https:\/\/api.w.org\/{rel}","templated":true}]}}