{"id":19944,"date":"2024-03-07T17:13:13","date_gmt":"2024-03-07T15:13:13","guid":{"rendered":"http:\/\/labostera.lt\/?post_type=product&#038;p=19944"},"modified":"2024-10-18T15:21:24","modified_gmt":"2024-10-18T12:21:24","slug":"aortos-limfmazgiu-3d-modelis-erler-zimmer-aorta-lymph-nodes-3d-printed-model","status":"publish","type":"product","link":"https:\/\/labostera.lt\/lv\/priemones-ir-iranga\/mokymo-priemones-ir-iranga\/modeliai-manekenai-muliazai\/aortos-limfmazgiu-3d-modelis-erler-zimmer-aorta-lymph-nodes-3d-printed-model\/","title":{"rendered":"Aortas limfmezglu 3D modelis Erlera-Zimmera aortas limfmezglu 3D druk\u0101ts modelis"},"content":{"rendered":"<h2><strong>Erler-Zimmer GmbH &amp; Co. KG aortas limfmezglu 3D modelis<\/strong>:<\/h2>\n<ul>\n<li>Mode\u013ca numurs: MP2103<\/li>\n<li>Kl\u012bnisk\u0101 v\u0113sture:<br \/>\n\u0160is bija 75 gadus vecas sievietes gad\u012bjums, kad vi\u0146ai par\u0101d\u012bj\u0101s simptomi, kas atk\u0101rtoj\u0101s p\u0113c slim\u012bbas, un vi\u0146a apstiprin\u0101ja, ka p\u0113c piecu gadu ilgas s\u0101kotn\u0113j\u0101s terapijas III stadijas serozas oln\u012bcu adenokarcinomas gad\u012bjum\u0101 vi\u0146ai ir \u0137\u012bmijterapijai rezistentas metast\u0101zes. Pozitronu emisijas tomogr\u0101fijas\/datortomogr\u0101fijas (PET\/CT) sken\u0113\u0161ana uzr\u0101d\u012bja paraaortas un iegur\u0146a limfmezglu iesaist\u012b\u0161anos. Vi\u0146a nomira no aknu komplik\u0101cij\u0101m, pirms var\u0113ja apsv\u0113rt t\u0101das terapeitiskas iesp\u0113jas k\u0101 radik\u0101la limfadenektomija.<\/li>\n<li>Patolo\u0123ija:<br \/>\nParaug\u0101 ir v\u0113dera aorta un kop\u0113j\u0101s iegur\u0146a art\u0113rijas, k\u0101 ar\u012b liels skaits \u013coti palielin\u0101tu iegur\u0146a limfmezglu un paraaort\u0101lo limfmezglu. Histopatolo\u0123isk\u0101 izmekl\u0113\u0161ana atkl\u0101ja metast\u0101tisku augstas pak\u0101pes adenokarcinomu da\u017eos no iz\u0146emtajiem limfmezgliem.<\/li>\n<\/ul>\n<h3>Aortas limfmezglu 3D mode\u013ci \u2013 <a href=\"http:\/\/labostera.lt\/lv\/product-brand\/erler-zimmer-gmbh-co-kg\/\">Erlera-Zimmera anatomijas grupa<\/a><\/h3>\n<p>Vair\u0101k inform\u0101cijas: <a href=\"https:\/\/erler-zimmer.de\/shop\/en\/11430\" target=\"_blank\" rel=\"noopener nofollow\">ra\u017eot\u0101ja t\u012bmek\u013ca vietn\u0113<\/a> vai nos\u016btiet mums piepras\u012bjumu!<\/p>","protected":false},"excerpt":{"rendered":"<p>Erlera-Zimmera aortas limfmezglu 3D modelis \u2013 75 gadus vecas sievietes gad\u012bjums ar recidiv\u0113jo\u0161u slim\u012bbu un apstiprin\u0101t\u0101m \u0137\u012bmijterapijas atlas\u012btu limfmezglu metast\u0101z\u0113m.<\/p>","protected":false},"featured_media":19946,"template":"","meta":[],"product_cat":[75,79],"product_tag":[729,728,812,692,577,690],"class_list":{"0":"post-19944","1":"product","2":"type-product","3":"status-publish","4":"has-post-thumbnail","6":"product_brand-erler-zimmer-gmbh-co-kg","7":"product_cat-modeliai-manekenai-muliazai","8":"product_cat-mokymo-priemones-ir-iranga","9":"product_tag-3d-printed-models","10":"product_tag-3d-spausdinti-modeliai","11":"product_tag-aortos-limfmazgiu-modeliai","12":"product_tag-erler-zimmer-gmbh-co-kg","13":"product_tag-modeliai","14":"product_tag-models","16":"first","17":"onbackorder","18":"shipping-taxable","19":"purchasable","20":"product-type-simple"},"_links":{"self":[{"href":"https:\/\/labostera.lt\/lv\/wp-json\/wp\/v2\/product\/19944","targetHints":{"allow":["GET"]}}],"collection":[{"href":"https:\/\/labostera.lt\/lv\/wp-json\/wp\/v2\/product"}],"about":[{"href":"https:\/\/labostera.lt\/lv\/wp-json\/wp\/v2\/types\/product"}],"wp:featuredmedia":[{"embeddable":true,"href":"https:\/\/labostera.lt\/lv\/wp-json\/wp\/v2\/media\/19946"}],"wp:attachment":[{"href":"https:\/\/labostera.lt\/lv\/wp-json\/wp\/v2\/media?parent=19944"}],"wp:term":[{"taxonomy":"product_cat","embeddable":true,"href":"https:\/\/labostera.lt\/lv\/wp-json\/wp\/v2\/product_cat?post=19944"},{"taxonomy":"product_tag","embeddable":true,"href":"https:\/\/labostera.lt\/lv\/wp-json\/wp\/v2\/product_tag?post=19944"}],"curies":[{"name":"wp","href":"https:\/\/api.w.org\/{rel}","templated":true}]}}