{"id":19941,"date":"2024-03-07T16:45:08","date_gmt":"2024-03-07T14:45:08","guid":{"rendered":"http:\/\/labostera.lt\/?post_type=product&#038;p=19941"},"modified":"2024-10-18T15:21:25","modified_gmt":"2024-10-18T12:21:25","slug":"retrosternines-guzies-3d-modelis-erler-zimmer-retrosternal-goiter-3d-printed-model","status":"publish","type":"product","link":"https:\/\/labostera.lt\/lv\/priemones-ir-iranga\/mokymo-priemones-ir-iranga\/modeliai-manekenai-muliazai\/retrosternines-guzies-3d-modelis-erler-zimmer-retrosternal-goiter-3d-printed-model\/","title":{"rendered":"Retrostern\u0101l\u0101 goitera 3D modelis Erlera-Zimmera retrostern\u0101l\u0101 goitera 3D druk\u0101tais modelis"},"content":{"rendered":"<h2><strong>\u201eErler-Zimmer GmbH &amp; Co. KG 3D retrostern\u0101l\u0101s goitas modelis<\/strong>:<\/h2>\n<ul>\n<li>Mode\u013ca numurs: MP2101<\/li>\n<li>Kl\u012bnisk\u0101 prezent\u0101cija:<br \/>\n60 gadus veca sieviete v\u0113rs\u0101s pie \u0101rsta ar patolo\u0123isku kakla piet\u016bkumu, past\u0101v\u012bgu klepu un apgr\u016btin\u0101tu r\u012b\u0161anu. P\u0113d\u0113jo gadu laik\u0101 vi\u0146a bija pie\u0146\u0113musies svar\u0101. Vi\u0146a nomira no nesaist\u012btas sirds un asinsvadu slim\u012bbas, un paraugs tika ieg\u016bts p\u0113c n\u0101ves.<\/li>\n<li>Patolo\u0123ija:<br \/>\nP\u0113c n\u0101ves iz\u0146emtaj\u0101 paraug\u0101 ir ietverta balsene, traheja un liels daudzdaivu vairogdziedzeris. Vairogdziedzeris ir iev\u0113rojami palielin\u0101ts, \u012bpa\u0161i labais kambaris, kuram ir divas lielas daivas, kas izvirz\u0101s uz aug\u0161u un uz leju par 7\u20138 mm, kas, skatoties no priek\u0161puses, ir krietni \u0101rpus t\u0101 norm\u0101laj\u0101m robe\u017e\u0101m. Aizmugur\u0113 bar\u012bbas vads ir atv\u0113rts, lai atsegtu trahejas sienas aizmugur\u0113jo virsmu. Labais kambaris \u0161\u0137iet liel\u0101ks nek\u0101 skat\u0101 no priek\u0161puses, un patolo\u0123iskais veidojums, \u0161\u0137iet, atrodas lab\u0101 kambara apak\u0161\u0113j\u0101 da\u013c\u0101. Uz virsm\u0101m nav redzamas iev\u0113rojamas pigment\u0101cijas izmai\u0146as. Uz lab\u0101 kambara virsmas ir redzamas izteiktas v\u0113nas.<\/li>\n<\/ul>\n<h3>Retrostern\u0101l\u0101 strumas 3D mode\u013ci \u2013 <a href=\"http:\/\/labostera.lt\/lv\/product-brand\/erler-zimmer-gmbh-co-kg\/\">Erlera-Zimmera anatomijas grupa<\/a><\/h3>\n<p>Vair\u0101k inform\u0101cijas: <a href=\"https:\/\/erler-zimmer.de\/shop\/en\/11429\" target=\"_blank\" rel=\"noopener nofollow\">ra\u017eot\u0101ja t\u012bmek\u013ca vietn\u0113<\/a> vai nos\u016btiet mums piepras\u012bjumu!<\/p>","protected":false},"excerpt":{"rendered":"<p>Erlera-Zimmera retrostern\u0101l\u0101 strumas 3D modelis \u2013 60 gadus veca sieviete v\u0113rs\u0101s pie \u0101rsta ar patolo\u0123isku kakla piet\u016bkumu, past\u0101v\u012bgu klepu un apgr\u016btin\u0101tu r\u012b\u0161anu. P\u0113d\u0113jo gadu laik\u0101 vi\u0146a bija pie\u0146\u0113musies svar\u0101.<\/p>","protected":false},"featured_media":19943,"template":"","meta":[],"product_cat":[75,79],"product_tag":[729,728,692,577,690,811],"class_list":{"0":"post-19941","1":"product","2":"type-product","3":"status-publish","4":"has-post-thumbnail","6":"product_brand-erler-zimmer-gmbh-co-kg","7":"product_cat-modeliai-manekenai-muliazai","8":"product_cat-mokymo-priemones-ir-iranga","9":"product_tag-3d-printed-models","10":"product_tag-3d-spausdinti-modeliai","11":"product_tag-erler-zimmer-gmbh-co-kg","12":"product_tag-modeliai","13":"product_tag-models","14":"product_tag-retrosternines-guzies-modeliai","16":"first","17":"onbackorder","18":"shipping-taxable","19":"purchasable","20":"product-type-simple"},"_links":{"self":[{"href":"https:\/\/labostera.lt\/lv\/wp-json\/wp\/v2\/product\/19941","targetHints":{"allow":["GET"]}}],"collection":[{"href":"https:\/\/labostera.lt\/lv\/wp-json\/wp\/v2\/product"}],"about":[{"href":"https:\/\/labostera.lt\/lv\/wp-json\/wp\/v2\/types\/product"}],"wp:featuredmedia":[{"embeddable":true,"href":"https:\/\/labostera.lt\/lv\/wp-json\/wp\/v2\/media\/19943"}],"wp:attachment":[{"href":"https:\/\/labostera.lt\/lv\/wp-json\/wp\/v2\/media?parent=19941"}],"wp:term":[{"taxonomy":"product_cat","embeddable":true,"href":"https:\/\/labostera.lt\/lv\/wp-json\/wp\/v2\/product_cat?post=19941"},{"taxonomy":"product_tag","embeddable":true,"href":"https:\/\/labostera.lt\/lv\/wp-json\/wp\/v2\/product_tag?post=19941"}],"curies":[{"name":"wp","href":"https:\/\/api.w.org\/{rel}","templated":true}]}}