{"id":19938,"date":"2024-03-07T16:08:40","date_gmt":"2024-03-07T14:08:40","guid":{"rendered":"http:\/\/labostera.lt\/?post_type=product&#038;p=19938"},"modified":"2024-10-18T15:21:26","modified_gmt":"2024-10-18T12:21:26","slug":"daugiamazges-guzies-3d-modelis-erler-zimmer-multinodular-goitre-3d-printed-model","status":"publish","type":"product","link":"https:\/\/labostera.lt\/lv\/priemones-ir-iranga\/mokymo-priemones-ir-iranga\/modeliai-manekenai-muliazai\/daugiamazges-guzies-3d-modelis-erler-zimmer-multinodular-goitre-3d-printed-model\/","title":{"rendered":"Erlera-Zimmera daudzmezglu strumas 3D druk\u0101tais modelis"},"content":{"rendered":"<h2><strong>Erler-Zimmer GmbH &amp; Co. KG Multinodul\u0101ras goitas 3D modelis<\/strong>:<\/h2>\n<ul>\n<li>Mode\u013ca numurs: MP2101<\/li>\n<li>Kl\u012bnisk\u0101 prezent\u0101cija:<br \/>\n53 gadus veca sieviete v\u0113rs\u0101s pie \u0101rsta ar patolo\u0123isku piet\u016bkumu kakl\u0101 un past\u0101v\u012bgu klepu. P\u0113d\u0113jo gadu laik\u0101 vi\u0146a s\u016bdz\u0113j\u0101s par v\u0101jumu un svara pieaugumu. Kam\u0113r vi\u0146a bija subjekts, vi\u0146a da\u017eus m\u0113ne\u0161us v\u0113l\u0101k nomira no nesaist\u012btas sirds un asinsvadu slim\u012bbas.<\/li>\n<li>Patolo\u0123ija:<br \/>\nParaugs, kas tiek no\u0146emts p\u0113c n\u0101ves, ietver m\u0113les pamatni, r\u012bkli un traheju. Tas tika sagriezts koron\u0101laj\u0101 plakn\u0113, lai var\u0113tu ieg\u016bt balsenes un trahejas iek\u0161\u0113jo anatomisko skatu. Vairogdziedzeris ir iev\u0113rojami palielin\u0101ts, \u012bpa\u0161i labais kambaris, kas, skatoties no priek\u0161puses, izvirz\u0101s uz aug\u0161u un uz leju, krietni p\u0101rsniedzot savas norm\u0101l\u0101s robe\u017eas. Grie\u017eot aizmugur\u0113jo virsmu, abos kambaros ir daudz hipertrofisku un hipopigment\u0113tu mezgli\u0146u, k\u0101 ar\u012b cistiskas zonas. M\u0113les pamatne, balsene un traheja \u0161\u0137iet relat\u012bvi norm\u0101la.<\/li>\n<\/ul>\n<h3>Daudzmezglu goitera 3D mode\u013ci \u2013 <a href=\"http:\/\/labostera.lt\/lv\/product-brand\/erler-zimmer-gmbh-co-kg\/\">Erlera-Zimmera anatomijas grupa<\/a><\/h3>\n<p>Vair\u0101k inform\u0101cijas: <a href=\"https:\/\/erler-zimmer.de\/shop\/en\/11428\" target=\"_blank\" rel=\"noopener nofollow\">ra\u017eot\u0101ja t\u012bmek\u013ca vietn\u0113<\/a> vai nos\u016btiet mums piepras\u012bjumu!<\/p>","protected":false},"excerpt":{"rendered":"<p>Erlera-Zimmera multinodul\u0101r\u0101s goitera 3D modelis \u2013 53 gadus veca sieviete v\u0113rs\u0101s pie \u0101rsta ar patolo\u0123isku piet\u016bkumu kakl\u0101 un past\u0101v\u012bgu klepu. Vi\u0146a s\u016bdz\u0113j\u0101s par v\u0101jumu un svara pieaugumu.<\/p>","protected":false},"featured_media":19939,"template":"","meta":[],"product_cat":[75,79],"product_tag":[729,728,810,692,577,690],"class_list":{"0":"post-19938","1":"product","2":"type-product","3":"status-publish","4":"has-post-thumbnail","6":"product_brand-erler-zimmer-gmbh-co-kg","7":"product_cat-modeliai-manekenai-muliazai","8":"product_cat-mokymo-priemones-ir-iranga","9":"product_tag-3d-printed-models","10":"product_tag-3d-spausdinti-modeliai","11":"product_tag-daugiamazges-guzies-modeliai","12":"product_tag-erler-zimmer-gmbh-co-kg","13":"product_tag-modeliai","14":"product_tag-models","16":"first","17":"onbackorder","18":"shipping-taxable","19":"purchasable","20":"product-type-simple"},"_links":{"self":[{"href":"https:\/\/labostera.lt\/lv\/wp-json\/wp\/v2\/product\/19938","targetHints":{"allow":["GET"]}}],"collection":[{"href":"https:\/\/labostera.lt\/lv\/wp-json\/wp\/v2\/product"}],"about":[{"href":"https:\/\/labostera.lt\/lv\/wp-json\/wp\/v2\/types\/product"}],"wp:featuredmedia":[{"embeddable":true,"href":"https:\/\/labostera.lt\/lv\/wp-json\/wp\/v2\/media\/19939"}],"wp:attachment":[{"href":"https:\/\/labostera.lt\/lv\/wp-json\/wp\/v2\/media?parent=19938"}],"wp:term":[{"taxonomy":"product_cat","embeddable":true,"href":"https:\/\/labostera.lt\/lv\/wp-json\/wp\/v2\/product_cat?post=19938"},{"taxonomy":"product_tag","embeddable":true,"href":"https:\/\/labostera.lt\/lv\/wp-json\/wp\/v2\/product_tag?post=19938"}],"curies":[{"name":"wp","href":"https:\/\/api.w.org\/{rel}","templated":true}]}}