{"id":19935,"date":"2024-03-07T15:27:24","date_gmt":"2024-03-07T13:27:24","guid":{"rendered":"http:\/\/labostera.lt\/?post_type=product&#038;p=19935"},"modified":"2024-10-18T15:21:27","modified_gmt":"2024-10-18T12:21:27","slug":"skydliaukes-limfomos-3d-modelis-erler-zimmer-lymphoma-of-the-thyroid-3d-printed-model","status":"publish","type":"product","link":"https:\/\/labostera.lt\/lv\/priemones-ir-iranga\/mokymo-priemones-ir-iranga\/modeliai-manekenai-muliazai\/skydliaukes-limfomos-3d-modelis-erler-zimmer-lymphoma-of-the-thyroid-3d-printed-model\/","title":{"rendered":"Vairogdziedzera limfomas 3D modelis Erlera-Zimmera vairogdziedzera limfomas 3D druk\u0101tais modelis"},"content":{"rendered":"<h2><strong>Erler-Zimmer GmbH &amp; Co. KG Vairogdziedzera limfomas 3D modelis<\/strong>:<\/h2>\n<ul>\n<li>Mode\u013ca numurs: MP2100<\/li>\n<li>Kl\u012bnisk\u0101 v\u0113sture:<br \/>\n68 gadus veca sieviete v\u0113rs\u0101s pie \u0101rsta ar nelielu, cietu mezgli\u0146u vairogdziedzer\u012b. N\u0101kamo se\u0161u ned\u0113\u013cu laik\u0101 masa strauji auga, izraisot balsenes stridoru un bar\u012bbas vada aizsmakumu, kas bija termiskas paz\u012bmes. Limfmezgli nebija palielin\u0101ti, un liesas hepatomeg\u0101lija netika nov\u0113rota.<\/li>\n<li>Patolo\u0123ija:<br \/>\nParaug\u0101 bija iek\u013cauts balsene, vairogdziedzeris, trahejas aug\u0161da\u013ca un bar\u012bbas vads. Papla\u0161in\u0101to kreiso vairogdziedzera kambari un maz\u0101k\u0101 m\u0113r\u0101 labo kambari aizst\u0101j ar viendab\u012bgiem, gai\u0161iem audz\u0113ja audiem. Kop\u0113jais sirds t\u0113rauds ir izstiepts virs kreis\u0101 kambara s\u0101nu malas. Iev\u0113rojiet iek\u0161pus\u0113, k\u0101 kakls tiek saspiests un bar\u012bbas vads gandr\u012bz izz\u016bd audz\u0113ja mas\u0101. Audz\u0113ja histolo\u0123iskais izskats atbilda vairogdziedzera limfoblastiskajai limfomai. \u0160\u012b audz\u0113ja ret\u0101 sastopam\u012bba liek izsl\u0113gt vairogdziedzera anaplastiskas karcinomas un sekund\u0101ras limfomas izplat\u012b\u0161an\u0101s citur diagnozi.<\/li>\n<\/ul>\n<h3>Vairogdziedzera limfomas 3D mode\u013ci \u2013 <a href=\"http:\/\/labostera.lt\/lv\/product-brand\/erler-zimmer-gmbh-co-kg\/\">Erlera-Zimmera anatomijas grupa<\/a><\/h3>\n<p>Vair\u0101k inform\u0101cijas: <a href=\"https:\/\/erler-zimmer.de\/shop\/en\/11427\" target=\"_blank\" rel=\"noopener nofollow\">ra\u017eot\u0101ja t\u012bmek\u013ca vietn\u0113<\/a> vai nos\u016btiet mums piepras\u012bjumu!<\/p>","protected":false},"excerpt":{"rendered":"<p>Erlera-Zimmera vairogdziedzera limfomas 3D modelis \u2013 68 gadus veca sieviete v\u0113rs\u0101s pie \u0101rsta ar nelielu cietu mezgli\u0146u vairogdziedzer\u012b. N\u0101kamo se\u0161u ned\u0113\u013cu laik\u0101 masa strauji pieauga.<\/p>","protected":false},"featured_media":19937,"template":"","meta":[],"product_cat":[75,79],"product_tag":[729,728,692,577,690,809],"class_list":{"0":"post-19935","1":"product","2":"type-product","3":"status-publish","4":"has-post-thumbnail","6":"product_brand-erler-zimmer-gmbh-co-kg","7":"product_cat-modeliai-manekenai-muliazai","8":"product_cat-mokymo-priemones-ir-iranga","9":"product_tag-3d-printed-models","10":"product_tag-3d-spausdinti-modeliai","11":"product_tag-erler-zimmer-gmbh-co-kg","12":"product_tag-modeliai","13":"product_tag-models","14":"product_tag-skydliaukes-limfomos-modeliai","16":"first","17":"onbackorder","18":"shipping-taxable","19":"purchasable","20":"product-type-simple"},"_links":{"self":[{"href":"https:\/\/labostera.lt\/lv\/wp-json\/wp\/v2\/product\/19935","targetHints":{"allow":["GET"]}}],"collection":[{"href":"https:\/\/labostera.lt\/lv\/wp-json\/wp\/v2\/product"}],"about":[{"href":"https:\/\/labostera.lt\/lv\/wp-json\/wp\/v2\/types\/product"}],"wp:featuredmedia":[{"embeddable":true,"href":"https:\/\/labostera.lt\/lv\/wp-json\/wp\/v2\/media\/19937"}],"wp:attachment":[{"href":"https:\/\/labostera.lt\/lv\/wp-json\/wp\/v2\/media?parent=19935"}],"wp:term":[{"taxonomy":"product_cat","embeddable":true,"href":"https:\/\/labostera.lt\/lv\/wp-json\/wp\/v2\/product_cat?post=19935"},{"taxonomy":"product_tag","embeddable":true,"href":"https:\/\/labostera.lt\/lv\/wp-json\/wp\/v2\/product_tag?post=19935"}],"curies":[{"name":"wp","href":"https:\/\/api.w.org\/{rel}","templated":true}]}}