{"id":19932,"date":"2024-03-07T14:55:39","date_gmt":"2024-03-07T12:55:39","guid":{"rendered":"http:\/\/labostera.lt\/?post_type=product&#038;p=19932"},"modified":"2024-10-18T15:21:28","modified_gmt":"2024-10-18T12:21:28","slug":"papiliarine-inkstu-dubens-karcinomos-3d-modelis-erler-zimmer-papillary-papillary-carcinoma-of-the-renal-pelvis-3d-printed-model","status":"publish","type":"product","link":"https:\/\/labostera.lt\/lv\/priemones-ir-iranga\/mokymo-priemones-ir-iranga\/modeliai-manekenai-muliazai\/papiliarine-inkstu-dubens-karcinomos-3d-modelis-erler-zimmer-papillary-papillary-carcinoma-of-the-renal-pelvis-3d-printed-model\/","title":{"rendered":"Nieru iegur\u0146a papil\u0101r\u0101s karcinomas 3D druk\u0101tais modelis Erlera-Zimmera papil\u0101r\u0101s papil\u0101r\u0101s nieru iegur\u0146a karcinomas 3D druk\u0101tais modelis"},"content":{"rendered":"<h2><strong>Erler-Zimmer GmbH &amp; Co. KG Papil\u0101r\u0101s nieres iegur\u0146a karcinomas 3D modelis<\/strong>:<\/h2>\n<ul>\n<li>Mode\u013ca numurs: MP2099<\/li>\n<li>Kl\u012bnisk\u0101 v\u0113sture:<br \/>\n60 gadus vecam v\u012brietim, kur\u0161 40 gadus bija nostr\u0101d\u0101jis kr\u0101su r\u016bpn\u012bc\u0101, m\u0113ne\u0161a laik\u0101 att\u012bst\u012bj\u0101s s\u0101p\u012bga hemat\u016brija. Datortomogr\u0101fijas sken\u0113\u0161ana par\u0101d\u012bja iesp\u0113jamu audz\u0113ju kreisaj\u0101 nieru iegurn\u012b. Vi\u0146am tika veikta nefrektomija.<\/li>\n<li>Patolo\u0123ija:<br \/>\n\u0160\u012b ir niere p\u0113c nefrektomijas. J\u0101atz\u012bm\u0113, ka niere saglab\u0101 savu embrion\u0101lo lobul\u0101ciju. Nieru iegurn\u012b ir redzams trausls, palielin\u0101jies audz\u0113js, kura diametrs ir 35 mm. \u0160is obstrukt\u012bvais audz\u0113js izraisa nieru iegur\u0146a iev\u0113rojamu palielin\u0101\u0161anos. Histolo\u0123isk\u0101 izmekl\u0113\u0161ana atkl\u0101ja, ka t\u0101 ir papil\u0101ra p\u0101rejas \u0161\u016bnu karcinoma, kas att\u012bst\u012bjusies no nieru iegur\u0146a.<\/li>\n<\/ul>\n<h3>Papil\u0101ru nieru iegur\u0146a karcinomas 3D mode\u013ci \u2013 <a href=\"http:\/\/labostera.lt\/lv\/product-brand\/erler-zimmer-gmbh-co-kg\/\">Erlera-Zimmera anatomijas grupa<\/a><\/h3>\n<p>Vair\u0101k inform\u0101cijas: <a href=\"https:\/\/erler-zimmer.de\/shop\/en\/11426\" target=\"_blank\" rel=\"noopener nofollow\">ra\u017eot\u0101ja t\u012bmek\u013ca vietn\u0113<\/a> vai nos\u016btiet mums piepras\u012bjumu!<\/p>","protected":false},"excerpt":{"rendered":"<p>Erlera-Zimmera papil\u0101r\u0101s nieru iegur\u0146a karcinomas 3D modelis \u2013 60 gadus vecam v\u012brietim, kur\u0161 40 gadus bija nostr\u0101d\u0101jis kr\u0101su r\u016bpn\u012bc\u0101, m\u0113ne\u0161a laik\u0101 att\u012bst\u012bj\u0101s s\u0101p\u012bga hemat\u016brija.<\/p>","protected":false},"featured_media":19933,"template":"","meta":[],"product_cat":[75,79],"product_tag":[729,728,692,577,690,808],"class_list":{"0":"post-19932","1":"product","2":"type-product","3":"status-publish","4":"has-post-thumbnail","6":"product_brand-erler-zimmer-gmbh-co-kg","7":"product_cat-modeliai-manekenai-muliazai","8":"product_cat-mokymo-priemones-ir-iranga","9":"product_tag-3d-printed-models","10":"product_tag-3d-spausdinti-modeliai","11":"product_tag-erler-zimmer-gmbh-co-kg","12":"product_tag-modeliai","13":"product_tag-models","14":"product_tag-papiliarine-inkstu-dubens-karcinomos-modeliai","16":"first","17":"onbackorder","18":"shipping-taxable","19":"purchasable","20":"product-type-simple"},"_links":{"self":[{"href":"https:\/\/labostera.lt\/lv\/wp-json\/wp\/v2\/product\/19932","targetHints":{"allow":["GET"]}}],"collection":[{"href":"https:\/\/labostera.lt\/lv\/wp-json\/wp\/v2\/product"}],"about":[{"href":"https:\/\/labostera.lt\/lv\/wp-json\/wp\/v2\/types\/product"}],"wp:featuredmedia":[{"embeddable":true,"href":"https:\/\/labostera.lt\/lv\/wp-json\/wp\/v2\/media\/19933"}],"wp:attachment":[{"href":"https:\/\/labostera.lt\/lv\/wp-json\/wp\/v2\/media?parent=19932"}],"wp:term":[{"taxonomy":"product_cat","embeddable":true,"href":"https:\/\/labostera.lt\/lv\/wp-json\/wp\/v2\/product_cat?post=19932"},{"taxonomy":"product_tag","embeddable":true,"href":"https:\/\/labostera.lt\/lv\/wp-json\/wp\/v2\/product_tag?post=19932"}],"curies":[{"name":"wp","href":"https:\/\/api.w.org\/{rel}","templated":true}]}}