{"id":19929,"date":"2024-03-07T14:07:45","date_gmt":"2024-03-07T12:07:45","guid":{"rendered":"http:\/\/labostera.lt\/?post_type=product&#038;p=19929"},"modified":"2024-10-18T15:21:30","modified_gmt":"2024-10-18T12:21:30","slug":"septinis-inkstu-infarkto-3d-modelis-erler-zimmer-septic-renal-infarct-3d-printed-model","status":"publish","type":"product","link":"https:\/\/labostera.lt\/lv\/priemones-ir-iranga\/mokymo-priemones-ir-iranga\/modeliai-manekenai-muliazai\/septinis-inkstu-infarkto-3d-modelis-erler-zimmer-septic-renal-infarct-3d-printed-model\/","title":{"rendered":"Septiska nieru infarkta 3D druk\u0101tais modelis Erlera-Zimmera septiska nieru infarkta 3D druk\u0101tais modelis"},"content":{"rendered":"<h2><strong>Erler-Zimmer GmbH &amp; Co. KG septiska nieru infarkta 3D modelis<\/strong>:<\/h2>\n<ul>\n<li>Mode\u013ca numurs: MP2098<\/li>\n<li>Kl\u012bnisk\u0101 v\u0113sture:<br \/>\n54 gadus vecs v\u012brietis v\u0113rs\u0101s pie \u0101rsta ar s\u0101p\u0113m rib\u0101s. Vi\u0146\u0161 ir akt\u012bvs intravenozo narkotiku lietot\u0101js. Turpm\u0101ka iztauj\u0101\u0161ana atkl\u0101j intermit\u0113jo\u0161as hemat\u016brijas, drud\u017ea, visp\u0101r\u0113ja nesp\u0113ka un vem\u0161anas anamn\u0113zi. P\u0101rbaudes laik\u0101 atkl\u0101jas paaugstin\u0101ts asinsspiediens un drudzis. D\u017eeinvejas apk\u0101rtn\u0113 ir redzamas p\u0113das uz vi\u0146as ekstremit\u0101t\u0113m un nesen ievad\u012btu intravenozo z\u0101\u013cu lieto\u0161anas p\u0113das. Kr\u016b\u0161kurvja auskult\u0101cijas laik\u0101 dzirdams sistoliskais troksnis. Asins anal\u012bzes uzr\u0101da paaugstin\u0101tus iekaisuma mar\u0137ierus, nieru darb\u012bbas trauc\u0113jumus, paaugstin\u0101tu LDH l\u012bmeni un vair\u0101kas bakteri\u0113miskas asins kult\u016bras. Ehokardiogramm\u0101 redzama liela, kust\u012bga trikuspid\u0101l\u0101 ve\u0123et\u0101cija. Vi\u0146am tika uzs\u0101kta infekcioz\u0101 endokard\u012bta \u0101rst\u0113\u0161ana, bet v\u0113l\u0101k vi\u0146\u0161 nomira no p\u0113k\u0161\u0146as sirdsdarb\u012bbas apst\u0101\u0161an\u0101s.<\/li>\n<li>Patolo\u0123ija:<br \/>\n\u0160\u012b ir pacienta nieres p\u0113cn\u0101ves izmekl\u0113\u0161ana. Nieres ir sadal\u012btas div\u0101s da\u013c\u0101s, un ir att\u0113lotas pusgriezt\u0101s virsmas. Korteks\u0101 ir redzamas vair\u0101kas prec\u012bzi defin\u0113tas kl\u012bniski baltas zonas. \u0160o piram\u012bdu pamatne atrodas gar kortik\u0101lo virsmu un gar nieru p\u012bl\u0101riem, un virsotne ir v\u0113rsta medi\u0101li. Liel\u0101kais ir paman\u0101ms nieres aug\u0161\u0113j\u0101 s\u0101nu da\u013c\u0101. \u0160\u012bs gai\u0161\u0101s zonas ir infic\u0113ti nieru audu plankumi. Ir tum\u0161as, neregul\u0101ras formas zonas, ko veido asi\u0146o\u0161anas zonas.<\/li>\n<\/ul>\n<h3>Septiska nieru infarkta 3D mode\u013ci \u2013 <a href=\"http:\/\/labostera.lt\/lv\/product-brand\/erler-zimmer-gmbh-co-kg\/\">Erlera-Zimmera anatomijas grupa<\/a><\/h3>\n<p>Vair\u0101k inform\u0101cijas: <a href=\"https:\/\/erler-zimmer.de\/shop\/en\/11425\" target=\"_blank\" rel=\"noopener nofollow\">ra\u017eot\u0101ja t\u012bmek\u013ca vietn\u0113<\/a> vai nos\u016btiet mums piepras\u012bjumu!<\/p>","protected":false},"excerpt":{"rendered":"<p>Erlera-Zimmera septisk\u0101 nieru infarkta 3D modelis \u2013 54 gadus vecs v\u012brietis v\u0113rs\u0101s pie \u0101rsta ar ribu s\u0101p\u0113m. Vi\u0146\u0161 ir akt\u012bvs intravenozo narkotiku lietot\u0101js.<\/p>","protected":false},"featured_media":19930,"template":"","meta":[],"product_cat":[75,79],"product_tag":[729,728,692,577,690,807],"class_list":{"0":"post-19929","1":"product","2":"type-product","3":"status-publish","4":"has-post-thumbnail","6":"product_brand-erler-zimmer-gmbh-co-kg","7":"product_cat-modeliai-manekenai-muliazai","8":"product_cat-mokymo-priemones-ir-iranga","9":"product_tag-3d-printed-models","10":"product_tag-3d-spausdinti-modeliai","11":"product_tag-erler-zimmer-gmbh-co-kg","12":"product_tag-modeliai","13":"product_tag-models","14":"product_tag-septinis-inkstu-infarkto-modeliai","16":"first","17":"onbackorder","18":"shipping-taxable","19":"purchasable","20":"product-type-simple"},"_links":{"self":[{"href":"https:\/\/labostera.lt\/lv\/wp-json\/wp\/v2\/product\/19929","targetHints":{"allow":["GET"]}}],"collection":[{"href":"https:\/\/labostera.lt\/lv\/wp-json\/wp\/v2\/product"}],"about":[{"href":"https:\/\/labostera.lt\/lv\/wp-json\/wp\/v2\/types\/product"}],"wp:featuredmedia":[{"embeddable":true,"href":"https:\/\/labostera.lt\/lv\/wp-json\/wp\/v2\/media\/19930"}],"wp:attachment":[{"href":"https:\/\/labostera.lt\/lv\/wp-json\/wp\/v2\/media?parent=19929"}],"wp:term":[{"taxonomy":"product_cat","embeddable":true,"href":"https:\/\/labostera.lt\/lv\/wp-json\/wp\/v2\/product_cat?post=19929"},{"taxonomy":"product_tag","embeddable":true,"href":"https:\/\/labostera.lt\/lv\/wp-json\/wp\/v2\/product_tag?post=19929"}],"curies":[{"name":"wp","href":"https:\/\/api.w.org\/{rel}","templated":true}]}}