{"id":19925,"date":"2024-03-07T13:11:30","date_gmt":"2024-03-07T11:11:30","guid":{"rendered":"http:\/\/labostera.lt\/?post_type=product&#038;p=19925"},"modified":"2024-10-18T15:21:31","modified_gmt":"2024-10-18T12:21:31","slug":"inkstu-lasteliu-karcinomos-3d-modelis-erler-zimmer-renal-cell-carcinoma-3d-printed-model","status":"publish","type":"product","link":"https:\/\/labostera.lt\/lv\/priemones-ir-iranga\/mokymo-priemones-ir-iranga\/modeliai-manekenai-muliazai\/inkstu-lasteliu-karcinomos-3d-modelis-erler-zimmer-renal-cell-carcinoma-3d-printed-model\/","title":{"rendered":"Nieru \u0161\u016bnu karcinomas 3D modelis Erlera-Zimmera nieru \u0161\u016bnu karcinomas 3D druk\u0101tais modelis"},"content":{"rendered":"<h2><strong>Erler-Zimmer GmbH &amp; Co. KG nieru \u0161\u016bnu karcinomas 3D modelis<\/strong>:<\/h2>\n<ul>\n<li>Mode\u013ca numurs: MP2097<\/li>\n<li>Kl\u012bnisk\u0101 v\u0113sture:<br \/>\n64 gadus vecs v\u012brietis v\u0113rs\u0101s pie \u0101rsta ar 5 m\u0113ne\u0161us ilgu visp\u0101r\u0113ju nesp\u0113ku, svara zudumu un trulas s\u0101pes labaj\u0101 rib\u0101. P\u0101rbaudes laik\u0101 labaj\u0101 v\u0113der\u0101 tiek konstat\u0113ta palp\u0113jama masa. Tiek atz\u012bm\u0113ts, ka vi\u0146am ir hipertensija. Ur\u012bna anal\u012bze atkl\u0101j mikroskopisku hemat\u016briju. Pacientam tika veikta lab\u0101s puses nefrektomija.<\/li>\n<li>Patolo\u0123ija:<br \/>\n\u0160\u012b ir niere, kas nav piln\u012bb\u0101 p\u0101rgriezta konisk\u0101 griezuma plakn\u0113 un piestiprin\u0101ta, lai par\u0101d\u012btu griezuma virsmu. Nieres apak\u0161\u0113jo polu aizst\u0101j apa\u013ca, neskaidra, neregul\u0101ra masa 5 cm diametr\u0101, kas saspie\u017e un deform\u0113 aug\u0161\u0113jo nieru parenh\u012bmu. Audz\u0113ja griezuma virsmai ir daudzveid\u012bgs izskats, ko izraisa hematomas un nekrozes zonas. Virs smadze\u0146u garozas un serdes ir redzami vair\u0101ki mazi gai\u0161i dzelteni audz\u0113ja mezgli\u0146i, kas atdal\u0101s no audz\u0113ja apak\u0161\u0113j\u0101 pol\u0101. T\u0101s ir intraren\u0101las metast\u0101zes. Nieru iegurnis ir nedaudz papla\u0161in\u0101ts, un vair\u0101kas nieru granulas nor\u0101da uz hidronefrozes pak\u0101pi. Kapsulas virsma ir smalki mezglota ar da\u017e\u0101m raupj\u0101m r\u0113t\u0101m un tai ir vair\u0101kas mazas vienk\u0101r\u0161as cistas (skat\u012bt parauga aizmugur\u0113jo pusi). Histolo\u0123iski audz\u0113js tika diagnostic\u0113ts k\u0101 nieru \u0161\u016bnu karcinoma.<\/li>\n<\/ul>\n<h3>Nieru \u0161\u016bnu karcinomas 3D mode\u013ci \u2013 <a href=\"http:\/\/labostera.lt\/lv\/product-brand\/erler-zimmer-gmbh-co-kg\/\">Erlera-Zimmera anatomijas grupa<\/a><\/h3>\n<p>Vair\u0101k inform\u0101cijas: <a href=\"https:\/\/erler-zimmer.de\/shop\/en\/11424\" target=\"_blank\" rel=\"noopener nofollow\">ra\u017eot\u0101ja t\u012bmek\u013ca vietn\u0113<\/a> vai nos\u016btiet mums piepras\u012bjumu!<\/p>","protected":false},"excerpt":{"rendered":"<p>Erlera-Zimmera nieru \u0161\u016bnu karcinomas 3D modelis \u2013 64 gadus vecs v\u012brietis ierad\u0101s pie \u0101rsta ar 5 m\u0113ne\u0161us ilgu visp\u0101r\u0113ju nesp\u0113ku, svara zudumu un trulas s\u0101pes labaj\u0101 rib\u0101.<\/p>","protected":false},"featured_media":19927,"template":"","meta":[],"product_cat":[75,79],"product_tag":[729,728,692,806,577,690],"class_list":{"0":"post-19925","1":"product","2":"type-product","3":"status-publish","4":"has-post-thumbnail","6":"product_brand-erler-zimmer-gmbh-co-kg","7":"product_cat-modeliai-manekenai-muliazai","8":"product_cat-mokymo-priemones-ir-iranga","9":"product_tag-3d-printed-models","10":"product_tag-3d-spausdinti-modeliai","11":"product_tag-erler-zimmer-gmbh-co-kg","12":"product_tag-inkstu-lasteliu-karcinomos-modeliai","13":"product_tag-modeliai","14":"product_tag-models","16":"first","17":"onbackorder","18":"shipping-taxable","19":"purchasable","20":"product-type-simple"},"_links":{"self":[{"href":"https:\/\/labostera.lt\/lv\/wp-json\/wp\/v2\/product\/19925","targetHints":{"allow":["GET"]}}],"collection":[{"href":"https:\/\/labostera.lt\/lv\/wp-json\/wp\/v2\/product"}],"about":[{"href":"https:\/\/labostera.lt\/lv\/wp-json\/wp\/v2\/types\/product"}],"wp:featuredmedia":[{"embeddable":true,"href":"https:\/\/labostera.lt\/lv\/wp-json\/wp\/v2\/media\/19927"}],"wp:attachment":[{"href":"https:\/\/labostera.lt\/lv\/wp-json\/wp\/v2\/media?parent=19925"}],"wp:term":[{"taxonomy":"product_cat","embeddable":true,"href":"https:\/\/labostera.lt\/lv\/wp-json\/wp\/v2\/product_cat?post=19925"},{"taxonomy":"product_tag","embeddable":true,"href":"https:\/\/labostera.lt\/lv\/wp-json\/wp\/v2\/product_tag?post=19925"}],"curies":[{"name":"wp","href":"https:\/\/api.w.org\/{rel}","templated":true}]}}