{"id":19922,"date":"2024-03-07T11:13:29","date_gmt":"2024-03-07T09:13:29","guid":{"rendered":"http:\/\/labostera.lt\/?post_type=product&#038;p=19922"},"modified":"2024-10-18T15:21:32","modified_gmt":"2024-10-18T12:21:32","slug":"pionefrozes-3d-modelis-erler-zimmer-pyonephrosis-3d-printed-model","status":"publish","type":"product","link":"https:\/\/labostera.lt\/lv\/priemones-ir-iranga\/mokymo-priemones-ir-iranga\/modeliai-manekenai-muliazai\/pionefrozes-3d-modelis-erler-zimmer-pyonephrosis-3d-printed-model\/","title":{"rendered":"Pionefrozes 3D modelis Erlera-Zimmera pionefrozes 3D druk\u0101tais modelis"},"content":{"rendered":"<h2><strong>Pionefrozes 3D modelis, ko izstr\u0101d\u0101jusi Erler-Zimmer GmbH &amp; Co. KG<\/strong>:<\/h2>\n<ul>\n<li>Mode\u013ca numurs: MP2096<\/li>\n<li>Kl\u012bnisk\u0101 v\u0113sture:<br \/>\n38 gadus veca sieviete v\u0113rs\u0101s pie \u0101rsta ar stipru sliktu d\u016b\u0161u, vem\u0161anu, drudzi un drebu\u013ciem. Vi\u0146ai p\u0113d\u0113jo 6 m\u0113ne\u0161u laik\u0101 ir biju\u0161as atk\u0101rtotas ur\u012bnce\u013cu infekcijas. Vi\u0146ai bija nepiecie\u0161ami vair\u0101ki peror\u0101lo antibiotiku kursi un viena hospitaliz\u0101cija ar intravenoz\u0101m antibiotik\u0101m. Asins anal\u012bzes uzr\u0101da paaugstin\u0101tu iekaisuma l\u012bmeni. Ur\u012bna anal\u012bze ir pozit\u012bva attiec\u012bb\u0101 uz baltajiem asins\u0137ermen\u012b\u0161iem (WBC). Datortomogr\u0101fijas sken\u0113\u0161ana atkl\u0101j vienpus\u0113ju kreis\u0101s nieres hidronefrozi un pielonefr\u012btu. Vi\u0146a nerea\u0123\u0113 uz konservat\u012bvu \u0101rst\u0113\u0161anu un veic nefrektomiju. Vi\u0146a piln\u012bb\u0101 atvese\u013cojas.<\/li>\n<li>Patolo\u0123ija:<br \/>\n\u0160is ir paraugs no pacienta kreis\u0101s nieres nefrektomijas. Nieres tiek p\u0101rgrieztas, lai par\u0101d\u012btu grie\u0161anas virsmu. Iegurnis un kausi\u0146i ir \u013coti izpletu\u0161ies un pilni ar dzelten\u0101m strutas atliek\u0101m. Nieru parenh\u012bm\u0101 ir iev\u0113rojama fibroze. Vid\u0113j\u0101 zon\u0101, tuvojoties s\u0101nu malai, ir hemor\u0101\u0123iska nekrotiska zona 35 x 12 mm diametr\u0101, piepild\u012bta ar strutas. Kapsulas virsm\u0101 redzamas divas l\u012bdz\u012bgas mazas hemor\u0101\u0123iskas nekrotiskas zonas. \u0160ie boj\u0101jumi, iesp\u0113jams, turpin\u0101s, boj\u0101jums ir redzams griezuma virsm\u0101, \u013coti iesp\u0113jams, izraisot asi\u0146o\u0161anu abscesa dobum\u0101. \u0160is boj\u0101jums b\u016btu izrais\u012bjis perinefrisku abscesu.<\/li>\n<\/ul>\n<h3>Pionefrozes 3D mode\u013ci \u2013 <a href=\"http:\/\/labostera.lt\/lv\/product-brand\/erler-zimmer-gmbh-co-kg\/\">Erlera-Zimmera anatomijas grupa<\/a><\/h3>\n<p>Vair\u0101k inform\u0101cijas: <a href=\"https:\/\/erler-zimmer.de\/shop\/en\/11423\" target=\"_blank\" rel=\"noopener nofollow\">ra\u017eot\u0101ja t\u012bmek\u013ca vietn\u0113<\/a> vai nos\u016btiet mums piepras\u012bjumu!<\/p>","protected":false},"excerpt":{"rendered":"<p>Erlera-Zimmera pionefrozes 3D modelis \u2013 38 gadus veca sieviete v\u0113rs\u0101s pie \u0101rsta ar stipru sliktu d\u016b\u0161u, vem\u0161anu, drudzi un drebu\u013ciem.<\/p>","protected":false},"featured_media":19923,"template":"","meta":[],"product_cat":[75,79],"product_tag":[729,728,692,577,690,805],"class_list":{"0":"post-19922","1":"product","2":"type-product","3":"status-publish","4":"has-post-thumbnail","6":"product_brand-erler-zimmer-gmbh-co-kg","7":"product_cat-modeliai-manekenai-muliazai","8":"product_cat-mokymo-priemones-ir-iranga","9":"product_tag-3d-printed-models","10":"product_tag-3d-spausdinti-modeliai","11":"product_tag-erler-zimmer-gmbh-co-kg","12":"product_tag-modeliai","13":"product_tag-models","14":"product_tag-pionefrozes-modeliai","16":"first","17":"onbackorder","18":"shipping-taxable","19":"purchasable","20":"product-type-simple"},"_links":{"self":[{"href":"https:\/\/labostera.lt\/lv\/wp-json\/wp\/v2\/product\/19922","targetHints":{"allow":["GET"]}}],"collection":[{"href":"https:\/\/labostera.lt\/lv\/wp-json\/wp\/v2\/product"}],"about":[{"href":"https:\/\/labostera.lt\/lv\/wp-json\/wp\/v2\/types\/product"}],"wp:featuredmedia":[{"embeddable":true,"href":"https:\/\/labostera.lt\/lv\/wp-json\/wp\/v2\/media\/19923"}],"wp:attachment":[{"href":"https:\/\/labostera.lt\/lv\/wp-json\/wp\/v2\/media?parent=19922"}],"wp:term":[{"taxonomy":"product_cat","embeddable":true,"href":"https:\/\/labostera.lt\/lv\/wp-json\/wp\/v2\/product_cat?post=19922"},{"taxonomy":"product_tag","embeddable":true,"href":"https:\/\/labostera.lt\/lv\/wp-json\/wp\/v2\/product_tag?post=19922"}],"curies":[{"name":"wp","href":"https:\/\/api.w.org\/{rel}","templated":true}]}}