{"id":19919,"date":"2024-03-07T10:37:33","date_gmt":"2024-03-07T08:37:33","guid":{"rendered":"http:\/\/labostera.lt\/?post_type=product&#038;p=19919"},"modified":"2024-10-18T15:21:33","modified_gmt":"2024-10-18T12:21:33","slug":"daubyniniu-inkstu-akmenu-3d-modelis-erler-zimmer-multiple-renal-calculi-3d-printed-model","status":"publish","type":"product","link":"https:\/\/labostera.lt\/lv\/priemones-ir-iranga\/mokymo-priemones-ir-iranga\/modeliai-manekenai-muliazai\/daubyniniu-inkstu-akmenu-3d-modelis-erler-zimmer-multiple-renal-calculi-3d-printed-model\/","title":{"rendered":"Erlera-Zimmera vair\u0101ku nieru akme\u0146u 3D druk\u0101tais modelis"},"content":{"rendered":"<h2><strong>Erler-Zimmer GmbH &amp; Co. KG nierakme\u0146u 3D modelis<\/strong>:<\/h2>\n<ul>\n<li>Mode\u013ca numurs: MP2095<\/li>\n<li>Kl\u012bnisk\u0101 v\u0113sture:<br \/>\n68 gadus vecs v\u012brietis v\u0113rs\u0101s pie \u0101rsta ar drudzi un drebu\u013ciem. Detaliz\u0113ta p\u0101rbaude atkl\u0101ja 6 m\u0113ne\u0161us ilgas atk\u0101rtotas divpus\u0113jas ribu s\u0101pes un hemat\u016briju. Bio\u0137\u012bmiskie p\u0113t\u012bjumi uzr\u0101d\u012bja iev\u0113rojamu nieru darb\u012bbas trauc\u0113jumu, vienlaikus saglab\u0101jot norm\u0101lu kalcija l\u012bmeni serum\u0101. V\u0113dera dobuma datortomogr\u0101fijas sken\u0113\u0161an\u0101 tika konstat\u0113ta divpus\u0113ja hidronefroze ar vair\u0101kiem nierakme\u0146iem, k\u0101 ar\u012b periren\u0101li un subfreniski strutaini veidojumi. V\u0113l\u0101k pacients nomira no progres\u0113jo\u0161as nieru mazsp\u0113jas.<\/li>\n<li>Patolo\u0123ija:<br \/>\n\u0160\u012b ir pacienta niere, kas ir da\u013c\u0113ji sadal\u012bta. Iegur\u0146a-kaliku sist\u0113ma ir iev\u0113rojami papla\u0161in\u0101ta. Var nov\u0113rot iev\u0113rojamu nieru audu atrofiju, da\u017e\u0101s viet\u0101s samazinoties l\u012bdz maz\u0101kajam r\u0101mim. Iegurn\u012b atrodas liels, raibs br\u016bnbalts akmens, un maz\u0101ks akmens ir aizsprostojis ur\u012bnvada l\u016bmenu. Akmens priek\u0161\u0101 eso\u0161ais ur\u012bnvads ir papla\u0161in\u0101ts. Paraug\u0101 redzami daudzi akme\u0146i b\u013cod\u0101s.<\/li>\n<\/ul>\n<h3>Daubin\u012bni nierakme\u0146u 3D mode\u013ci \u2013 <a href=\"http:\/\/labostera.lt\/lv\/product-brand\/erler-zimmer-gmbh-co-kg\/\">Erlera-Zimmera anatomijas grupa<\/a><\/h3>\n<p>Vair\u0101k inform\u0101cijas: <a href=\"https:\/\/erler-zimmer.de\/shop\/en\/11422\" target=\"_blank\" rel=\"noopener nofollow\">ra\u017eot\u0101ja t\u012bmek\u013ca vietn\u0113<\/a> vai nos\u016btiet mums piepras\u012bjumu!<\/p>","protected":false},"excerpt":{"rendered":"<p>Erlera-Zimmera Daubin\u012bni nierakme\u0146u 3D modelis \u2013 68 gadus vecs v\u012brietis ierad\u0101s ar drudzi un drebu\u013ciem.<\/p>","protected":false},"featured_media":19920,"template":"","meta":[],"product_cat":[75,79],"product_tag":[729,728,804,692,577,690],"class_list":{"0":"post-19919","1":"product","2":"type-product","3":"status-publish","4":"has-post-thumbnail","6":"product_brand-erler-zimmer-gmbh-co-kg","7":"product_cat-modeliai-manekenai-muliazai","8":"product_cat-mokymo-priemones-ir-iranga","9":"product_tag-3d-printed-models","10":"product_tag-3d-spausdinti-modeliai","11":"product_tag-daubyniniu-inkstu-akmenu-modeliai","12":"product_tag-erler-zimmer-gmbh-co-kg","13":"product_tag-modeliai","14":"product_tag-models","16":"first","17":"onbackorder","18":"shipping-taxable","19":"purchasable","20":"product-type-simple"},"_links":{"self":[{"href":"https:\/\/labostera.lt\/lv\/wp-json\/wp\/v2\/product\/19919","targetHints":{"allow":["GET"]}}],"collection":[{"href":"https:\/\/labostera.lt\/lv\/wp-json\/wp\/v2\/product"}],"about":[{"href":"https:\/\/labostera.lt\/lv\/wp-json\/wp\/v2\/types\/product"}],"wp:featuredmedia":[{"embeddable":true,"href":"https:\/\/labostera.lt\/lv\/wp-json\/wp\/v2\/media\/19920"}],"wp:attachment":[{"href":"https:\/\/labostera.lt\/lv\/wp-json\/wp\/v2\/media?parent=19919"}],"wp:term":[{"taxonomy":"product_cat","embeddable":true,"href":"https:\/\/labostera.lt\/lv\/wp-json\/wp\/v2\/product_cat?post=19919"},{"taxonomy":"product_tag","embeddable":true,"href":"https:\/\/labostera.lt\/lv\/wp-json\/wp\/v2\/product_tag?post=19919"}],"curies":[{"name":"wp","href":"https:\/\/api.w.org\/{rel}","templated":true}]}}