{"id":19916,"date":"2024-03-07T09:25:58","date_gmt":"2024-03-07T07:25:58","guid":{"rendered":"http:\/\/labostera.lt\/?post_type=product&#038;p=19916"},"modified":"2024-10-18T15:21:34","modified_gmt":"2024-10-18T12:21:34","slug":"inkstu-hidronefrozes-hidroureterio-3d-modelis-erler-zimmer-renal-hydronephrosis-hydroureter-3d-printed-model","status":"publish","type":"product","link":"https:\/\/labostera.lt\/lv\/priemones-ir-iranga\/mokymo-priemones-ir-iranga\/modeliai-manekenai-muliazai\/inkstu-hidronefrozes-hidroureterio-3d-modelis-erler-zimmer-renal-hydronephrosis-hydroureter-3d-printed-model\/","title":{"rendered":"Erlera-Zimmera nieru hidronefrozes hidrouretera 3D druk\u0101tais modelis"},"content":{"rendered":"<h2><strong>\u201eErler-Zimmer GmbH &amp; Co. KG 3D hidrouretera modelis nieru hidronefrozes \u0101rst\u0113\u0161anai<\/strong>:<\/h2>\n<ul>\n<li>Mode\u013ca numurs: MP2094<\/li>\n<li>Kl\u012bnisk\u0101 v\u0113sture:<br \/>\n72 gadus veca sieviete v\u0113rs\u0101s pie \u0101rsta ar kolik\u0101m l\u012bdz\u012bg\u0101m s\u0101p\u0113m rib\u0101s un past\u0101v\u012bgu v\u0101jumu. Tika nov\u0113rota atk\u0101rtota hemat\u016brija. Bio\u0137\u012bmiskie testi uzr\u0101d\u012bja iev\u0113rojamu nieru darb\u012bbas trauc\u0113jumu. V\u0113dera dobuma datortomogr\u0101fijas sken\u0113\u0161ana uzr\u0101d\u012bja kreis\u0101s nieru mazsp\u0113ju un lab\u0101s nieru hidronefrozi un hidroureteru neliela akmens aizsprostojuma d\u0113\u013c. Tika m\u0113\u0123in\u0101ta perkut\u0101na litotomija, lai no\u0146emtu aizsprostojumu, bet paciente proced\u016bras laik\u0101 nomira no sirdsdarb\u012bbas trauc\u0113jumiem.<\/li>\n<li>Patolo\u0123ija:<br \/>\n\u0160\u012b ir pacienta lab\u0101 niere, kas ir da\u013c\u0113ji p\u0101r\u0161\u0137elta. Iegur\u0146a-kausi\u0146u sist\u0113ma ir iev\u0113rojami papla\u0161in\u0101ta, un nieru audi, \u012bpa\u0161i garoz\u0101, ir iev\u0113rojami atrof\u0113ju\u0161ies. Nieru iegurn\u012b, net\u0101lu no ur\u012bnvada-iegur\u0146a sa\u0161aurin\u0101juma, ir liels br\u016bns akmens.<\/li>\n<\/ul>\n<h3>Nieru hidronefrozes hidrouretera 3D mode\u013ci \u2013 <a href=\"http:\/\/labostera.lt\/lv\/product-brand\/erler-zimmer-gmbh-co-kg\/\">Erlera-Zimmera anatomijas grupa<\/a><\/h3>\n<p>Vair\u0101k inform\u0101cijas: <a href=\"https:\/\/erler-zimmer.de\/shop\/en\/11421\" target=\"_blank\" rel=\"noopener nofollow\">ra\u017eot\u0101ja t\u012bmek\u013ca vietn\u0113<\/a> vai nos\u016btiet mums piepras\u012bjumu!<\/p>","protected":false},"excerpt":{"rendered":"<p>Erlera-Zimmera nieru hidronefrozes hidrouretera 3D modelis \u2013 72 gadus veca sieviete v\u0113rs\u0101s pie \u0101rsta ar kolik\u0101m l\u012bdz\u012bg\u0101m ribu s\u0101p\u0113m un past\u0101v\u012bgu v\u0101jumu.<\/p>","protected":false},"featured_media":19918,"template":"","meta":[],"product_cat":[75,79],"product_tag":[729,728,692,803,577,690],"class_list":{"0":"post-19916","1":"product","2":"type-product","3":"status-publish","4":"has-post-thumbnail","6":"product_brand-erler-zimmer-gmbh-co-kg","7":"product_cat-modeliai-manekenai-muliazai","8":"product_cat-mokymo-priemones-ir-iranga","9":"product_tag-3d-printed-models","10":"product_tag-3d-spausdinti-modeliai","11":"product_tag-erler-zimmer-gmbh-co-kg","12":"product_tag-hidronefrozes-hidroureterio-modeliai","13":"product_tag-modeliai","14":"product_tag-models","16":"first","17":"onbackorder","18":"shipping-taxable","19":"purchasable","20":"product-type-simple"},"_links":{"self":[{"href":"https:\/\/labostera.lt\/lv\/wp-json\/wp\/v2\/product\/19916","targetHints":{"allow":["GET"]}}],"collection":[{"href":"https:\/\/labostera.lt\/lv\/wp-json\/wp\/v2\/product"}],"about":[{"href":"https:\/\/labostera.lt\/lv\/wp-json\/wp\/v2\/types\/product"}],"wp:featuredmedia":[{"embeddable":true,"href":"https:\/\/labostera.lt\/lv\/wp-json\/wp\/v2\/media\/19918"}],"wp:attachment":[{"href":"https:\/\/labostera.lt\/lv\/wp-json\/wp\/v2\/media?parent=19916"}],"wp:term":[{"taxonomy":"product_cat","embeddable":true,"href":"https:\/\/labostera.lt\/lv\/wp-json\/wp\/v2\/product_cat?post=19916"},{"taxonomy":"product_tag","embeddable":true,"href":"https:\/\/labostera.lt\/lv\/wp-json\/wp\/v2\/product_tag?post=19916"}],"curies":[{"name":"wp","href":"https:\/\/api.w.org\/{rel}","templated":true}]}}