{"id":19913,"date":"2024-03-06T17:00:11","date_gmt":"2024-03-06T15:00:11","guid":{"rendered":"http:\/\/labostera.lt\/?post_type=product&#038;p=19913"},"modified":"2024-10-18T15:21:35","modified_gmt":"2024-10-18T12:21:35","slug":"hidronefrozes-hidroureterio-3d-modelis-erler-zimmer-hydronephrosis-hydroureter-3d-printed-model","status":"publish","type":"product","link":"https:\/\/labostera.lt\/lv\/priemones-ir-iranga\/mokymo-priemones-ir-iranga\/modeliai-manekenai-muliazai\/hidronefrozes-hidroureterio-3d-modelis-erler-zimmer-hydronephrosis-hydroureter-3d-printed-model\/","title":{"rendered":"Hidronefrozes hidrouretera 3D modelis Erlera-Zimmera hidronefrozes hidrouretera 3D druk\u0101tais modelis"},"content":{"rendered":"<h2><strong>\u201eErler-Zimmer GmbH &amp; Co. KG hidronefrozes hidrour\u0113tera 3D modelis<\/strong>:<\/h2>\n<ul>\n<li>Mode\u013ca numurs: MP2093<\/li>\n<li>Kl\u012bnisk\u0101 v\u0113sture:<br \/>\n49 gadus vecs v\u012brietis v\u0113rs\u0101s pie \u0101rsta ar 6 ned\u0113\u013cas ilgu v\u0101juma, bie\u017eas urin\u0113\u0161anas un hemat\u016brijas anamn\u0113zi. Turpm\u0101ka iztauj\u0101\u0161ana atkl\u0101ja atk\u0101rtotas s\u0101pes kreisaj\u0101 v\u0113dera pus\u0113. V\u0113dera dobuma ultrasonogr\u0101fija atkl\u0101ja smagu hidronefrozi un hidroureteru, ko izrais\u012bja vair\u0101ku ur\u012bnvadu nosprostojums ur\u012bnvadu un ur\u012bnp\u016b\u0161\u013ca savienojuma viet\u0101. Pacientam tika veikta oper\u0101cija, lai iz\u0146emtu kreiso nieri un ur\u012bnp\u016bsli, un vi\u0146\u0161 veiksm\u012bgi atvese\u013coj\u0101s.<\/li>\n<li>Patolo\u0123ija:<br \/>\n\u0160\u012b ir \u0137irur\u0123isko paraugu kolekcija no pacienta kreis\u0101s nieres un ur\u012bnp\u016b\u0161\u013ca. Niere ir sadal\u012bta div\u0101s pus\u0113s, un abas puses ir novietotas vien\u0101di ar atv\u0113rto ur\u012bnvadu. Niere ir izteikti hidronefrotiska, un ir izteikta nieru parenh\u012bmas audu atrofija un zudums. Ur\u012bnp\u016bslis ir iev\u0113rojami papla\u0161in\u0101ts, un t\u0101 aizmugur\u0113j\u0101 da\u013c\u0101 ir vair\u0101ki mazi br\u016bngani melni akme\u0146i ar neregul\u0101riem, asiem virsmas izvirz\u012bjumiem. Tie ir kalcija oksal\u0101ta akme\u0146i.<br \/>\n\u0160is ir piem\u0113rs tam, k\u0101 akme\u0146u aizsprostojumi ur\u012bnp\u016b\u0161\u013ca apak\u0161\u0101 izraisa hidronefrozi un hidroureter\u012btu.<\/li>\n<\/ul>\n<h3>Hidrouretera 3D mode\u013ci hidronefrozes \u0101rst\u0113\u0161anai \u2013 <a href=\"http:\/\/labostera.lt\/lv\/product-brand\/erler-zimmer-gmbh-co-kg\/\">Erlera-Zimmera anatomijas grupa<\/a><\/h3>\n<p>Vair\u0101k inform\u0101cijas: <a href=\"https:\/\/erler-zimmer.de\/shop\/en\/11420\" target=\"_blank\" rel=\"noopener nofollow\">ra\u017eot\u0101ja t\u012bmek\u013ca vietn\u0113<\/a> vai nos\u016btiet mums piepras\u012bjumu!<\/p>","protected":false},"excerpt":{"rendered":"<p>Erlera-Zimmera hidronefrozes hidrouretera 3D modelis \u2013 49 gadus vecs v\u012brietis v\u0113r\u0161as pie \u0101rsta ar 6 ned\u0113\u013cas ilgu v\u0101jumu, bie\u017eu urin\u0113\u0161anu un hemat\u016briju.<\/p>","protected":false},"featured_media":19914,"template":"","meta":[],"product_cat":[75,79],"product_tag":[729,728,692,803,577,690],"class_list":{"0":"post-19913","1":"product","2":"type-product","3":"status-publish","4":"has-post-thumbnail","6":"product_brand-erler-zimmer-gmbh-co-kg","7":"product_cat-modeliai-manekenai-muliazai","8":"product_cat-mokymo-priemones-ir-iranga","9":"product_tag-3d-printed-models","10":"product_tag-3d-spausdinti-modeliai","11":"product_tag-erler-zimmer-gmbh-co-kg","12":"product_tag-hidronefrozes-hidroureterio-modeliai","13":"product_tag-modeliai","14":"product_tag-models","16":"first","17":"onbackorder","18":"shipping-taxable","19":"purchasable","20":"product-type-simple"},"_links":{"self":[{"href":"https:\/\/labostera.lt\/lv\/wp-json\/wp\/v2\/product\/19913","targetHints":{"allow":["GET"]}}],"collection":[{"href":"https:\/\/labostera.lt\/lv\/wp-json\/wp\/v2\/product"}],"about":[{"href":"https:\/\/labostera.lt\/lv\/wp-json\/wp\/v2\/types\/product"}],"wp:featuredmedia":[{"embeddable":true,"href":"https:\/\/labostera.lt\/lv\/wp-json\/wp\/v2\/media\/19914"}],"wp:attachment":[{"href":"https:\/\/labostera.lt\/lv\/wp-json\/wp\/v2\/media?parent=19913"}],"wp:term":[{"taxonomy":"product_cat","embeddable":true,"href":"https:\/\/labostera.lt\/lv\/wp-json\/wp\/v2\/product_cat?post=19913"},{"taxonomy":"product_tag","embeddable":true,"href":"https:\/\/labostera.lt\/lv\/wp-json\/wp\/v2\/product_tag?post=19913"}],"curies":[{"name":"wp","href":"https:\/\/api.w.org\/{rel}","templated":true}]}}