{"id":19909,"date":"2024-03-06T15:06:35","date_gmt":"2024-03-06T13:06:35","guid":{"rendered":"http:\/\/labostera.lt\/?post_type=product&#038;p=19909"},"modified":"2024-10-18T15:21:36","modified_gmt":"2024-10-18T12:21:36","slug":"susiliejusiu-inkstu-3d-modelis-erler-zimmer-fused-kidney-3d-printed-model","status":"publish","type":"product","link":"https:\/\/labostera.lt\/lv\/priemones-ir-iranga\/mokymo-priemones-ir-iranga\/modeliai-manekenai-muliazai\/susiliejusiu-inkstu-3d-modelis-erler-zimmer-fused-kidney-3d-printed-model\/","title":{"rendered":"Erlera-Zimmera kaus\u0113t\u0101s nieres 3D druk\u0101tais modelis"},"content":{"rendered":"<h2><strong>Erler-Zimmer GmbH &amp; Co. KG sapludin\u0101tu nieru 3D modelis<\/strong>:<\/h2>\n<ul>\n<li>Mode\u013ca numurs: MP2092<\/li>\n<li>Kl\u012bnisk\u0101 v\u0113sture:<br \/>\n\u0160is paraugs tika atrasts 56 gadus veca v\u012brie\u0161a, kur\u0161 nomira no reimatiskas sirds slim\u012bbas, ikdienas p\u0113cn\u0101ves izmekl\u0113\u0161anas laik\u0101.<\/li>\n<li>Patolo\u0123ija:<br \/>\nNieres garums ir 12 cm, un abas da\u013cas ir savienotas pie apak\u0161\u0113j\u0101 pola, veidojot \u0161o pakava formu. Ur\u012bnvadvadi ir redzami k\u0101 izvirz\u012bjums 3D izdrukas priek\u0161\u0113j\u0101 da\u013c\u0101. Nieres ir horizont\u0101li sadal\u012btas, kas ir skaidri redzamas aizmugur\u0113. Ir saglab\u0101jusies aug\u013ca lobul\u0101cija. Nieru iegur\u0146i parasti atrodas anteromedi\u0101li, un ur\u012bnvadi iet priek\u0161\u0101 sapludin\u0101tajiem apak\u0161\u0113jiem poliem vai nieru iegurnim.<\/li>\n<\/ul>\n<h3>Sapludin\u0101tu nieru 3D mode\u013ci \u2013 <a href=\"http:\/\/labostera.lt\/lv\/product-brand\/erler-zimmer-gmbh-co-kg\/\">Erlera-Zimmera anatomijas grupa<\/a><\/h3>\n<p>Vair\u0101k inform\u0101cijas: <a href=\"https:\/\/erler-zimmer.de\/shop\/en\/11419\" target=\"_blank\" rel=\"noopener nofollow\">ra\u017eot\u0101ja t\u012bmek\u013ca vietn\u0113<\/a> vai nos\u016btiet mums piepras\u012bjumu!<\/p>","protected":false},"excerpt":{"rendered":"<p>Erlera-Zimmera sapludin\u0101t\u0101s nieres 3D modelis \u2014 \u0161is paraugs tika atrasts 56 gadus veca v\u012brie\u0161a, kur\u0161 nomira no reimatiskas sirds slim\u012bbas, ikdienas p\u0113cn\u0101ves apskates laik\u0101.<\/p>","protected":false},"featured_media":19912,"template":"","meta":[],"product_cat":[75,79],"product_tag":[729,728,692,577,690,802],"class_list":{"0":"post-19909","1":"product","2":"type-product","3":"status-publish","4":"has-post-thumbnail","6":"product_brand-erler-zimmer-gmbh-co-kg","7":"product_cat-modeliai-manekenai-muliazai","8":"product_cat-mokymo-priemones-ir-iranga","9":"product_tag-3d-printed-models","10":"product_tag-3d-spausdinti-modeliai","11":"product_tag-erler-zimmer-gmbh-co-kg","12":"product_tag-modeliai","13":"product_tag-models","14":"product_tag-susiliejusiu-inkstu-modeliai","16":"first","17":"onbackorder","18":"shipping-taxable","19":"purchasable","20":"product-type-simple"},"_links":{"self":[{"href":"https:\/\/labostera.lt\/lv\/wp-json\/wp\/v2\/product\/19909","targetHints":{"allow":["GET"]}}],"collection":[{"href":"https:\/\/labostera.lt\/lv\/wp-json\/wp\/v2\/product"}],"about":[{"href":"https:\/\/labostera.lt\/lv\/wp-json\/wp\/v2\/types\/product"}],"wp:featuredmedia":[{"embeddable":true,"href":"https:\/\/labostera.lt\/lv\/wp-json\/wp\/v2\/media\/19912"}],"wp:attachment":[{"href":"https:\/\/labostera.lt\/lv\/wp-json\/wp\/v2\/media?parent=19909"}],"wp:term":[{"taxonomy":"product_cat","embeddable":true,"href":"https:\/\/labostera.lt\/lv\/wp-json\/wp\/v2\/product_cat?post=19909"},{"taxonomy":"product_tag","embeddable":true,"href":"https:\/\/labostera.lt\/lv\/wp-json\/wp\/v2\/product_tag?post=19909"}],"curies":[{"name":"wp","href":"https:\/\/api.w.org\/{rel}","templated":true}]}}