{"id":19906,"date":"2024-03-06T14:11:48","date_gmt":"2024-03-06T12:11:48","guid":{"rendered":"http:\/\/labostera.lt\/?post_type=product&#038;p=19906"},"modified":"2024-10-18T15:21:37","modified_gmt":"2024-10-18T12:21:37","slug":"policistines-inkstu-ligos-3d-modelis-erler-zimmer-polycystic-kidney-disease-3d-printed-model","status":"publish","type":"product","link":"https:\/\/labostera.lt\/lv\/priemones-ir-iranga\/mokymo-priemones-ir-iranga\/modeliai-manekenai-muliazai\/policistines-inkstu-ligos-3d-modelis-erler-zimmer-polycystic-kidney-disease-3d-printed-model\/","title":{"rendered":"Policistisko nieru slim\u012bbu 3D modelis Erlera-Zimmera policistisko nieru slim\u012bbu 3D druk\u0101ts modelis"},"content":{"rendered":"<h2><strong>Erler-Zimmer GmbH &amp; Co. KG policistisko nieru slim\u012bbu 3D modelis<\/strong>:<\/h2>\n<ul>\n<li>Mode\u013ca numurs: MP2091<\/li>\n<li>Kl\u012bnisk\u0101 v\u0113sture:<br \/>\n40 gadus vecs v\u012brietis v\u0113rs\u0101s pie sava \u0123imenes \u0101rsta, s\u016bdzoties par 2 ned\u0113\u013cas ilgu hemat\u016briju un jaun\u0101m galvass\u0101p\u0113m, ko pavada neskaidra redze. \u0122imenes \u0101rsts konstat\u0113ja asinsspiedienu 260\/110 un nos\u016bt\u012bja pacientu uz slimn\u012bcu. Ierodoties slimn\u012bc\u0101, pacients no\u0123\u012bba. Galvas datortomogr\u0101fijas sken\u0113\u0161an\u0101 tika konstat\u0113ta liela subarahnoid\u0101la asi\u0146o\u0161ana no pl\u012bsu\u0161as &quot;ogu&quot; aneirismas. Pacients nomira dr\u012bz p\u0113c uz\u0146em\u0161anas.<\/li>\n<li>Patolo\u0123ija:<br \/>\nParaugs ir liela niere. Nieru parenhimmu gandr\u012bz piln\u012bb\u0101 aizst\u0101j daudzas da\u017e\u0101da izm\u0113ra papla\u0161in\u0101tas cistas, kuru diametrs sasniedz 3 cm. Cist\u0101m ir pl\u0101nas, caursp\u012bd\u012bgas sienas, un da\u017eas cistas satur da\u017e\u0101du kr\u0101su materi\u0101lu, kas nieres griezuma virsmai pie\u0161\u0137ir &quot;marmora&quot; izskatu. Da\u017e\u0101d\u0101s kr\u0101sas rodas cistu sekr\u0113cijas d\u0113\u013c, kas var b\u016bt sajaukta ar asi\u0146o\u0161anu. \u0100r\u0113j\u0101 virsma \u0161\u0137iet lobul\u0101ra daudzo izvirz\u012bto cistu d\u0113\u013c. Jebkura atliku\u0161\u0101 nieru parenh\u012bma ir stipri atrof\u0113ta vair\u0101ku cistu spiediena d\u0113\u013c. \u0160is ir pieaugu\u0161o policistisko nieru slim\u012bbu piem\u0113rs.<\/li>\n<\/ul>\n<h3>Policistisko nieru slim\u012bbu 3D mode\u013ci \u2013 <a href=\"http:\/\/labostera.lt\/lv\/product-brand\/erler-zimmer-gmbh-co-kg\/\">Erlera-Zimmera anatomijas grupa<\/a><\/h3>\n<p>Vair\u0101k inform\u0101cijas: <a href=\"https:\/\/erler-zimmer.de\/shop\/en\/11418\" target=\"_blank\" rel=\"noopener nofollow\">ra\u017eot\u0101ja t\u012bmek\u013ca vietn\u0113<\/a> vai nos\u016btiet mums piepras\u012bjumu!<\/p>","protected":false},"excerpt":{"rendered":"<p>Erlera-Zimmera policistisko nieru slim\u012bbu 3D modelis \u2013 40 gadus vecs v\u012brietis ar 2 ned\u0113\u013cas ilgu hemat\u016briju un jaun\u0101m galvass\u0101p\u0113m.<\/p>","protected":false},"featured_media":19908,"template":"","meta":[],"product_cat":[75,79],"product_tag":[729,728,692,577,690,801],"class_list":{"0":"post-19906","1":"product","2":"type-product","3":"status-publish","4":"has-post-thumbnail","6":"product_brand-erler-zimmer-gmbh-co-kg","7":"product_cat-modeliai-manekenai-muliazai","8":"product_cat-mokymo-priemones-ir-iranga","9":"product_tag-3d-printed-models","10":"product_tag-3d-spausdinti-modeliai","11":"product_tag-erler-zimmer-gmbh-co-kg","12":"product_tag-modeliai","13":"product_tag-models","14":"product_tag-policistines-inkstu-ligos-modeliai","16":"first","17":"onbackorder","18":"shipping-taxable","19":"purchasable","20":"product-type-simple"},"_links":{"self":[{"href":"https:\/\/labostera.lt\/lv\/wp-json\/wp\/v2\/product\/19906","targetHints":{"allow":["GET"]}}],"collection":[{"href":"https:\/\/labostera.lt\/lv\/wp-json\/wp\/v2\/product"}],"about":[{"href":"https:\/\/labostera.lt\/lv\/wp-json\/wp\/v2\/types\/product"}],"wp:featuredmedia":[{"embeddable":true,"href":"https:\/\/labostera.lt\/lv\/wp-json\/wp\/v2\/media\/19908"}],"wp:attachment":[{"href":"https:\/\/labostera.lt\/lv\/wp-json\/wp\/v2\/media?parent=19906"}],"wp:term":[{"taxonomy":"product_cat","embeddable":true,"href":"https:\/\/labostera.lt\/lv\/wp-json\/wp\/v2\/product_cat?post=19906"},{"taxonomy":"product_tag","embeddable":true,"href":"https:\/\/labostera.lt\/lv\/wp-json\/wp\/v2\/product_tag?post=19906"}],"curies":[{"name":"wp","href":"https:\/\/api.w.org\/{rel}","templated":true}]}}