{"id":19903,"date":"2024-03-06T13:30:24","date_gmt":"2024-03-06T11:30:24","guid":{"rendered":"http:\/\/labostera.lt\/?post_type=product&#038;p=19903"},"modified":"2024-10-18T15:21:37","modified_gmt":"2024-10-18T12:21:37","slug":"antinksciu-kraujavimo-3d-modelis-erler-zimmer-adrenal-haemorrhage-3d-printed-model","status":"publish","type":"product","link":"https:\/\/labostera.lt\/lv\/priemones-ir-iranga\/mokymo-priemones-ir-iranga\/modeliai-manekenai-muliazai\/antinksciu-kraujavimo-3d-modelis-erler-zimmer-adrenal-haemorrhage-3d-printed-model\/","title":{"rendered":"Virsnieru asi\u0146o\u0161anas 3D modelis Erlera-Zimmera virsnieru asi\u0146o\u0161anas 3D druk\u0101tais modelis"},"content":{"rendered":"<h2><strong>\u201eErler-Zimmer GmbH &amp; Co. KG virsnieru asi\u0146o\u0161anas 3D modelis<\/strong>:<\/h2>\n<ul>\n<li>Mode\u013ca numurs: MP2090<\/li>\n<li>Kl\u012bnisk\u0101 v\u0113sture:<br \/>\n77 gadus vecs v\u012brietis ierad\u0101s slimn\u012bc\u0101 ar 3 dienas ilg\u0101m s\u0101p\u0113m v\u0113der\u0101 un rib\u0101s, drudzi un drebu\u013ciem. Divas ned\u0113\u013cas p\u0113c divpadsmitpirkstu zarnas \u010d\u016blas oper\u0101cijas. Vi\u0146am bija hipotensija, hiperkali\u0113mija un hiponatri\u0113mija ar purpura formas izsitumiem. Asins kult\u016bras bija pozit\u012bvas uz Escherichia coli. Vi\u0146\u0161 nerea\u0123\u0113ja uz \u0101rst\u0113\u0161anu un neilgi p\u0113c uz\u0146em\u0161anas nomira no septiska \u0161oka.<\/li>\n<li>Patolo\u0123ija:<br \/>\nSapl\u016bdus\u012b niere un virsnieru dziedzeris tika fiks\u0113ti, lai par\u0101d\u012btu griezuma virsmas. Virsnieru serd\u0113 bija pla\u0161a asi\u0146o\u0161ana, un nedaudz asi\u0146u izpl\u016bda periadren\u0101lajos taukaudos. \u0160is ir virsnieru asi\u0146o\u0161anas piem\u0113rs smaga septiska \u0161oka gad\u012bjum\u0101, kas paz\u012bstams ar\u012b k\u0101 Voterhausa-Friderihsena sindroms.<\/li>\n<\/ul>\n<h3>Virsnieru asi\u0146o\u0161anas 3D mode\u013ci \u2013 <a href=\"http:\/\/labostera.lt\/lv\/product-brand\/erler-zimmer-gmbh-co-kg\/\">Erlera-Zimmera anatomijas grupa<\/a><\/h3>\n<p>Vair\u0101k inform\u0101cijas: <a href=\"https:\/\/erler-zimmer.de\/shop\/en\/11417\" target=\"_blank\" rel=\"noopener nofollow\">ra\u017eot\u0101ja t\u012bmek\u013ca vietn\u0113<\/a> vai nos\u016btiet mums piepras\u012bjumu!<\/p>","protected":false},"excerpt":{"rendered":"<p>Erlera-Zimmera virsnieru asi\u0146o\u0161anas 3D modelis \u2013 77 gadus vecs v\u012brietis ar 3 dienas ilg\u0101m s\u0101p\u0113m v\u0113der\u0101 un rib\u0101s.<\/p>","protected":false},"featured_media":19904,"template":"","meta":[],"product_cat":[75,79],"product_tag":[729,728,800,692,577,690],"class_list":{"0":"post-19903","1":"product","2":"type-product","3":"status-publish","4":"has-post-thumbnail","6":"product_brand-erler-zimmer-gmbh-co-kg","7":"product_cat-modeliai-manekenai-muliazai","8":"product_cat-mokymo-priemones-ir-iranga","9":"product_tag-3d-printed-models","10":"product_tag-3d-spausdinti-modeliai","11":"product_tag-antinksciu-kraujavimo-modeliai","12":"product_tag-erler-zimmer-gmbh-co-kg","13":"product_tag-modeliai","14":"product_tag-models","16":"first","17":"onbackorder","18":"shipping-taxable","19":"purchasable","20":"product-type-simple"},"_links":{"self":[{"href":"https:\/\/labostera.lt\/lv\/wp-json\/wp\/v2\/product\/19903","targetHints":{"allow":["GET"]}}],"collection":[{"href":"https:\/\/labostera.lt\/lv\/wp-json\/wp\/v2\/product"}],"about":[{"href":"https:\/\/labostera.lt\/lv\/wp-json\/wp\/v2\/types\/product"}],"wp:featuredmedia":[{"embeddable":true,"href":"https:\/\/labostera.lt\/lv\/wp-json\/wp\/v2\/media\/19904"}],"wp:attachment":[{"href":"https:\/\/labostera.lt\/lv\/wp-json\/wp\/v2\/media?parent=19903"}],"wp:term":[{"taxonomy":"product_cat","embeddable":true,"href":"https:\/\/labostera.lt\/lv\/wp-json\/wp\/v2\/product_cat?post=19903"},{"taxonomy":"product_tag","embeddable":true,"href":"https:\/\/labostera.lt\/lv\/wp-json\/wp\/v2\/product_tag?post=19903"}],"curies":[{"name":"wp","href":"https:\/\/api.w.org\/{rel}","templated":true}]}}