{"id":19900,"date":"2024-03-06T13:02:27","date_gmt":"2024-03-06T11:02:27","guid":{"rendered":"http:\/\/labostera.lt\/?post_type=product&#038;p=19900"},"modified":"2024-10-18T15:21:38","modified_gmt":"2024-10-18T12:21:38","slug":"kepenu-lasteliu-karcinomos-3d-modelis-erler-zimmer-hepatocellular-carcinoma-3d-printed-model","status":"publish","type":"product","link":"https:\/\/labostera.lt\/lv\/priemones-ir-iranga\/mokymo-priemones-ir-iranga\/modeliai-manekenai-muliazai\/kepenu-lasteliu-karcinomos-3d-modelis-erler-zimmer-hepatocellular-carcinoma-3d-printed-model\/","title":{"rendered":"Hepatocelul\u0101r\u0101s karcinomas 3D modelis Erlera-Zimmera hepatocelul\u0101r\u0101s karcinomas 3D druk\u0101tais modelis"},"content":{"rendered":"<h2><strong>Erler-Zimmer GmbH &amp; Co. KG hepatocelul\u0101r\u0101s karcinomas 3D modelis<\/strong>:<\/h2>\n<ul>\n<li>Mode\u013ca numurs: MP2085<\/li>\n<li>Kl\u012bnisk\u0101 v\u0113sture:<br \/>60 gadus vecs v\u012brietis tika uz\u0146emts ar dzelti, mel\u0113nu un v\u0113dera uzp\u016b\u0161anos. Ir bijusi ne\u0101rst\u0113ta C hepat\u012bta infekcija, kas ieg\u016bta iepriek\u0161\u0113jas intravenozas narkotiku lieto\u0161anas rezult\u0101t\u0101. Turpm\u0101kie izmekl\u0113jumi uzr\u0101d\u012bja iev\u0113rojamu nogurumu, svara zudumu, sliktu d\u016b\u0161u un periodisku smaguma saj\u016btu labaj\u0101 aug\u0161\u0113j\u0101 kvadrant\u0101 9 m\u0113ne\u0161us. Aknu ultrasonogr\u0101fija atkl\u0101ja divus lielus audz\u0113jus akn\u0101s. Neilgi p\u0113c uz\u0146em\u0161anas pacients nomira no aizdom\u0101m par bar\u012bbas vada varikozu v\u0113nu asi\u0146o\u0161anu.<\/li>\n<li>Patolo\u0123ija:<br \/>\u0160is ir aknu paraugs no pacienta p\u0113c n\u0101ves. Aknu griezuma virsmai ir daudzmezglu izskats, kas atbilst makronodul\u0101rai cirozei. \u0160ie daudzie mezgli\u0146i at\u0161\u0137iras p\u0113c izm\u0113ra l\u012bdz 2 cm diametr\u0101 un ir atdal\u012bti ar \u0161auru \u0161\u0137iedru audu. Redzami ar\u012b divi lieli apa\u013ci audz\u0113ji. To diametrs ir 8 cm un 6 cm, un griezuma virsma ir neviendab\u012bga lok\u0101las nekrozes, asi\u0146o\u0161anas un \u017eults iekr\u0101so\u0161an\u0101s d\u0113\u013c. \u0160is ir hepatocelul\u0101ras karcinomas piem\u0113rs, kas radies uz cirotiskas aknu fona.<\/li>\n<\/ul>\n<h3>Hepatocelul\u0101r\u0101s karcinomas 3D mode\u013ci \u2013 <a href=\"http:\/\/labostera.lt\/lv\/product-brand\/erler-zimmer-gmbh-co-kg\/\">Erlera-Zimmera anatomijas grupa<\/a><\/h3>\n<p>Vair\u0101k inform\u0101cijas: <a href=\"https:\/\/erler-zimmer.de\/shop\/en\/11416\" target=\"_blank\" rel=\"noopener nofollow\">ra\u017eot\u0101ja t\u012bmek\u013ca vietn\u0113<\/a> vai nos\u016btiet mums piepras\u012bjumu!<\/p>","protected":false},"excerpt":{"rendered":"<p>Erlera-Zimmera hepatocelul\u0101r\u0101s karcinomas 3D modelis \u2013 60 gadus vecs v\u012brietis ar dzelti, mel\u0113nu un v\u0113dera uzp\u016b\u0161anos.<\/p>","protected":false},"featured_media":19901,"template":"","meta":[],"product_cat":[75,79],"product_tag":[729,728,692,799,577,690],"class_list":{"0":"post-19900","1":"product","2":"type-product","3":"status-publish","4":"has-post-thumbnail","6":"product_brand-erler-zimmer-gmbh-co-kg","7":"product_cat-modeliai-manekenai-muliazai","8":"product_cat-mokymo-priemones-ir-iranga","9":"product_tag-3d-printed-models","10":"product_tag-3d-spausdinti-modeliai","11":"product_tag-erler-zimmer-gmbh-co-kg","12":"product_tag-kepenu-lasteliu-karcinomos-modeliai","13":"product_tag-modeliai","14":"product_tag-models","16":"first","17":"onbackorder","18":"shipping-taxable","19":"purchasable","20":"product-type-simple"},"_links":{"self":[{"href":"https:\/\/labostera.lt\/lv\/wp-json\/wp\/v2\/product\/19900","targetHints":{"allow":["GET"]}}],"collection":[{"href":"https:\/\/labostera.lt\/lv\/wp-json\/wp\/v2\/product"}],"about":[{"href":"https:\/\/labostera.lt\/lv\/wp-json\/wp\/v2\/types\/product"}],"wp:featuredmedia":[{"embeddable":true,"href":"https:\/\/labostera.lt\/lv\/wp-json\/wp\/v2\/media\/19901"}],"wp:attachment":[{"href":"https:\/\/labostera.lt\/lv\/wp-json\/wp\/v2\/media?parent=19900"}],"wp:term":[{"taxonomy":"product_cat","embeddable":true,"href":"https:\/\/labostera.lt\/lv\/wp-json\/wp\/v2\/product_cat?post=19900"},{"taxonomy":"product_tag","embeddable":true,"href":"https:\/\/labostera.lt\/lv\/wp-json\/wp\/v2\/product_tag?post=19900"}],"curies":[{"name":"wp","href":"https:\/\/api.w.org\/{rel}","templated":true}]}}