{"id":19897,"date":"2024-03-06T11:03:34","date_gmt":"2024-03-06T09:03:34","guid":{"rendered":"http:\/\/labostera.lt\/?post_type=product&#038;p=19897"},"modified":"2024-10-18T15:21:39","modified_gmt":"2024-10-18T12:21:39","slug":"kepenu-lataku-akmenys-ir-obstrukcines-tulzies-cirozes-3d-modelis-erler-zimmer-hepatic-duct-calculi-and-obstructive-biliary-cirrhosis-3d-printed-model","status":"publish","type":"product","link":"https:\/\/labostera.lt\/lv\/priemones-ir-iranga\/mokymo-priemones-ir-iranga\/modeliai-manekenai-muliazai\/kepenu-lataku-akmenys-ir-obstrukcines-tulzies-cirozes-3d-modelis-erler-zimmer-hepatic-duct-calculi-and-obstructive-biliary-cirrhosis-3d-printed-model\/","title":{"rendered":"Erlera-Zimmera aknu kan\u0101la akme\u0146i un obstrukt\u012bva \u017eultsce\u013cu ciroze 3D druk\u0101ts modelis"},"content":{"rendered":"<h2><strong>Erler-Zimmer GmbH &amp; Co. KG Aknu vadu akme\u0146i un obstrukt\u012bva \u017eults ciroze 3D modelis<\/strong>:<\/h2>\n<ul>\n<li>Mode\u013ca numurs: MP2084<\/li>\n<li>Kl\u012bnisk\u0101 v\u0113sture:<br \/>\n85 gadus vecs v\u012brietis v\u0113rs\u0101s pie \u0101rsta ar ur\u012bna aizturi labdab\u012bgas prostatas hiperpl\u0101zijas d\u0113\u013c. Nov\u0113rt\u0113jum\u0101 vi\u0146am tika konstat\u0113ta dzelte ar holest\u0101tiskiem aknu funkcion\u0101lajiem testiem. Vi\u0146am tika veikta transuretr\u0101la prostatas rezekcija, bet vi\u0146\u0161 nomira no pneimonijas 5 dienas p\u0113c oper\u0101cijas.<\/li>\n<li>Patolo\u0123ija:<br \/>\n\u0160is paraugs ir aknu daiva, kas piestiprin\u0101ta t\u0101, lai var\u0113tu redz\u0113t griezuma virsmu. Kapsula ir nedaudz sabiez\u0113jusi, un aknu materi\u0101lam ir smalki mezglains izskats. \u017dultsvadi aknu iek\u0161pus\u0113 ir papla\u0161in\u0101ti. Apl\u016bkojot aizmugur\u0113jo jeb apak\u0161\u0113jo virsmu, ir redzams neregul\u0101rs pigment\u0113ts akmens 10 mm diametr\u0101, kas iespr\u016bdis papla\u0161in\u0101t\u0101 aknu \u017eultsvad\u0101. V\u0113l viens maz\u0101ks o\u013ci\u0146\u0161, 3 mm diametr\u0101, tiek izspiests. \u0160is paraugs ir sekund\u0101ras \u017eults cirozes piem\u0113rs, ko izraisa aknu akme\u0146i, ko izraisa lielo kan\u0101lu aizsprostojums.<\/li>\n<\/ul>\n<h3>Aknu vadu akme\u0146i un obstrukt\u012bva \u017eults ciroze 3D mode\u013ci \u2013 <a href=\"http:\/\/labostera.lt\/lv\/product-brand\/erler-zimmer-gmbh-co-kg\/\">Erlera-Zimmera anatomijas grupa<\/a><\/h3>\n<p>Vair\u0101k inform\u0101cijas: <a href=\"https:\/\/erler-zimmer.de\/shop\/en\/11415\" target=\"_blank\" rel=\"noopener nofollow\">ra\u017eot\u0101ja t\u012bmek\u013ca vietn\u0113<\/a> vai nos\u016btiet mums piepras\u012bjumu!<\/p>","protected":false},"excerpt":{"rendered":"<p>Erlera-Zimmera aknu vadu akme\u0146i un obstrukt\u012bva \u017eultsce\u013cu ciroze 3D modelis \u2013 85 gadus vecs v\u012brietis ar \u017eultsvadu akme\u0146iem un obstrukt\u012bvu \u017eultsce\u013cu cirozi.<\/p>","protected":false},"featured_media":19898,"template":"","meta":[],"product_cat":[75,79],"product_tag":[729,728,692,798,577,690],"class_list":{"0":"post-19897","1":"product","2":"type-product","3":"status-publish","4":"has-post-thumbnail","6":"product_brand-erler-zimmer-gmbh-co-kg","7":"product_cat-modeliai-manekenai-muliazai","8":"product_cat-mokymo-priemones-ir-iranga","9":"product_tag-3d-printed-models","10":"product_tag-3d-spausdinti-modeliai","11":"product_tag-erler-zimmer-gmbh-co-kg","12":"product_tag-kepenu-lataku-akmenys-ir-obstrukcines-tulzies-cirozes-modeliai","13":"product_tag-modeliai","14":"product_tag-models","16":"first","17":"onbackorder","18":"shipping-taxable","19":"purchasable","20":"product-type-simple"},"_links":{"self":[{"href":"https:\/\/labostera.lt\/lv\/wp-json\/wp\/v2\/product\/19897","targetHints":{"allow":["GET"]}}],"collection":[{"href":"https:\/\/labostera.lt\/lv\/wp-json\/wp\/v2\/product"}],"about":[{"href":"https:\/\/labostera.lt\/lv\/wp-json\/wp\/v2\/types\/product"}],"wp:featuredmedia":[{"embeddable":true,"href":"https:\/\/labostera.lt\/lv\/wp-json\/wp\/v2\/media\/19898"}],"wp:attachment":[{"href":"https:\/\/labostera.lt\/lv\/wp-json\/wp\/v2\/media?parent=19897"}],"wp:term":[{"taxonomy":"product_cat","embeddable":true,"href":"https:\/\/labostera.lt\/lv\/wp-json\/wp\/v2\/product_cat?post=19897"},{"taxonomy":"product_tag","embeddable":true,"href":"https:\/\/labostera.lt\/lv\/wp-json\/wp\/v2\/product_tag?post=19897"}],"curies":[{"name":"wp","href":"https:\/\/api.w.org\/{rel}","templated":true}]}}