{"id":19891,"date":"2024-03-06T09:06:00","date_gmt":"2024-03-06T07:06:00","guid":{"rendered":"http:\/\/labostera.lt\/?post_type=product&#038;p=19891"},"modified":"2024-10-18T15:21:41","modified_gmt":"2024-10-18T12:21:41","slug":"cholecistito-ir-tulzies-akmenliges-3d-modelis-erler-zimmer-cholecystitis-and-cholelithiasis-3d-printed-model","status":"publish","type":"product","link":"https:\/\/labostera.lt\/lv\/priemones-ir-iranga\/mokymo-priemones-ir-iranga\/modeliai-manekenai-muliazai\/cholecistito-ir-tulzies-akmenliges-3d-modelis-erler-zimmer-cholecystitis-and-cholelithiasis-3d-printed-model\/","title":{"rendered":"Holecist\u012bta un \u017eultsakme\u0146u 3D druk\u0101tais modelis Erlera-Zimmera holecist\u012bta un \u017eultsakme\u0146u 3D druk\u0101tais modelis"},"content":{"rendered":"<h2><strong>Erler-Zimmer GmbH &amp; Co. KG holecist\u012bta un \u017eultsakme\u0146u slim\u012bbas 3D modelis<\/strong>:<\/h2>\n<ul>\n<li>Mode\u013ca numurs: MP2082<\/li>\n<li>Kl\u012bnisk\u0101 v\u0113sture:<br \/>\n60 gadus vecam v\u012brietim p\u0113d\u0113j\u0101 gada laik\u0101 bija \u010detras stipras, duro\u0161as s\u0101pes v\u0113der\u0101, katra no t\u0101m ilga divas stundas un bija saist\u012bta ar \u0113dienreiz\u0113m. Vi\u0146\u0161 ierad\u0101s p\u0113c l\u012bdz\u012bgas l\u0113kmes, kas ietv\u0113ra vem\u0161anu un drudzi. \u0160\u012b p\u0113d\u0113j\u0101 l\u0113kme nep\u0101rg\u0101ja spont\u0101ni, t\u0101p\u0113c vi\u0146am tika veikta holecistektomija.<\/li>\n<li>Patolo\u0123ija:<br \/>\nBiezais \u017eultsp\u016bslis tika atv\u0113rts, lai redz\u0113tu sabiez\u0113ju\u0161u hemor\u0101\u0123isko g\u013cot\u0101du un daudzas neregul\u0101ras, faset\u0113tas fig\u016bras. \u017dultsp\u016b\u0161\u013ca kakl\u0101 ir iestr\u0113dzis liels akmens. \u017dultsp\u016b\u0161\u013ca seroz\u0101 virsma ir sav\u012bta un zaud\u0113jusi savu ierasto sp\u012bdumu. \u0160is ir holecist\u012bta piem\u0113rs, ko sare\u017e\u0123\u012b \u017eultsakme\u0146i.<\/li>\n<\/ul>\n<h3>Holecist\u012bta un \u017eultsakme\u0146u 3D mode\u013ci \u2013 <a href=\"http:\/\/labostera.lt\/lv\/product-brand\/erler-zimmer-gmbh-co-kg\/\">Erlera-Zimmera anatomijas grupa<\/a><\/h3>\n<p>Vair\u0101k inform\u0101cijas: <a href=\"https:\/\/erler-zimmer.de\/shop\/en\/11413\" target=\"_blank\" rel=\"noopener nofollow\">ra\u017eot\u0101ja t\u012bmek\u013ca vietn\u0113<\/a> vai nos\u016btiet mums piepras\u012bjumu!<\/p>","protected":false},"excerpt":{"rendered":"<p>Erlera-Zimmera holecist\u012bta un \u017eultsakme\u0146u 3D modelis \u2013 60 gadus vecs v\u012brietis ar \u017eultsp\u016b\u0161\u013ca iekaisumu un \u017eultsakme\u0146iem.<\/p>","protected":false},"featured_media":19892,"template":"","meta":[],"product_cat":[75,79],"product_tag":[729,728,796,692,577,690],"class_list":{"0":"post-19891","1":"product","2":"type-product","3":"status-publish","4":"has-post-thumbnail","6":"product_brand-erler-zimmer-gmbh-co-kg","7":"product_cat-modeliai-manekenai-muliazai","8":"product_cat-mokymo-priemones-ir-iranga","9":"product_tag-3d-printed-models","10":"product_tag-3d-spausdinti-modeliai","11":"product_tag-cholecistito-ir-tulzies-akmenliges-modeliai","12":"product_tag-erler-zimmer-gmbh-co-kg","13":"product_tag-modeliai","14":"product_tag-models","16":"first","17":"onbackorder","18":"shipping-taxable","19":"purchasable","20":"product-type-simple"},"_links":{"self":[{"href":"https:\/\/labostera.lt\/lv\/wp-json\/wp\/v2\/product\/19891","targetHints":{"allow":["GET"]}}],"collection":[{"href":"https:\/\/labostera.lt\/lv\/wp-json\/wp\/v2\/product"}],"about":[{"href":"https:\/\/labostera.lt\/lv\/wp-json\/wp\/v2\/types\/product"}],"wp:featuredmedia":[{"embeddable":true,"href":"https:\/\/labostera.lt\/lv\/wp-json\/wp\/v2\/media\/19892"}],"wp:attachment":[{"href":"https:\/\/labostera.lt\/lv\/wp-json\/wp\/v2\/media?parent=19891"}],"wp:term":[{"taxonomy":"product_cat","embeddable":true,"href":"https:\/\/labostera.lt\/lv\/wp-json\/wp\/v2\/product_cat?post=19891"},{"taxonomy":"product_tag","embeddable":true,"href":"https:\/\/labostera.lt\/lv\/wp-json\/wp\/v2\/product_tag?post=19891"}],"curies":[{"name":"wp","href":"https:\/\/api.w.org\/{rel}","templated":true}]}}