{"id":19888,"date":"2024-03-05T16:57:33","date_gmt":"2024-03-05T14:57:33","guid":{"rendered":"http:\/\/labostera.lt\/?post_type=product&#038;p=19888"},"modified":"2024-10-18T15:21:41","modified_gmt":"2024-10-18T12:21:41","slug":"pedunkuliuotos-storosios-zarnos-adenomos-3d-modelis-erler-zimmer-pedunculated-adenoma-of-the-colon-3d-printed-model","status":"publish","type":"product","link":"https:\/\/labostera.lt\/lv\/priemones-ir-iranga\/mokymo-priemones-ir-iranga\/modeliai-manekenai-muliazai\/pedunkuliuotos-storosios-zarnos-adenomos-3d-modelis-erler-zimmer-pedunculated-adenoma-of-the-colon-3d-printed-model\/","title":{"rendered":"K\u0101ji\u0146as formas resn\u0101s zarnas adenomas 3D druk\u0101tais modelis Erlera-Zimmera k\u0101ji\u0146as formas resn\u0101s zarnas adenomas 3D druk\u0101tais modelis"},"content":{"rendered":"<h2><strong>Erler-Zimmer GmbH &amp; Co. KG k\u0101ti\u0146veida resn\u0101s zarnas adenomas 3D modelis<\/strong>:<\/h2>\n<ul>\n<li>Mode\u013ca numurs: MP2081<\/li>\n<li>Kl\u012bnisk\u0101 v\u0113sture:<br \/>\nP\u0113c veiksm\u012bgas fek\u0101liju sl\u0113pto asi\u0146u anal\u012bzes 50 gadus vecs v\u012brietis tika nos\u016bt\u012bts uz kolonoskopiju. Kolonoskopija atkl\u0101ja k\u0101ji\u0146as formas audz\u0113ju lejupejo\u0161\u0101 resnaj\u0101 zarn\u0101, kas v\u0113l\u0101k tika \u0137irur\u0123iski no\u0146emts.<\/li>\n<li>Patolo\u0123ija:<br \/>\n\u0160is paraugs ir izgriezts lejupejo\u0161\u0101s resn\u0101s zarnas segments. Redzama viena tum\u0161a, lobul\u0113ta masa, kas pace\u013cas no g\u013cot\u0101das virsmas. Tas ir piestiprin\u0101ts pie k\u0101ta, kura garums ir 4 cm. Histolo\u0123iski masa sast\u0101v no saistaudu kodola, ko p\u0101rkl\u0101j hiperplastisks mucinozs epit\u0113lijs ar fok\u0101lu kolonnu kodola atipiju. \u0160is ir tubul\u0101ras zarnu adenomas piem\u0113rs.<\/li>\n<\/ul>\n<h3>K\u0101ji\u0146as formas resn\u0101s zarnas adenomas 3D mode\u013ci \u2013 <a href=\"http:\/\/labostera.lt\/lv\/product-brand\/erler-zimmer-gmbh-co-kg\/\">Erlera-Zimmera anatomijas grupa<\/a><\/h3>\n<p>Vair\u0101k inform\u0101cijas: <a href=\"https:\/\/erler-zimmer.de\/shop\/en\/11412\" target=\"_blank\" rel=\"noopener nofollow\">ra\u017eot\u0101ja t\u012bmek\u013ca vietn\u0113<\/a> vai nos\u016btiet mums piepras\u012bjumu!<\/p>","protected":false},"excerpt":{"rendered":"<p>Erlera-Zimmera k\u0101ji\u0146as formas resn\u0101s zarnas adenomas 3D modelis \u2013 50 gadus vecs v\u012brietis ar k\u0101ji\u0146as formas audz\u0113ju lejupejo\u0161aj\u0101 resnaj\u0101 zarn\u0101.<\/p>","protected":false},"featured_media":19889,"template":"","meta":[],"product_cat":[75,79],"product_tag":[729,728,692,577,690,795],"class_list":{"0":"post-19888","1":"product","2":"type-product","3":"status-publish","4":"has-post-thumbnail","6":"product_brand-erler-zimmer-gmbh-co-kg","7":"product_cat-modeliai-manekenai-muliazai","8":"product_cat-mokymo-priemones-ir-iranga","9":"product_tag-3d-printed-models","10":"product_tag-3d-spausdinti-modeliai","11":"product_tag-erler-zimmer-gmbh-co-kg","12":"product_tag-modeliai","13":"product_tag-models","14":"product_tag-pedunkuliuotos-storosios-zarnos-adenomos-modeliai","16":"first","17":"onbackorder","18":"shipping-taxable","19":"purchasable","20":"product-type-simple"},"_links":{"self":[{"href":"https:\/\/labostera.lt\/lv\/wp-json\/wp\/v2\/product\/19888","targetHints":{"allow":["GET"]}}],"collection":[{"href":"https:\/\/labostera.lt\/lv\/wp-json\/wp\/v2\/product"}],"about":[{"href":"https:\/\/labostera.lt\/lv\/wp-json\/wp\/v2\/types\/product"}],"wp:featuredmedia":[{"embeddable":true,"href":"https:\/\/labostera.lt\/lv\/wp-json\/wp\/v2\/media\/19889"}],"wp:attachment":[{"href":"https:\/\/labostera.lt\/lv\/wp-json\/wp\/v2\/media?parent=19888"}],"wp:term":[{"taxonomy":"product_cat","embeddable":true,"href":"https:\/\/labostera.lt\/lv\/wp-json\/wp\/v2\/product_cat?post=19888"},{"taxonomy":"product_tag","embeddable":true,"href":"https:\/\/labostera.lt\/lv\/wp-json\/wp\/v2\/product_tag?post=19888"}],"curies":[{"name":"wp","href":"https:\/\/api.w.org\/{rel}","templated":true}]}}